{"id":5068,"date":"2020-11-02T13:10:28","date_gmt":"2020-11-02T21:10:28","guid":{"rendered":"https:\/\/nightriderleds.com\/?post_type=product&#038;p=5068"},"modified":"2026-03-26T14:55:07","modified_gmt":"2026-03-26T21:55:07","slug":"jet-black-high-power-30-double-row","status":"publish","type":"product","link":"https:\/\/nightriderleds.com\/fr\/products\/automotive-equipment\/lightbars\/x-series\/2-row-extreme\/2-row-x-straight\/jet-black-high-power-30-double-row\/","title":{"rendered":"Barre lumineuse \u00e0 double rang\u00e9e Jet Black de 30\", haute puissance"},"content":{"rendered":"<div id=\"wpsecol-24da1613-a7cb-d102-6425-df380fc39518\" class=\"csRow\">\n<div class=\"csColumnGap\" style=\"margin: 0; padding: 0; float: left; width: 0%;\"><img decoding=\"async\" src=\"https:\/\/nightriderleds.com\/wp-content\/plugins\/wp-smart-editor\/plugins\/columns\/img\/1x1-pixel.png\" \/><\/div>\n<div class=\"csColumn\" style=\"margin: 0; padding: 0; float: left; width: 46.46017699115044%;\" data-posx0=\"0\" data-posx1=\"46.570796460176986\" data-padding=\"5\" data-responsive=\"1\">\n<div style=\"padding: 5px;\">\n<div class=\"preview_text csColumn_text\">\n<h3>Haute puissance - conception sans rebord<\/h3>\n<h4>Syst\u00e8me de contr\u00f4le de la temp\u00e9rature interne (SCT) pour un rendement maximal<\/h4>\n<p>Cette barre a \u00e9t\u00e9 con\u00e7ue \u00e0 l'aide des derni\u00e8res avanc\u00e9es technologiques, telles que ses lentilles sans rebord et ses r\u00e9flecteurs \u00e0 capuchon noir. Outre le look moderne et \u00e9pur\u00e9 qu'elle conf\u00e8re \u00e0 cette barre, le contr\u00f4le du faisceau est am\u00e9lior\u00e9, et le syst\u00e8me SCT int\u00e9gr\u00e9 permet d'obtenir une puissance de sortie \u00e9lev\u00e9e sans risque de surchauffe. Par rapport \u00e0 notre barre de la s\u00e9rie Rider d'origine, la luminosit\u00e9 (en lux) de cette barre \u00e0 10 m est sup\u00e9rieure de 890 % !<\/p>\n<p>Brille encore plus fort !<\/p>\n<\/div>\n<\/div>\n<p class=\"p1\">Les barres lumineuses de la s\u00e9rie Jet Black extr\u00eame sont livr\u00e9es avec un kit de c\u00e2blage complet, un double syst\u00e8me de fixation (supports lat\u00e9raux et coulissants en arri\u00e8re) et quincaillerie n\u00e9cessaire. Un couvre-lentille noir, permettant d'\u00e9viter les amendes lors de la conduite sur autoroute, est \u00e9galement inclus.<\/p>\n<div style=\"padding: 5px;\"><\/div>\n<\/div>\n<div class=\"csColumnGap\" style=\"margin: 0; padding: 0; float: left; width: 0.33185840707964603%;\"><img decoding=\"async\" src=\"https:\/\/nightriderleds.com\/wp-content\/plugins\/wp-smart-editor\/plugins\/columns\/img\/1x1-pixel.png\" \/><\/div>\n<div class=\"csColumn\" style=\"margin: 0; padding: 0; float: left; width: 52.76548672566371%;\" data-posx0=\"46.902654867256636\" data-posx1=\"99.77876106194691\" data-padding=\"5\" data-responsive=\"1\">\n<div style=\"padding: 5px;\">\n<div class=\"preview_text csColumn_text\">\n<p>\u00a0<a href=\"https:\/\/nightriderleds.com\/wp-content\/uploads\/2017\/11\/NightRider-Jeep-Klo-Creek-Bridge.jpg\" target=\"_blank\" rel=\"noopener noreferrer\"><img fetchpriority=\"high\" decoding=\"async\" class=\"aligncenter wp-image-460\" src=\"https:\/\/nightriderleds.com\/wp-content\/uploads\/2017\/11\/NightRider-Jeep-Klo-Creek-Bridge-510x340.jpg\" width=\"380\" height=\"253\" srcset=\"https:\/\/nightriderleds.com\/wp-content\/uploads\/2017\/11\/NightRider-Jeep-Klo-Creek-Bridge-510x340.jpg 510w, https:\/\/nightriderleds.com\/wp-content\/uploads\/2017\/11\/NightRider-Jeep-Klo-Creek-Bridge-544x363.jpg 544w, https:\/\/nightriderleds.com\/wp-content\/uploads\/2017\/11\/NightRider-Jeep-Klo-Creek-Bridge-1088x725.jpg 1088w, https:\/\/nightriderleds.com\/wp-content\/uploads\/2017\/11\/NightRider-Jeep-Klo-Creek-Bridge-192x128.jpg 192w, https:\/\/nightriderleds.com\/wp-content\/uploads\/2017\/11\/NightRider-Jeep-Klo-Creek-Bridge-768x512.jpg 768w, https:\/\/nightriderleds.com\/wp-content\/uploads\/2017\/11\/NightRider-Jeep-Klo-Creek-Bridge-1020x680.jpg 1020w, https:\/\/nightriderleds.com\/wp-content\/uploads\/2017\/11\/NightRider-Jeep-Klo-Creek-Bridge-680x453.jpg 680w, https:\/\/nightriderleds.com\/wp-content\/uploads\/2017\/11\/NightRider-Jeep-Klo-Creek-Bridge-255x170.jpg 255w, https:\/\/nightriderleds.com\/wp-content\/uploads\/2017\/11\/NightRider-Jeep-Klo-Creek-Bridge.jpg 1616w\" sizes=\"(max-width: 380px) 100vw, 380px\" \/><\/a><\/p>\n<\/div>\n<\/div>\n<\/div>\n<div class=\"csColumnGap\" style=\"margin: 0; padding: 0; float: left; width: 0.44247787610621003%;\"><img decoding=\"async\" src=\"https:\/\/nightriderleds.com\/wp-content\/plugins\/wp-smart-editor\/plugins\/columns\/img\/1x1-pixel.png\" \/><\/div>\n<div style=\"clear: both; float: none; display: block; visibility: hidden; width: 0; font-size: 0; line-height: 0;\"><\/div>\n<\/div>\n<div id=\"style-wpsecol-24da1613-a7cb-d102-6425-df380fc39518\">\n<style><!-- @media (max-width: 768px) { #wpsecol-24da1613-a7cb-d102-6425-df380fc39518 .csColumn { display: block; width: 100% !important; } #wpsecol-24da1613-a7cb-d102-6425-df380fc39518 .csColumnGap { display: none; } } --><\/style>\n<\/div>","protected":false},"excerpt":{"rendered":"<h4>Puissance lumineuse \u00e9lev\u00e9e !<\/h4>\n<p>Lentille sans rebord. R\u00e9flecteurs \u00e0 capuchon noir. Construit avec les derni\u00e8res technologies et \u00e9quip\u00e9 d'un syst\u00e8me de contr\u00f4le de la temp\u00e9rature interne pour une puissance maximale.<\/p>\n<p><strong>300W \/ 25 200lm bruts - 16 500lm r\u00e9els<\/strong><\/p>","protected":false},"featured_media":5069,"template":"","meta":[],"product_brand":[],"product_cat":[15,119,117,1397,115,1311,260],"product_tag":[160,388,169,1312,161,22,171,168,1323,1313],"class_list":{"0":"post-5068","1":"product","2":"type-product","3":"status-publish","4":"has-post-thumbnail","6":"product_cat-automotive-equipment","7":"product_cat-2-row-x-straight","8":"product_cat-2-row-extreme","9":"product_cat-jet-black-extreme","10":"product_cat-x-series","11":"product_cat-jet-black","12":"product_cat-lightbars","13":"product_tag-automotive","14":"product_tag-double-row","15":"product_tag-extreme","16":"product_tag-jet-black","17":"product_tag-leds","18":"product_tag-light-bar","19":"product_tag-nightrider","20":"product_tag-osram","21":"product_tag-tcs","22":"product_tag-temperature-control-system","23":"pa_x-custom-807","25":"first","26":"instock","27":"shipping-taxable","28":"product-type-simple"},"_links":{"self":[{"href":"https:\/\/nightriderleds.com\/fr\/wp-json\/wp\/v2\/product\/5068","targetHints":{"allow":["GET"]}}],"collection":[{"href":"https:\/\/nightriderleds.com\/fr\/wp-json\/wp\/v2\/product"}],"about":[{"href":"https:\/\/nightriderleds.com\/fr\/wp-json\/wp\/v2\/types\/product"}],"wp:featuredmedia":[{"embeddable":true,"href":"https:\/\/nightriderleds.com\/fr\/wp-json\/wp\/v2\/media\/5069"}],"wp:attachment":[{"href":"https:\/\/nightriderleds.com\/fr\/wp-json\/wp\/v2\/media?parent=5068"}],"wp:term":[{"taxonomy":"product_brand","embeddable":true,"href":"https:\/\/nightriderleds.com\/fr\/wp-json\/wp\/v2\/product_brand?post=5068"},{"taxonomy":"product_cat","embeddable":true,"href":"https:\/\/nightriderleds.com\/fr\/wp-json\/wp\/v2\/product_cat?post=5068"},{"taxonomy":"product_tag","embeddable":true,"href":"https:\/\/nightriderleds.com\/fr\/wp-json\/wp\/v2\/product_tag?post=5068"}],"curies":[{"name":"wp","href":"https:\/\/api.w.org\/{rel}","templated":true}]}}