{"id":4951,"date":"2020-10-21T11:27:09","date_gmt":"2020-10-21T18:27:09","guid":{"rendered":"https:\/\/nightriderleds.com\/?post_type=product&#038;p=4951"},"modified":"2026-04-07T12:12:16","modified_gmt":"2026-04-07T19:12:16","slug":"6-jet-black-inset-flush-mount-light-bar-30w-spot","status":"publish","type":"product","link":"https:\/\/nightriderleds.com\/fr\/products\/automotive-equipment\/compact\/compact-bars-compact\/6-jet-black-inset-flush-mount-light-bar-30w-spot\/","title":{"rendered":"Barre lumineuse Jet Black encastr\u00e9e de 6\" - 30W, projection \u00e0 10\u00ba"},"content":{"rendered":"<div id=\"wpsecol-7bfb37af-4d27-a8d4-c915-fcdcef66639f\" class=\"csRow\">\n<div class=\"csColumnGap\" style=\"margin: 0; padding: 0; float: left; width: 0%;\"><img decoding=\"async\" src=\"https:\/\/nightriderleds.com\/wp-content\/plugins\/wp-smart-editor\/plugins\/columns\/img\/1x1-pixel.png\" \/><\/div>\n<div class=\"csColumn\" style=\"margin: 0; padding: 0; float: left; width: 46.349557522123895%;\" data-posx0=\"0\" data-posx1=\"46.46017699115044\" data-padding=\"5\" data-responsive=\"1\">\n<div style=\"padding: 5px;\">\n<div class=\"preview_text csColumn_text\">\n<h3>Lampes compactes Jet Black<\/h3>\n<h4>Petit, puissant et tr\u00e8s polyvalent<\/h4>\n<p>La technologie la plus r\u00e9cente et le design sans rebord permettent d'obtenir une lumi\u00e8re \u00e9l\u00e9gante et puissante. Cette barre est \u00e9quip\u00e9e d'un syst\u00e8me interne de contr\u00f4le de la temp\u00e9rature (SCT) pour un rendement lumineux maximal.<\/p>\n<p>Le montage encastr\u00e9 et les r\u00e9flecteurs \u00e0 capuchon noir donnent un aspect tr\u00e8s \u00e9l\u00e9gant \u00e0 l'ensemble.<\/p>\n<p>Installation facile avec un connecteur Deutsch \u00e9tanche.<\/p>\n<p>&nbsp;<\/p>\n<p>&nbsp;<\/p>\n<p>&nbsp;<\/p>\n<\/div>\n<\/div>\n<\/div>\n<div class=\"csColumnGap\" style=\"margin: 0; padding: 0; float: left; width: 0.33185840707964603%;\"><img decoding=\"async\" src=\"https:\/\/nightriderleds.com\/wp-content\/plugins\/wp-smart-editor\/plugins\/columns\/img\/1x1-pixel.png\" \/><\/div>\n<div class=\"csColumn\" style=\"margin: 0; padding: 0; float: left; width: 52.98672566371682%;\" data-posx0=\"46.792035398230084\" data-posx1=\"99.88938053097345\" data-padding=\"5\" data-responsive=\"1\">\n<div style=\"padding: 5px;\">\n<div class=\"preview_text csColumn_text\">\n<p><img fetchpriority=\"high\" decoding=\"async\" class=\"alignnone wp-image-4959 size-medium\" src=\"https:\/\/nightriderleds.com\/wp-content\/uploads\/2020\/10\/JET-BLACK-COMPACT-Truck-IMG-544x340.jpg\" alt=\"\" width=\"544\" height=\"340\" \/><\/p>\n<\/div>\n<\/div>\n<\/div>\n<div class=\"csColumnGap\" style=\"margin: 0; padding: 0; float: left; width: 0.3318584070796362%;\"><img decoding=\"async\" src=\"https:\/\/nightriderleds.com\/wp-content\/plugins\/wp-smart-editor\/plugins\/columns\/img\/1x1-pixel.png\" \/><\/div>\n<div style=\"clear: both; float: none; display: block; visibility: hidden; width: 0; font-size: 0; line-height: 0;\"><\/div>\n<\/div>\n<h3><\/h3>\n<div id=\"style-wpsecol-7bfb37af-4d27-a8d4-c915-fcdcef66639f\">\n<style><!-- @media (max-width: 768px) { #wpsecol-7bfb37af-4d27-a8d4-c915-fcdcef66639f .csColumn { display: block; width: 100% !important; } #wpsecol-7bfb37af-4d27-a8d4-c915-fcdcef66639f .csColumnGap { display: none; } } --><\/style>\n<\/div>","protected":false},"excerpt":{"rendered":"<p>Le design de derni\u00e8re technologie avec des r\u00e9flecteurs \u00e0 capuchon noir et un syst\u00e8me de contr\u00f4le de la temp\u00e9rature interne cr\u00e9e une lumi\u00e8re de haute puissance qui fera tourner les t\u00eates.<\/p>\n<p>Montage encastr\u00e9 pour un aspect plus \u00e9l\u00e9gant.<\/p>\n<p>30W \/2,880 Lumens<\/p>\n<p><a href=\"https:\/\/nightriderleds.com\/wp-content\/uploads\/2024\/11\/Wiring-Instructions-for-Compact-Lights-V2.pdf\" target=\"_blank\" rel=\"noopener\">Options de c\u00e2blage<\/a><\/p>\n<p><a href=\"https:\/\/nightriderleds.com\/wp-content\/uploads\/2026\/03\/Wiring-Instructions-for-Compact-Lights-V2-FRENCH.pdf\" target=\"_blank\" rel=\"noopener\">Options de c\u00e2blage<\/a><\/p>\n<p>&nbsp;<\/p>","protected":false},"featured_media":4952,"template":"","meta":[],"product_brand":[],"product_cat":[15,792,124,1398,1311],"product_tag":[160,339,1312,161,350,1323,1313],"class_list":{"0":"post-4951","1":"product","2":"type-product","3":"status-publish","4":"has-post-thumbnail","6":"product_cat-automotive-equipment","7":"product_cat-compact-bars-compact","8":"product_cat-compact","9":"product_cat-jet-black-compact","10":"product_cat-jet-black","11":"product_tag-automotive","12":"product_tag-compact","13":"product_tag-jet-black","14":"product_tag-leds","15":"product_tag-spot","16":"product_tag-tcs","17":"product_tag-temperature-control-system","19":"first","20":"instock","21":"shipping-taxable","22":"product-type-simple"},"_links":{"self":[{"href":"https:\/\/nightriderleds.com\/fr\/wp-json\/wp\/v2\/product\/4951","targetHints":{"allow":["GET"]}}],"collection":[{"href":"https:\/\/nightriderleds.com\/fr\/wp-json\/wp\/v2\/product"}],"about":[{"href":"https:\/\/nightriderleds.com\/fr\/wp-json\/wp\/v2\/types\/product"}],"wp:featuredmedia":[{"embeddable":true,"href":"https:\/\/nightriderleds.com\/fr\/wp-json\/wp\/v2\/media\/4952"}],"wp:attachment":[{"href":"https:\/\/nightriderleds.com\/fr\/wp-json\/wp\/v2\/media?parent=4951"}],"wp:term":[{"taxonomy":"product_brand","embeddable":true,"href":"https:\/\/nightriderleds.com\/fr\/wp-json\/wp\/v2\/product_brand?post=4951"},{"taxonomy":"product_cat","embeddable":true,"href":"https:\/\/nightriderleds.com\/fr\/wp-json\/wp\/v2\/product_cat?post=4951"},{"taxonomy":"product_tag","embeddable":true,"href":"https:\/\/nightriderleds.com\/fr\/wp-json\/wp\/v2\/product_tag?post=4951"}],"curies":[{"name":"wp","href":"https:\/\/api.w.org\/{rel}","templated":true}]}}