{"id":4911,"date":"2020-10-20T11:10:39","date_gmt":"2020-10-20T18:10:39","guid":{"rendered":"https:\/\/nightriderleds.com\/?post_type=product&#038;p=4911"},"modified":"2026-04-07T13:10:45","modified_gmt":"2026-04-07T20:10:45","slug":"3-jet-black-cube-light-40w-flood","status":"publish","type":"product","link":"https:\/\/nightriderleds.com\/fr\/products\/automotive-equipment\/jet-black\/jet-black-compact\/3-jet-black-cube-light-40w-flood\/","title":{"rendered":"Lampe JET BLACK cube 3\" - 40W, projection \u00e0 90\u00ba"},"content":{"rendered":"<div id=\"wpsecol-7bfb37af-4d27-a8d4-c915-fcdcef66639f\" class=\"csRow\">\n<div class=\"csColumnGap\" style=\"margin: 0; padding: 0; float: left; width: 0%;\"><img decoding=\"async\" src=\"https:\/\/nightriderleds.com\/wp-content\/plugins\/wp-smart-editor\/plugins\/columns\/img\/1x1-pixel.png\" \/><\/div>\n<div class=\"csColumn\" style=\"margin: 0; padding: 0; float: left; width: 46.349557522123895%;\" data-posx0=\"0\" data-posx1=\"46.46017699115044\" data-padding=\"5\" data-responsive=\"1\">\n<div style=\"padding: 5px;\">\n<div class=\"preview_text csColumn_text\">\n<h3>Lampes compactes Jet Black<\/h3>\n<h4>Petit, puissant et tr\u00e8s polyvalent<\/h4>\n<p>La technologie la plus r\u00e9cente et la conception de la lentille sans rebord cr\u00e9ent un look \u00e9l\u00e9gant avec un rendement puissant ! Cette lampe est \u00e9quip\u00e9e d'un syst\u00e8me interne de contr\u00f4le de la temp\u00e9rature (TCS) pour une puissance maximale.<\/p>\n<p>La solution id\u00e9ale pour l'\u00e9clairage des remorques, les feux de recul des camions et bien d'autres choses encore.<\/p>\n<p>&nbsp;<\/p>\n<p>Les lampes compactes Jet Black sont livr\u00e9es avec une prise Deutsch et quincaillerie de montage compl\u00e8te. Le support de montage permet une installation horizontale ou verticale.<\/p>\n<p>&nbsp;<\/p>\n<p>&nbsp;<\/p>\n<\/div>\n<\/div>\n<\/div>\n<div class=\"csColumnGap\" style=\"margin: 0; padding: 0; float: left; width: 0.33185840707964603%;\"><img decoding=\"async\" src=\"https:\/\/nightriderleds.com\/wp-content\/plugins\/wp-smart-editor\/plugins\/columns\/img\/1x1-pixel.png\" \/><\/div>\n<div class=\"csColumn\" style=\"margin: 0; padding: 0; float: left; width: 52.98672566371682%;\" data-posx0=\"46.792035398230084\" data-posx1=\"99.88938053097345\" data-padding=\"5\" data-responsive=\"1\">\n<div style=\"padding: 5px;\">\n<div class=\"preview_text csColumn_text\">\n<p><img fetchpriority=\"high\" decoding=\"async\" class=\"alignnone wp-image-4959 size-medium\" src=\"https:\/\/nightriderleds.com\/wp-content\/uploads\/2020\/10\/JET-BLACK-COMPACT-Truck-IMG-544x340.jpg\" alt=\"\" width=\"544\" height=\"340\" \/><\/p>\n<\/div>\n<\/div>\n<\/div>\n<div class=\"csColumnGap\" style=\"margin: 0; padding: 0; float: left; width: 0.3318584070796362%;\"><img decoding=\"async\" src=\"https:\/\/nightriderleds.com\/wp-content\/plugins\/wp-smart-editor\/plugins\/columns\/img\/1x1-pixel.png\" \/><\/div>\n<div style=\"clear: both; float: none; display: block; visibility: hidden; width: 0; font-size: 0; line-height: 0;\"><\/div>\n<\/div>\n<h3><\/h3>\n<div id=\"style-wpsecol-7bfb37af-4d27-a8d4-c915-fcdcef66639f\">\n<style><!-- @media (max-width: 768px) { #wpsecol-7bfb37af-4d27-a8d4-c915-fcdcef66639f .csColumn { display: block; width: 100% !important; } #wpsecol-7bfb37af-4d27-a8d4-c915-fcdcef66639f .csColumnGap { display: none; } } --><\/style>\n<\/div>","protected":false},"excerpt":{"rendered":"<p>La lampe cubique la plus puissante \u00e0 ce jour ! La derni\u00e8re technologie et le design sans rebord permettent d'obtenir une lampe \u00e9l\u00e9gante et puissante.<\/p>\n<p>Parfait pour un \u00e9clairage d'appoint sur une vari\u00e9t\u00e9 d'\u00e9quipements, tels que les remorques, les feux de recul, les arceaux de protection et plus encore.<\/p>\n<p>Installation facile avec un connecteur Deutsch \u00e9tanche.<\/p>\n<p><strong>Le support de montage inclus permet une installation horizontale ou verticale.<\/strong><\/p>\n<p>40W \/ 4 800 Lumens<\/p>\n<p><a href=\"https:\/\/nightriderleds.com\/wp-content\/uploads\/2024\/11\/Wiring-Instructions-for-Compact-Lights-V2.pdf\" target=\"_blank\" rel=\"noopener\">Options de c\u00e2blage<\/a><\/p>\n<p><a href=\"https:\/\/nightriderleds.com\/wp-content\/uploads\/2026\/03\/Wiring-Instructions-for-Compact-Lights-V2-FRENCH.pdf\" target=\"_blank\" rel=\"noopener\">Options de c\u00e2blage<\/a><\/p>\n<p>&nbsp;<\/p>","protected":false},"featured_media":4912,"template":"","meta":[],"product_brand":[],"product_cat":[15,124,1398,790,1311],"product_tag":[160,339,349,348,1312,161,1313],"class_list":{"0":"post-4911","1":"product","2":"type-product","3":"status-publish","4":"has-post-thumbnail","6":"product_cat-automotive-equipment","7":"product_cat-compact","8":"product_cat-jet-black-compact","9":"product_cat-cube","10":"product_cat-jet-black","11":"product_tag-automotive","12":"product_tag-compact","13":"product_tag-cube","14":"product_tag-flood","15":"product_tag-jet-black","16":"product_tag-leds","17":"product_tag-temperature-control-system","19":"first","20":"instock","21":"shipping-taxable","22":"product-type-simple"},"_links":{"self":[{"href":"https:\/\/nightriderleds.com\/fr\/wp-json\/wp\/v2\/product\/4911","targetHints":{"allow":["GET"]}}],"collection":[{"href":"https:\/\/nightriderleds.com\/fr\/wp-json\/wp\/v2\/product"}],"about":[{"href":"https:\/\/nightriderleds.com\/fr\/wp-json\/wp\/v2\/types\/product"}],"wp:featuredmedia":[{"embeddable":true,"href":"https:\/\/nightriderleds.com\/fr\/wp-json\/wp\/v2\/media\/4912"}],"wp:attachment":[{"href":"https:\/\/nightriderleds.com\/fr\/wp-json\/wp\/v2\/media?parent=4911"}],"wp:term":[{"taxonomy":"product_brand","embeddable":true,"href":"https:\/\/nightriderleds.com\/fr\/wp-json\/wp\/v2\/product_brand?post=4911"},{"taxonomy":"product_cat","embeddable":true,"href":"https:\/\/nightriderleds.com\/fr\/wp-json\/wp\/v2\/product_cat?post=4911"},{"taxonomy":"product_tag","embeddable":true,"href":"https:\/\/nightriderleds.com\/fr\/wp-json\/wp\/v2\/product_tag?post=4911"}],"curies":[{"name":"wp","href":"https:\/\/api.w.org\/{rel}","templated":true}]}}