{"id":4901,"date":"2018-10-19T15:17:39","date_gmt":"2018-10-19T22:17:39","guid":{"rendered":"https:\/\/nightriderleds.com\/?post_type=product&#038;p=4901"},"modified":"2021-07-15T14:20:27","modified_gmt":"2021-07-15T21:20:27","slug":"multifunctional-work-light","status":"publish","type":"product","link":"https:\/\/nightriderleds.com\/fr\/products\/portable-lighting\/flashlights-headlamps\/multifunctional-work-light\/","title":{"rendered":"Lampe de travail multifonctionnelle"},"content":{"rendered":"<p>Utilisez-la comme lampe de poche, lampe frontale ou lampe de travail. Cette lampe super compacte est \u00e9quip\u00e9e d'une puce LED ZT 3535 haute puissance \u00e0 son extr\u00e9mit\u00e9 et d'une lampe COB sur le c\u00f4t\u00e9, ce qui vous permet de choisir entre \u00e9clairer au loin ou simplement \u00e9clairer la zone autour de vous. Un aimant puissant avec articulation pivotante dans sa base permet une fixation rapide sur les surfaces m\u00e9talliques, ce qui permet un \u00e9clairage mains libres pratique. 5 r\u00e9glages d'\u00e9clairage diff\u00e9rents : spot haut\/ spot bas\/ projecteur COB blanc, projecteur COB rouge, projecteur COB rouge clignotant. Batterie Li-ion rechargeable int\u00e9gr\u00e9e.<\/p>\n<p>Livr\u00e9 avec un bandeau, un cordon d'extension USB et un chargeur de voiture double USB pour plus d'options de chargement.<\/p>\n<p>Dur\u00e9e d'utilisation approximative : 2 -5 heures<\/p>\n<p>Chargez toujours cette lampe sur une surface ignifug\u00e9e et ne la laissez pas sans surveillance pendant qu'elle se recharge.<\/p>","protected":false},"excerpt":{"rendered":"<p>Lampe de poche, lampe frontale ou lampe de travail. Super compacte et polyvalente : \u00e9clairage d'appoint pratique o\u00f9 et quand vous en avez besoin. Rechargeable.<\/p>\n<p>5W \/ 500 Lumens<\/p>\n<p>&nbsp;<\/p>\n<p>&nbsp;<\/p>","protected":false},"featured_media":4910,"template":"","meta":[],"product_brand":[],"product_cat":[1232,1231,1233],"product_tag":[339,348,445,161,1135,1221,1208],"class_list":{"0":"post-4901","1":"product","2":"type-product","3":"status-publish","4":"has-post-thumbnail","6":"product_cat-flashlights-headlamps","7":"product_cat-portable-lighting","8":"product_cat-portable-work-lights","9":"product_tag-compact","10":"product_tag-flood","11":"product_tag-headlamp","12":"product_tag-leds","13":"product_tag-portable","14":"product_tag-rechargeable","15":"product_tag-work-light","17":"first","18":"instock","19":"shipping-taxable","20":"product-type-simple"},"_links":{"self":[{"href":"https:\/\/nightriderleds.com\/fr\/wp-json\/wp\/v2\/product\/4901","targetHints":{"allow":["GET"]}}],"collection":[{"href":"https:\/\/nightriderleds.com\/fr\/wp-json\/wp\/v2\/product"}],"about":[{"href":"https:\/\/nightriderleds.com\/fr\/wp-json\/wp\/v2\/types\/product"}],"wp:featuredmedia":[{"embeddable":true,"href":"https:\/\/nightriderleds.com\/fr\/wp-json\/wp\/v2\/media\/4910"}],"wp:attachment":[{"href":"https:\/\/nightriderleds.com\/fr\/wp-json\/wp\/v2\/media?parent=4901"}],"wp:term":[{"taxonomy":"product_brand","embeddable":true,"href":"https:\/\/nightriderleds.com\/fr\/wp-json\/wp\/v2\/product_brand?post=4901"},{"taxonomy":"product_cat","embeddable":true,"href":"https:\/\/nightriderleds.com\/fr\/wp-json\/wp\/v2\/product_cat?post=4901"},{"taxonomy":"product_tag","embeddable":true,"href":"https:\/\/nightriderleds.com\/fr\/wp-json\/wp\/v2\/product_tag?post=4901"}],"curies":[{"name":"wp","href":"https:\/\/api.w.org\/{rel}","templated":true}]}}