{"id":4895,"date":"2020-10-19T13:36:33","date_gmt":"2020-10-19T20:36:33","guid":{"rendered":"https:\/\/nightriderleds.com\/?post_type=product&#038;p=4895"},"modified":"2024-01-23T13:19:37","modified_gmt":"2024-01-23T21:19:37","slug":"12-class-1-amber-blue-led-beacon-bar","status":"publish","type":"product","link":"https:\/\/nightriderleds.com\/fr\/products\/automotive-equipment\/safety-signal-lights\/beacons-strobes\/12-class-1-amber-blue-led-beacon-bar\/","title":{"rendered":"Barre de balisage \u00e0 LED orange\/bleu de 12\u2033 de classe 1"},"content":{"rendered":"<div id=\"wpsecol-7bfb37af-4d27-a8d4-c915-fcdcef66639f\" class=\"csRow\">\n<div class=\"csColumnGap\" style=\"margin: 0; padding: 0; float: left; width: 0%;\"><img decoding=\"async\" src=\"https:\/\/nightriderleds.com\/wp-content\/plugins\/wp-smart-editor\/plugins\/columns\/img\/1x1-pixel.png\" \/><\/div>\n<div class=\"csColumn\" style=\"margin: 0; padding: 0; float: left; width: 46.349557522123895%;\" data-posx0=\"0\" data-posx1=\"46.46017699115044\" data-padding=\"5\" data-responsive=\"1\">\n<div style=\"padding: 5px;\">\n<div class=\"preview_text csColumn_text\">\n<h3>Balises<\/h3>\n<h4>Augmentez la s\u00e9curit\u00e9 en rendant votre \u00e9quipement plus visible<\/h4>\n<p>Les feux clignotants se sont av\u00e9r\u00e9s plus efficaces que les alarmes de recul pour attirer l'attention sur les v\u00e9hicules et les \u00e9quipements en mouvement.<\/p>\n<p>Cette barre lumineuse certifi\u00e9e SAE J845 de classe 1 est le choix id\u00e9al pour les v\u00e9hicules d'assistance routi\u00e8re (entretien, d\u00e9pannage, etc.), ainsi que pour les engins de chantier ou agricoles. Le gyrophare peut clignoter selon 26 motifs stroboscopiques diff\u00e9rents. Choisissez parmi des motifs ambre, bleu ou alternant ambre\/bleu. L'interrupteur marche\/arr\u00eat ainsi que l'interrupteur de s\u00e9lection de motif sont situ\u00e9s sur la prise accessoire pour un acc\u00e8s facile.<\/p>\n<p>&nbsp;<\/p>\n<p>Le phare est livr\u00e9 avec un kit de c\u00e2blage complet, un support magn\u00e9tique int\u00e9gr\u00e9 et le mat\u00e9riel n\u00e9cessaire pour une installation fixe en option.<\/p>\n<p>&nbsp;<\/p>\n<\/div>\n<\/div>\n<\/div>\n<div class=\"csColumnGap\" style=\"margin: 0; padding: 0; float: left; width: 0.33185840707964603%;\"><img decoding=\"async\" src=\"https:\/\/nightriderleds.com\/wp-content\/plugins\/wp-smart-editor\/plugins\/columns\/img\/1x1-pixel.png\" \/><\/div>\n<div class=\"csColumn\" style=\"margin: 0; padding: 0; float: left; width: 52.98672566371682%;\" data-posx0=\"46.792035398230084\" data-posx1=\"99.88938053097345\" data-padding=\"5\" data-responsive=\"1\">\n<div style=\"padding: 5px;\">\n<div class=\"preview_text csColumn_text\">\n<p><img fetchpriority=\"high\" decoding=\"async\" class=\"alignnone size-medium wp-image-1030\" src=\"https:\/\/nightriderleds.com\/wp-content\/uploads\/2017\/11\/Beacon-Image-1088x680-544x340.jpg\" alt=\"\" width=\"544\" height=\"340\" srcset=\"https:\/\/nightriderleds.com\/wp-content\/uploads\/2017\/11\/Beacon-Image-1088x680-544x340.jpg 544w, https:\/\/nightriderleds.com\/wp-content\/uploads\/2017\/11\/Beacon-Image-1088x680.jpg 1088w, https:\/\/nightriderleds.com\/wp-content\/uploads\/2017\/11\/Beacon-Image-1088x680-195x122.jpg 195w, https:\/\/nightriderleds.com\/wp-content\/uploads\/2017\/11\/Beacon-Image-1088x680-768x480.jpg 768w, https:\/\/nightriderleds.com\/wp-content\/uploads\/2017\/11\/Beacon-Image-1088x680-680x425.jpg 680w, https:\/\/nightriderleds.com\/wp-content\/uploads\/2017\/11\/Beacon-Image-1088x680-272x170.jpg 272w\" sizes=\"(max-width: 544px) 100vw, 544px\" \/><\/p>\n<\/div>\n<\/div>\n<\/div>\n<div class=\"csColumnGap\" style=\"margin: 0; padding: 0; float: left; width: 0.3318584070796362%;\"><img decoding=\"async\" src=\"https:\/\/nightriderleds.com\/wp-content\/plugins\/wp-smart-editor\/plugins\/columns\/img\/1x1-pixel.png\" \/><\/div>\n<div style=\"clear: both; float: none; display: block; visibility: hidden; width: 0; font-size: 0; line-height: 0;\"><\/div>\n<\/div>\n<h3><\/h3>\n<div id=\"style-wpsecol-7bfb37af-4d27-a8d4-c915-fcdcef66639f\">\n<style><!-- @media (max-width: 768px) { #wpsecol-7bfb37af-4d27-a8d4-c915-fcdcef66639f .csColumn { display: block; width: 100% !important; } #wpsecol-7bfb37af-4d27-a8d4-c915-fcdcef66639f .csColumnGap { display: none; } } --><\/style>\n<\/div>","protected":false},"excerpt":{"rendered":"<p><strong>Visibilit\u00e9 accrue = s\u00e9curit\u00e9 accrue.<\/strong><\/p>\n<p>Barre lumineuse LED Class 1 de 12 pouces avec d\u00f4me transparent. Certifi\u00e9e SAE J845 Class 1. Choisissez entre des motifs ambre uniquement, bleu uniquement, ou ambre\/bleu altern\u00e9s. 26 motifs de clignotement au total. Livr\u00e9e avec un support magn\u00e9tique int\u00e9gr\u00e9 ainsi que tout le mat\u00e9riel n\u00e9cessaire pour une fixation fixe optionnelle.<\/p>\n<p>&nbsp;<\/p>\n<p>&nbsp;<\/p>","protected":false},"featured_media":4896,"template":"","meta":[],"product_brand":[],"product_cat":[15,1064],"product_tag":[160,450,1214,161,1213,451],"class_list":{"0":"post-4895","1":"product","2":"type-product","3":"status-publish","4":"has-post-thumbnail","6":"product_cat-automotive-equipment","7":"product_cat-beacons-strobes","8":"product_tag-automotive","9":"product_tag-beacon","10":"product_tag-class-1","11":"product_tag-leds","12":"product_tag-sae-approved","13":"product_tag-strobe","15":"first","16":"instock","17":"shipping-taxable","18":"product-type-simple"},"_links":{"self":[{"href":"https:\/\/nightriderleds.com\/fr\/wp-json\/wp\/v2\/product\/4895","targetHints":{"allow":["GET"]}}],"collection":[{"href":"https:\/\/nightriderleds.com\/fr\/wp-json\/wp\/v2\/product"}],"about":[{"href":"https:\/\/nightriderleds.com\/fr\/wp-json\/wp\/v2\/types\/product"}],"wp:featuredmedia":[{"embeddable":true,"href":"https:\/\/nightriderleds.com\/fr\/wp-json\/wp\/v2\/media\/4896"}],"wp:attachment":[{"href":"https:\/\/nightriderleds.com\/fr\/wp-json\/wp\/v2\/media?parent=4895"}],"wp:term":[{"taxonomy":"product_brand","embeddable":true,"href":"https:\/\/nightriderleds.com\/fr\/wp-json\/wp\/v2\/product_brand?post=4895"},{"taxonomy":"product_cat","embeddable":true,"href":"https:\/\/nightriderleds.com\/fr\/wp-json\/wp\/v2\/product_cat?post=4895"},{"taxonomy":"product_tag","embeddable":true,"href":"https:\/\/nightriderleds.com\/fr\/wp-json\/wp\/v2\/product_tag?post=4895"}],"curies":[{"name":"wp","href":"https:\/\/api.w.org\/{rel}","templated":true}]}}