{"id":479,"date":"2017-11-03T19:14:31","date_gmt":"2017-11-03T19:14:31","guid":{"rendered":"https:\/\/nightriderleds.com\/?post_type=product&#038;p=479"},"modified":"2026-01-08T17:47:08","modified_gmt":"2026-01-09T01:47:08","slug":"50-curved-extreme-single-row-copy","status":"publish","type":"product","link":"https:\/\/nightriderleds.com\/fr\/products\/automotive-equipment\/lightbars\/x-series\/1-row-extreme\/1-row-x-curved\/50-curved-extreme-single-row-copy\/","title":{"rendered":"50\u2033 Curved Extreme Single Row"},"content":{"rendered":"<div id=\"wpsecol-6e1e6f3f-c7b9-1457-6dfb-3616cab239c7\" class=\"csRow\">\n<div class=\"csColumnGap\" style=\"margin: 0; padding: 0; float: left; width: 0%;\"><img decoding=\"async\" src=\"https:\/\/nightriderleds.com\/wp-content\/plugins\/wp-smart-editor\/plugins\/columns\/img\/1x1-pixel.png\" \/><\/div>\n<div class=\"csColumn\" style=\"margin: 0; padding: 0; float: left; width: 58.51769911504425%;\" data-posx0=\"0\" data-posx1=\"58.62831858407079\" data-padding=\"5\" data-responsive=\"1\">\n<div style=\"padding: 5px;\">\n<div class=\"preview_text csColumn_text\">\n<h3>Technologie 3D NightSpot<\/h3>\n<h4>Haute performance, design \u00e9pur\u00e9<\/h4>\n<p>La barre lumineuse incurv\u00e9e extr\u00eame de 50 pouces \u00e0 rang\u00e9e unique avec technologie 3D NightSpot est une pi\u00e8ce d'ing\u00e9nierie impressionnante.<\/p>\n<p>Exceptionnellement mince sans sacrifier le rendement lumineux, vous aimerez son design incurv\u00e9 et \u00e9l\u00e9gant, et vous serez impressionn\u00e9 par son rendement exceptionnel.<\/p>\n<p>NightRider\u2122 performance et fiabilit\u00e9, construit avec des LEDs USA XTE CREE sp\u00e9cialement con\u00e7ues.<\/p>\n<p>Ne restez pas dans l'obscurit\u00e9, allumez votre lampe !<\/p>\n<p>&nbsp;<\/p>\n<p>&nbsp;<\/p>\n<\/div>\n<\/div>\n<\/div>\n<div class=\"csColumnGap\" style=\"margin: 0; padding: 0; float: left; width: 0%;\"><img decoding=\"async\" src=\"https:\/\/nightriderleds.com\/wp-content\/plugins\/wp-smart-editor\/plugins\/columns\/img\/1x1-pixel.png\" \/><\/div>\n<div class=\"csColumn\" style=\"margin: 0; padding: 0; float: left; width: 41.03982300884956%;\" data-posx0=\"58.62831858407079\" data-posx1=\"99.77876106194691\" data-padding=\"5\" data-responsive=\"1\">\n<div style=\"padding: 5px;\">\n<div class=\"preview_text csColumn_text\">\n<p>\u00a0<a href=\"https:\/\/nightriderleds.com\/wp-content\/uploads\/2017\/11\/NightRider-Jeep-Klo-Creek-Bridge.jpg\" target=\"_blank\" rel=\"noopener noreferrer\"><img fetchpriority=\"high\" decoding=\"async\" class=\"aligncenter wp-image-460\" src=\"https:\/\/nightriderleds.com\/wp-content\/uploads\/2017\/11\/NightRider-Jeep-Klo-Creek-Bridge-510x340.jpg\" width=\"380\" height=\"253\" srcset=\"https:\/\/nightriderleds.com\/wp-content\/uploads\/2017\/11\/NightRider-Jeep-Klo-Creek-Bridge-510x340.jpg 510w, https:\/\/nightriderleds.com\/wp-content\/uploads\/2017\/11\/NightRider-Jeep-Klo-Creek-Bridge-544x363.jpg 544w, https:\/\/nightriderleds.com\/wp-content\/uploads\/2017\/11\/NightRider-Jeep-Klo-Creek-Bridge-1088x725.jpg 1088w, https:\/\/nightriderleds.com\/wp-content\/uploads\/2017\/11\/NightRider-Jeep-Klo-Creek-Bridge-192x128.jpg 192w, https:\/\/nightriderleds.com\/wp-content\/uploads\/2017\/11\/NightRider-Jeep-Klo-Creek-Bridge-768x512.jpg 768w, https:\/\/nightriderleds.com\/wp-content\/uploads\/2017\/11\/NightRider-Jeep-Klo-Creek-Bridge-1020x680.jpg 1020w, https:\/\/nightriderleds.com\/wp-content\/uploads\/2017\/11\/NightRider-Jeep-Klo-Creek-Bridge-680x453.jpg 680w, https:\/\/nightriderleds.com\/wp-content\/uploads\/2017\/11\/NightRider-Jeep-Klo-Creek-Bridge-255x170.jpg 255w, https:\/\/nightriderleds.com\/wp-content\/uploads\/2017\/11\/NightRider-Jeep-Klo-Creek-Bridge.jpg 1616w\" sizes=\"(max-width: 380px) 100vw, 380px\" \/><\/a><\/p>\n<\/div>\n<\/div>\n<\/div>\n<div class=\"csColumnGap\" style=\"margin: 0; padding: 0; float: left; width: 0.4424778761061816%;\"><img decoding=\"async\" src=\"https:\/\/nightriderleds.com\/wp-content\/plugins\/wp-smart-editor\/plugins\/columns\/img\/1x1-pixel.png\" \/><\/div>\n<div style=\"clear: both; float: none; display: block; visibility: hidden; width: 0; font-size: 0; line-height: 0;\"><\/div>\n<\/div>\n<div id=\"style-wpsecol-6e1e6f3f-c7b9-1457-6dfb-3616cab239c7\">\n<style><!-- @media (max-width: 768px) { #wpsecol-6e1e6f3f-c7b9-1457-6dfb-3616cab239c7 .csColumn { display: block; width: 100% !important; } #wpsecol-6e1e6f3f-c7b9-1457-6dfb-3616cab239c7 .csColumnGap { display: none; } } --><\/style>\n<\/div>","protected":false},"excerpt":{"rendered":"<h4>Haute performance, design \u00e9pur\u00e9<\/h4>\n<p>La barre lumineuse incurv\u00e9e extr\u00eame de 50 pouces \u00e0 rang\u00e9e unique avec technologie 3D NightSpot est une pi\u00e8ce d'ing\u00e9nierie impressionnante.<\/p>\n<p>240W \/ 21 600 Lumens<\/p>","protected":false},"featured_media":472,"template":"","meta":[],"product_brand":[],"product_cat":[15,115,260,122,118],"product_tag":[212,160,76,186,169,161,22,171],"class_list":{"0":"post-479","1":"product","2":"type-product","3":"status-publish","4":"has-post-thumbnail","6":"product_cat-automotive-equipment","7":"product_cat-x-series","8":"product_cat-lightbars","9":"product_cat-1-row-x-curved","10":"product_cat-1-row-extreme","11":"product_tag-50-inch","12":"product_tag-automotive","13":"product_tag-cree","14":"product_tag-curved","15":"product_tag-extreme","16":"product_tag-leds","17":"product_tag-light-bar","18":"product_tag-nightrider","19":"pa_x-custom-805","21":"first","22":"instock","23":"shipping-taxable","24":"product-type-simple"},"_links":{"self":[{"href":"https:\/\/nightriderleds.com\/fr\/wp-json\/wp\/v2\/product\/479","targetHints":{"allow":["GET"]}}],"collection":[{"href":"https:\/\/nightriderleds.com\/fr\/wp-json\/wp\/v2\/product"}],"about":[{"href":"https:\/\/nightriderleds.com\/fr\/wp-json\/wp\/v2\/types\/product"}],"wp:featuredmedia":[{"embeddable":true,"href":"https:\/\/nightriderleds.com\/fr\/wp-json\/wp\/v2\/media\/472"}],"wp:attachment":[{"href":"https:\/\/nightriderleds.com\/fr\/wp-json\/wp\/v2\/media?parent=479"}],"wp:term":[{"taxonomy":"product_brand","embeddable":true,"href":"https:\/\/nightriderleds.com\/fr\/wp-json\/wp\/v2\/product_brand?post=479"},{"taxonomy":"product_cat","embeddable":true,"href":"https:\/\/nightriderleds.com\/fr\/wp-json\/wp\/v2\/product_cat?post=479"},{"taxonomy":"product_tag","embeddable":true,"href":"https:\/\/nightriderleds.com\/fr\/wp-json\/wp\/v2\/product_tag?post=479"}],"curies":[{"name":"wp","href":"https:\/\/api.w.org\/{rel}","templated":true}]}}