{"id":4551,"date":"2019-12-16T12:44:17","date_gmt":"2019-12-16T20:44:17","guid":{"rendered":"https:\/\/nightriderleds.com\/?post_type=product&#038;p=4551"},"modified":"2026-04-08T09:43:03","modified_gmt":"2026-04-08T16:43:03","slug":"4x-6-sae-dot-sealed-beam-replacement-headlight-high-beam","status":"publish","type":"product","link":"https:\/\/nightriderleds.com\/fr\/products\/automotive-equipment\/street-legal\/sae\/headlights-sae\/4x-6-sae-dot-sealed-beam-replacement-headlight-high-beam\/","title":{"rendered":"4\u2033x 6\u2033 SAE\/DOT Phares de remplacement \u00e0 faisceau scell\u00e9 - Feux de route"},"content":{"rendered":"<div id=\"wpsecol-e896fa68-d752-aae0-f9d8-87942b103014\" class=\"csRow\">\n<div class=\"csColumnGap\" style=\"margin: 0; padding: 0; float: left; width: 0%;\"><img decoding=\"async\" src=\"https:\/\/nightriderleds.com\/wp-content\/plugins\/wp-smart-editor\/plugins\/columns\/img\/1x1-pixel.png\" \/><\/div>\n<div class=\"csColumn\" style=\"margin: 0; padding: 0; float: left; width: 49.22566371681416%;\" data-posx0=\"0\" data-posx1=\"49.336283185840706\" data-padding=\"5\" data-responsive=\"1\">\n<div style=\"padding: 5px;\">\n<div class=\"preview_text csColumn_text\">\n<h3><\/h3>\n<h3>Certifi\u00e9 SAE\/DOT<\/h3>\n<h4>Pour des performances maximales dans la l\u00e9galit\u00e9<\/h4>\n<p>Remplacez vos vieux feux halog\u00e8nes 4\u00d76 HIGH beam par les nouveaux phares de remplacement \u00e0 faisceau scell\u00e9 NightRider\u2122 4\u00d76 SAE\/DOT, conformes aux lois de la rue. Les r\u00e9flecteurs sp\u00e9cialement con\u00e7us fournissent beaucoup de lumi\u00e8re exactement l\u00e0 o\u00f9 c'est n\u00e9cessaire. Construction robuste avec lentille en polycarbonate et bo\u00eetier en aluminium moul\u00e9 solide. <em>Plug &amp; Play<\/em> installer (\u00e9quivalent H4651).<\/p>\n<p>Vendu \u00e0 l'unit\u00e9.<\/p>\n<\/div>\n<\/div>\n<\/div>\n<div class=\"csColumnGap\" style=\"margin: 0; padding: 0; float: left; width: 1.3274336283185841%;\"><img decoding=\"async\" src=\"https:\/\/nightriderleds.com\/wp-content\/plugins\/wp-smart-editor\/plugins\/columns\/img\/1x1-pixel.png\" \/><\/div>\n<div class=\"csColumn\" style=\"margin: 0; padding: 0; float: left; width: 49.22566371681416%;\" data-posx0=\"50.66371681415929\" data-posx1=\"100\" data-padding=\"5\" data-responsive=\"1\">\n<div style=\"padding: 5px;\">\n<div class=\"preview_text csColumn_text\">\n<p>&nbsp;<\/p>\n<p>&nbsp;<\/p>\n<\/div>\n<\/div>\n<\/div>\n<div class=\"csColumnGap\" style=\"margin: 0; padding: 0; float: left; width: 0.2212389380530908%;\"><img decoding=\"async\" src=\"https:\/\/nightriderleds.com\/wp-content\/plugins\/wp-smart-editor\/plugins\/columns\/img\/1x1-pixel.png\" \/><\/div>\n<div style=\"clear: both; float: none; display: block; visibility: hidden; width: 0; font-size: 0; line-height: 0;\"><\/div>\n<\/div>\n<h3><\/h3>\n<div id=\"style-wpsecol-e896fa68-d752-aae0-f9d8-87942b103014\">\n<style><!-- @media (max-width: 768px) { #wpsecol-e896fa68-d752-aae0-f9d8-87942b103014 .csColumn { display: block; width: 100% !important; } #wpsecol-e896fa68-d752-aae0-f9d8-87942b103014 .csColumnGap { display: none; } } --><\/style>\n<\/div>","protected":false},"excerpt":{"rendered":"<p>Le remplacement plus s\u00fbr et plus lumineux de vos anciennes ampoules halog\u00e8nes. Feux de route uniquement.<\/p>\n<p>30W \/2 700 Lumens bruts \u2013 1 788 Lumens efficaces<\/p>\n<p>Vendu \u00e0 l'unit\u00e9<\/p>\n<p><a href=\"https:\/\/nightriderleds.com\/wp-content\/uploads\/2025\/10\/4x6-Wiring-Instructions-inside-Box-in-English-and-French-V5.pdf\" target=\"_blank\" rel=\"noopener\"><strong>T\u00e9l\u00e9charger les instructions de c\u00e2blage (anglais et fran\u00e7ais)<\/strong><\/a><\/p>\n<p>&nbsp;<\/p>\n<div id=\"style-btn-877f2f8f-5011-96c8-1f40-48752a8d0a97\">\n<style class=\"style-btn\"><!-- #btn-877f2f8f-5011-96c8-1f40-48752a8d0a97 {font-size: 14px;color: #ffffff;background: #0e83cd;padding-left: 12px;padding-top: 6px;padding-right: 12px;padding-bottom: 6px;border-radius: 0px;-moz-border-radius: 0px;-webkit-border-radius: 0px;border-color: #357ebd;border-width: 1px;} #btn-877f2f8f-5011-96c8-1f40-48752a8d0a97:hover {background: #1990f9;color: #ffffff;box-shadow: 3px 3px 3px 0px #bababa;-moz-box-shadow: 3px 3px 3px 0px #bababa;-webkit-box-shadow: 3px 3px 3px 0px #bababa;} --><\/style>\n<\/div>","protected":false},"featured_media":4570,"template":"","meta":[],"product_brand":[],"product_cat":[15,1844,25,18],"product_tag":[160,161,100,99,1257,23],"class_list":{"0":"post-4551","1":"product","2":"type-product","3":"status-publish","4":"has-post-thumbnail","6":"product_cat-automotive-equipment","7":"product_cat-headlights-sae","8":"product_cat-sae","9":"product_cat-street-legal","10":"product_tag-automotive","11":"product_tag-leds","12":"product_tag-nightdriver","13":"product_tag-sae","14":"product_tag-sealed-beam-replacement","15":"product_tag-street-legal","17":"first","18":"instock","19":"shipping-taxable","20":"product-type-simple"},"_links":{"self":[{"href":"https:\/\/nightriderleds.com\/fr\/wp-json\/wp\/v2\/product\/4551","targetHints":{"allow":["GET"]}}],"collection":[{"href":"https:\/\/nightriderleds.com\/fr\/wp-json\/wp\/v2\/product"}],"about":[{"href":"https:\/\/nightriderleds.com\/fr\/wp-json\/wp\/v2\/types\/product"}],"wp:featuredmedia":[{"embeddable":true,"href":"https:\/\/nightriderleds.com\/fr\/wp-json\/wp\/v2\/media\/4570"}],"wp:attachment":[{"href":"https:\/\/nightriderleds.com\/fr\/wp-json\/wp\/v2\/media?parent=4551"}],"wp:term":[{"taxonomy":"product_brand","embeddable":true,"href":"https:\/\/nightriderleds.com\/fr\/wp-json\/wp\/v2\/product_brand?post=4551"},{"taxonomy":"product_cat","embeddable":true,"href":"https:\/\/nightriderleds.com\/fr\/wp-json\/wp\/v2\/product_cat?post=4551"},{"taxonomy":"product_tag","embeddable":true,"href":"https:\/\/nightriderleds.com\/fr\/wp-json\/wp\/v2\/product_tag?post=4551"}],"curies":[{"name":"wp","href":"https:\/\/api.w.org\/{rel}","templated":true}]}}