{"id":4532,"date":"2019-12-06T10:51:11","date_gmt":"2019-12-06T18:51:11","guid":{"rendered":"https:\/\/nightriderleds.com\/?post_type=product&#038;p=4532"},"modified":"2023-03-08T16:11:05","modified_gmt":"2023-03-09T00:11:05","slug":"120w-smart-solar-led-light","status":"publish","type":"product","link":"https:\/\/nightriderleds.com\/fr\/products\/commercial\/solar\/120w-smart-solar-led-light\/","title":{"rendered":"120W Smart Solar LED Light"},"content":{"rendered":"<div id=\"wpsecol-7bfb37af-4d27-a8d4-c915-fcdcef66639f\" class=\"csRow\">\n<div class=\"csColumnGap\" style=\"margin: 0; padding: 0; float: left; width: 0%;\"><\/div>\n<div class=\"csColumn\" style=\"margin: 0; padding: 0; float: left; width: 46.349557522123895%;\" data-posx0=\"0\" data-posx1=\"46.46017699115044\" data-padding=\"5\" data-responsive=\"1\">\n<div style=\"padding: 5px;\">\n<div class=\"preview_text csColumn_text\">\n<h3>120W Smart Solar LED Light<\/h3>\n<h4>Vous pouvez d\u00e9sormais \u00e9clairer des zones que vous n'auriez jamais cru pouvoir \u00e9clairer auparavant.<\/h4>\n<p>Des panneaux solaires \u00e0 haut rendement sont charg\u00e9s pendant la journ\u00e9e et alimentent ensuite des LED \u00e0 haut rendement une fois la nuit tomb\u00e9e. Aucun c\u00e2blage n'est n\u00e9cessaire ! La lampe est \u00e9quip\u00e9e d'une cellule photo\u00e9lectrique cr\u00e9pusculaire et d'un d\u00e9tecteur de mouvement.<\/p>\n<p>Le capteur photo\u00e9lectrique active la lumi\u00e8re solaire du cr\u00e9puscule \u00e0 l'aube avec une capacit\u00e9 de 30%. Lorsque le capteur de mouvement d\u00e9tecte une activit\u00e9, la puissance de la lumi\u00e8re passe \u00e0 100%.<\/p>\n<p>Veuillez noter que cette lampe a besoin d'une exposition directe \u00e0 la lumi\u00e8re du soleil pour fonctionner. Veillez \u00e0 l'installer dans un endroit bien expos\u00e9 au soleil, loin des objets qui font de l'ombre. Veillez \u00e0 ce que le panneau solaire soit exempt de salet\u00e9s et de d\u00e9bris afin d'obtenir des performances optimales.<\/p>\n<p>Cette lampe n\u00e9cessite une fixation sur tuyau (tuyau non inclus). Nous recommandons d'utiliser le bras de montage NRC-MA1.<\/p>\n<p>&nbsp;<\/p>\n<\/div>\n<\/div>\n<\/div>\n<div class=\"csColumnGap\" style=\"margin: 0; padding: 0; float: left; width: 0.33185840707964603%;\"><\/div>\n<div class=\"csColumn\" style=\"margin: 0; padding: 0; float: left; width: 52.98672566371682%;\" data-posx0=\"46.792035398230084\" data-posx1=\"99.88938053097345\" data-padding=\"5\" data-responsive=\"1\">\n<div style=\"padding: 5px;\">\n<div class=\"preview_text csColumn_text\">\n<p><img fetchpriority=\"high\" decoding=\"async\" class=\"wp-image-5755 size-medium alignnone\" src=\"https:\/\/nightriderleds.com\/wp-content\/uploads\/2021\/05\/Solar-Light-on-Remote-Cabin-by-Lake-Cropped-495x340.jpg\" alt=\"\" width=\"495\" height=\"340\" srcset=\"https:\/\/nightriderleds.com\/wp-content\/uploads\/2021\/05\/Solar-Light-on-Remote-Cabin-by-Lake-Cropped-495x340.jpg 495w, https:\/\/nightriderleds.com\/wp-content\/uploads\/2021\/05\/Solar-Light-on-Remote-Cabin-by-Lake-Cropped-544x374.jpg 544w, https:\/\/nightriderleds.com\/wp-content\/uploads\/2021\/05\/Solar-Light-on-Remote-Cabin-by-Lake-Cropped-186x128.jpg 186w, https:\/\/nightriderleds.com\/wp-content\/uploads\/2021\/05\/Solar-Light-on-Remote-Cabin-by-Lake-Cropped.jpg 745w\" sizes=\"(max-width: 495px) 100vw, 495px\" \/><\/p>\n<p>&nbsp;<\/p>\n<\/div>\n<\/div>\n<\/div>\n<div class=\"csColumnGap\" style=\"margin: 0; padding: 0; float: left; width: 0.3318584070796362%;\"><img decoding=\"async\" src=\"https:\/\/nightriderleds.com\/wp-content\/plugins\/wp-smart-editor\/plugins\/columns\/img\/1x1-pixel.png\" \/><\/div>\n<div style=\"clear: both; float: none; display: block; visibility: hidden; width: 0; font-size: 0; line-height: 0;\"><\/div>\n<\/div>\n<h3><\/h3>","protected":false},"excerpt":{"rendered":"<p>Aucun c\u00e2blage n'est n\u00e9cessaire ! Utilisation dans des endroits \u00e9loign\u00e9s. Les panneaux solaires \u00e0 haut rendement se chargent pendant la journ\u00e9e et alimentent ensuite des LED \u00e0 haut rendement lorsque la nuit tombe.<\/p>\n<p>\u00c9quip\u00e9 d'un capteur photo\u00e9lectrique et d'un d\u00e9tecteur de mouvement. Il \u00e9met une lumi\u00e8re de 30% du cr\u00e9puscule \u00e0 l'aube et passe \u00e0 100% lorsqu'un mouvement est d\u00e9tect\u00e9.<\/p>\n<p><a href=\"https:\/\/nightriderleds.com\/wp-content\/uploads\/2019\/12\/120W-Solar-light-Manual.pdf\" target=\"_blank\" rel=\"noopener noreferrer\">T\u00e9l\u00e9charger le manuel pour 120W Smart Solar LED Light<\/a><\/p>\n<p>&nbsp;<\/p>\n<p>&nbsp;<\/p>","protected":false},"featured_media":5528,"template":"","meta":[],"product_brand":[],"product_cat":[134,985],"product_tag":[161,172,987,986],"class_list":{"0":"post-4532","1":"product","2":"type-product","3":"status-publish","4":"has-post-thumbnail","6":"product_cat-commercial","7":"product_cat-solar","8":"product_tag-leds","9":"product_tag-commercial","10":"product_tag-solar","11":"product_tag-solar-power","13":"first","14":"instock","15":"shipping-taxable","16":"product-type-simple"},"_links":{"self":[{"href":"https:\/\/nightriderleds.com\/fr\/wp-json\/wp\/v2\/product\/4532","targetHints":{"allow":["GET"]}}],"collection":[{"href":"https:\/\/nightriderleds.com\/fr\/wp-json\/wp\/v2\/product"}],"about":[{"href":"https:\/\/nightriderleds.com\/fr\/wp-json\/wp\/v2\/types\/product"}],"wp:featuredmedia":[{"embeddable":true,"href":"https:\/\/nightriderleds.com\/fr\/wp-json\/wp\/v2\/media\/5528"}],"wp:attachment":[{"href":"https:\/\/nightriderleds.com\/fr\/wp-json\/wp\/v2\/media?parent=4532"}],"wp:term":[{"taxonomy":"product_brand","embeddable":true,"href":"https:\/\/nightriderleds.com\/fr\/wp-json\/wp\/v2\/product_brand?post=4532"},{"taxonomy":"product_cat","embeddable":true,"href":"https:\/\/nightriderleds.com\/fr\/wp-json\/wp\/v2\/product_cat?post=4532"},{"taxonomy":"product_tag","embeddable":true,"href":"https:\/\/nightriderleds.com\/fr\/wp-json\/wp\/v2\/product_tag?post=4532"}],"curies":[{"name":"wp","href":"https:\/\/api.w.org\/{rel}","templated":true}]}}