{"id":4231,"date":"2019-09-20T12:29:50","date_gmt":"2019-09-20T19:29:50","guid":{"rendered":"https:\/\/nightriderleds.com\/?post_type=product&#038;p=4231"},"modified":"2026-04-07T13:13:15","modified_gmt":"2026-04-07T20:13:15","slug":"3-high-powered-cube-spot-beam","status":"publish","type":"product","link":"https:\/\/nightriderleds.com\/fr\/products\/automotive-equipment\/compact\/cube\/3-high-powered-cube-spot-beam\/","title":{"rendered":"3\u2033 High Powered Cube - Spot Beam"},"content":{"rendered":"<div id=\"wpsecol-7bfb37af-4d27-a8d4-c915-fcdcef66639f\" class=\"csRow\">\n<div class=\"csColumnGap\" style=\"margin: 0; padding: 0; float: left; width: 0%;\"><img decoding=\"async\" src=\"https:\/\/nightriderleds.com\/wp-content\/plugins\/wp-smart-editor\/plugins\/columns\/img\/1x1-pixel.png\" \/><\/div>\n<div class=\"csColumn\" style=\"margin: 0; padding: 0; float: left; width: 46.349557522123895%;\" data-posx0=\"0\" data-posx1=\"46.46017699115044\" data-padding=\"5\" data-responsive=\"1\">\n<div style=\"padding: 5px;\">\n<div class=\"preview_text csColumn_text\">\n<h3>Lampes compactes<\/h3>\n<h4>Petit mais puissant et tr\u00e8s polyvalent<\/h4>\n<p>Parfaitement adapt\u00e9 \u00e0 l'\u00e9clairage auxiliaire hors route des \u00e9quipements agricoles, forestiers, p\u00e9troliers, miniers et autres. A utiliser comme \u00e9clairage d'appoint sur les motos, les motoneiges, les VTT et plus encore.<\/p>\n<p>Les lampes compactes sont livr\u00e9es avec une fiche Deutsch int\u00e9gr\u00e9e et le mat\u00e9riel de montage. Le support de montage permet une installation horizontale ou verticale.<\/p>\n<p>\u00c9galement inclus : 4 paires d'inserts de couleurs diff\u00e9rentes : rouge, bleu, jaune et noir.<\/p>\n<p>&nbsp;<\/p>\n<p>&nbsp;<\/p>\n<\/div>\n<\/div>\n<\/div>\n<div class=\"csColumnGap\" style=\"margin: 0; padding: 0; float: left; width: 0.33185840707964603%;\"><img decoding=\"async\" src=\"https:\/\/nightriderleds.com\/wp-content\/plugins\/wp-smart-editor\/plugins\/columns\/img\/1x1-pixel.png\" \/><\/div>\n<div class=\"csColumn\" style=\"margin: 0; padding: 0; float: left; width: 52.98672566371682%;\" data-posx0=\"46.792035398230084\" data-posx1=\"99.88938053097345\" data-padding=\"5\" data-responsive=\"1\">\n<div style=\"padding: 5px;\">\n<div class=\"preview_text csColumn_text\">\n<p><img fetchpriority=\"high\" decoding=\"async\" class=\"alignnone size-medium wp-image-721\" src=\"https:\/\/nightriderleds.com\/wp-content\/uploads\/2017\/11\/Compact-Lights-Image-1088x680-544x340.jpg\" alt=\"\" width=\"544\" height=\"340\" data-wp-editing=\"1\" srcset=\"https:\/\/nightriderleds.com\/wp-content\/uploads\/2017\/11\/Compact-Lights-Image-1088x680-544x340.jpg 544w, https:\/\/nightriderleds.com\/wp-content\/uploads\/2017\/11\/Compact-Lights-Image-1088x680.jpg 1088w, https:\/\/nightriderleds.com\/wp-content\/uploads\/2017\/11\/Compact-Lights-Image-1088x680-195x122.jpg 195w, https:\/\/nightriderleds.com\/wp-content\/uploads\/2017\/11\/Compact-Lights-Image-1088x680-768x480.jpg 768w, https:\/\/nightriderleds.com\/wp-content\/uploads\/2017\/11\/Compact-Lights-Image-1088x680-680x425.jpg 680w, https:\/\/nightriderleds.com\/wp-content\/uploads\/2017\/11\/Compact-Lights-Image-1088x680-272x170.jpg 272w\" sizes=\"(max-width: 544px) 100vw, 544px\" \/><\/p>\n<\/div>\n<\/div>\n<\/div>\n<div class=\"csColumnGap\" style=\"margin: 0; padding: 0; float: left; width: 0.3318584070796362%;\"><img decoding=\"async\" src=\"https:\/\/nightriderleds.com\/wp-content\/plugins\/wp-smart-editor\/plugins\/columns\/img\/1x1-pixel.png\" \/><\/div>\n<div style=\"clear: both; float: none; display: block; visibility: hidden; width: 0; font-size: 0; line-height: 0;\"><\/div>\n<\/div>\n<h3><\/h3>\n<div id=\"style-wpsecol-7bfb37af-4d27-a8d4-c915-fcdcef66639f\">\n<style><!-- @media (max-width: 768px) { #wpsecol-7bfb37af-4d27-a8d4-c915-fcdcef66639f .csColumn { display: block; width: 100% !important; } #wpsecol-7bfb37af-4d27-a8d4-c915-fcdcef66639f .csColumnGap { display: none; } } --><\/style>\n<\/div>","protected":false},"excerpt":{"rendered":"<p>Les lampes compactes sont parfaites pour l'\u00e9clairage d'appoint de divers \u00e9quipements.<\/p>\n<p><strong>Le support de montage inclus permet une installation horizontale ou verticale.<\/strong><\/p>\n<p>30W \/ 3 600 Lumens<\/p>\n<p><a href=\"https:\/\/nightriderleds.com\/wp-content\/uploads\/2024\/11\/Wiring-Instructions-for-Compact-Lights-V2.pdf\" target=\"_blank\" rel=\"noopener\">Options de c\u00e2blage<\/a><\/p>\n<p><a href=\"https:\/\/nightriderleds.com\/wp-content\/uploads\/2026\/03\/Wiring-Instructions-for-Compact-Lights-V2-FRENCH.pdf\" target=\"_blank\" rel=\"noopener\">Options de c\u00e2blage<\/a><\/p>\n<p>&nbsp;<\/p>\n<p>&nbsp;<\/p>","protected":false},"featured_media":4233,"template":"","meta":[],"product_brand":[],"product_cat":[15,124,790],"product_tag":[160,339,349,161,350],"class_list":{"0":"post-4231","1":"product","2":"type-product","3":"status-publish","4":"has-post-thumbnail","6":"product_cat-automotive-equipment","7":"product_cat-compact","8":"product_cat-cube","9":"product_tag-automotive","10":"product_tag-compact","11":"product_tag-cube","12":"product_tag-leds","13":"product_tag-spot","15":"first","16":"instock","17":"shipping-taxable","18":"product-type-simple"},"_links":{"self":[{"href":"https:\/\/nightriderleds.com\/fr\/wp-json\/wp\/v2\/product\/4231","targetHints":{"allow":["GET"]}}],"collection":[{"href":"https:\/\/nightriderleds.com\/fr\/wp-json\/wp\/v2\/product"}],"about":[{"href":"https:\/\/nightriderleds.com\/fr\/wp-json\/wp\/v2\/types\/product"}],"wp:featuredmedia":[{"embeddable":true,"href":"https:\/\/nightriderleds.com\/fr\/wp-json\/wp\/v2\/media\/4233"}],"wp:attachment":[{"href":"https:\/\/nightriderleds.com\/fr\/wp-json\/wp\/v2\/media?parent=4231"}],"wp:term":[{"taxonomy":"product_brand","embeddable":true,"href":"https:\/\/nightriderleds.com\/fr\/wp-json\/wp\/v2\/product_brand?post=4231"},{"taxonomy":"product_cat","embeddable":true,"href":"https:\/\/nightriderleds.com\/fr\/wp-json\/wp\/v2\/product_cat?post=4231"},{"taxonomy":"product_tag","embeddable":true,"href":"https:\/\/nightriderleds.com\/fr\/wp-json\/wp\/v2\/product_tag?post=4231"}],"curies":[{"name":"wp","href":"https:\/\/api.w.org\/{rel}","templated":true}]}}