{"id":4222,"date":"2019-09-18T13:16:12","date_gmt":"2019-09-18T20:16:12","guid":{"rendered":"https:\/\/nightriderleds.com\/?post_type=product&#038;p=4222"},"modified":"2019-10-10T15:56:38","modified_gmt":"2019-10-10T22:56:38","slug":"dual-magnetic-mounting-brackets","status":"publish","type":"product","link":"https:\/\/nightriderleds.com\/fr\/products\/accessories\/mounts\/hardware-parts\/dual-magnetic-mounting-brackets\/","title":{"rendered":"Deux supports de montage magn\u00e9tiques"},"content":{"rendered":"<p>&nbsp;<\/p>\n<div id=\"wpsecol-71c6b5a3-2a78-d4b7-9cf0-02dab0423b46\" class=\"csRow\">\n<div class=\"csColumnGap\" style=\"margin: 0; padding: 0; float: left; width: 0.11061946902654868%;\"><img decoding=\"async\" src=\"https:\/\/nightriderleds.com\/wp-content\/plugins\/wp-smart-editor\/plugins\/columns\/img\/1x1-pixel.png\" \/><\/div>\n<div class=\"csColumn\" style=\"margin: 0; padding: 0; float: left; width: 46.23893805309734%;\" data-posx0=\"0.11061946902654868\" data-posx1=\"46.46017699115044\" data-padding=\"5\" data-responsive=\"1\">\n<div style=\"padding: 5px;\">\n<div class=\"preview_text csColumn_text\">\n<h3 class=\"p1\">Kit de fixation magn\u00e9tique \u00e0 installation rapide<\/h3>\n<p>Deux supports magn\u00e9tiques, chacun compos\u00e9 de deux gros aimants n\u00e9odymes ronds de 9 cm. Le support mesure 10 cm de haut et 20 cm de long. Ce kit de montage est capable de maintenir de grandes barres lumineuses lorsqu'il est utilis\u00e9 sur une surface m\u00e9tallique plane.<\/p>\n<\/div>\n<\/div>\n<\/div>\n<div class=\"csColumnGap\" style=\"margin: 0; padding: 0; float: left; width: 1.7699115044247788%;\"><img decoding=\"async\" src=\"https:\/\/nightriderleds.com\/wp-content\/plugins\/wp-smart-editor\/plugins\/columns\/img\/1x1-pixel.png\" \/><\/div>\n<div class=\"csColumn\" style=\"margin: 0; padding: 0; float: left; width: 51.65929203539823%;\" data-posx0=\"48.23008849557522\" data-posx1=\"100\" data-padding=\"5\" data-responsive=\"1\">\n<div style=\"padding: 5px;\">\n<div class=\"preview_text csColumn_text\">\n<p>&nbsp;<\/p>\n<p>&nbsp;<\/p>\n<p>&nbsp;<\/p>\n<p>&nbsp;<\/p>\n<p>&nbsp;<\/p>\n<p><img fetchpriority=\"high\" decoding=\"async\" class=\"wp-image-4223 size-medium\" src=\"https:\/\/nightriderleds.com\/wp-content\/uploads\/2019\/09\/NMMDB-Magnetic-Mount-544x340.jpg\" alt=\"\" width=\"544\" height=\"340\" srcset=\"https:\/\/nightriderleds.com\/wp-content\/uploads\/2019\/09\/NMMDB-Magnetic-Mount-544x340.jpg 544w, https:\/\/nightriderleds.com\/wp-content\/uploads\/2019\/09\/NMMDB-Magnetic-Mount-195x122.jpg 195w, https:\/\/nightriderleds.com\/wp-content\/uploads\/2019\/09\/NMMDB-Magnetic-Mount-768x480.jpg 768w, https:\/\/nightriderleds.com\/wp-content\/uploads\/2019\/09\/NMMDB-Magnetic-Mount.jpg 1088w\" sizes=\"(max-width: 544px) 100vw, 544px\" \/><\/p>\n<\/div>\n<\/div>\n<\/div>\n<div class=\"csColumnGap\" style=\"margin: 0; padding: 0; float: left; width: 0.22123893805310502%;\"><img decoding=\"async\" src=\"https:\/\/nightriderleds.com\/wp-content\/plugins\/wp-smart-editor\/plugins\/columns\/img\/1x1-pixel.png\" \/><\/div>\n<div style=\"clear: both; float: none; display: block; visibility: hidden; width: 0; font-size: 0; line-height: 0;\"><\/div>\n<\/div>\n<p>&nbsp;<\/p>\n<div id=\"style-wpsecol-71c6b5a3-2a78-d4b7-9cf0-02dab0423b46\">\n<style><!-- @media (max-width: 768px) { #wpsecol-71c6b5a3-2a78-d4b7-9cf0-02dab0423b46 .csColumn { display: block; width: 100% !important; } #wpsecol-71c6b5a3-2a78-d4b7-9cf0-02dab0423b46 .csColumnGap { display: none; } } --><\/style>\n<\/div>","protected":false},"excerpt":{"rendered":"<div class=\"tableOfContent\"><\/div>\n<p><b>Kit de montage magn\u00e9tique pour barres lumineuses double rang\u00e9e NightRider\u2122.<\/b><\/p>\n<p>Deux supports, chacun avec deux aimants en n\u00e9odyme super puissants. Maintient une grande barre lumineuse lorsqu'elle est fix\u00e9e \u00e0 une surface m\u00e9tallique plane.<\/p>\n<p>&nbsp;<\/p>\n<p>&nbsp;<\/p>","protected":false},"featured_media":4223,"template":"","meta":[],"product_brand":[],"product_cat":[129,15,822,130],"product_tag":[160,841,161,676],"class_list":{"0":"post-4222","1":"product","2":"type-product","3":"status-publish","4":"has-post-thumbnail","6":"product_cat-accessories","7":"product_cat-automotive-equipment","8":"product_cat-hardware-parts","9":"product_cat-mounts","10":"product_tag-automotive","11":"product_tag-hardware-kits","12":"product_tag-leds","13":"product_tag-light-bracket","15":"first","16":"instock","17":"shipping-taxable","18":"product-type-simple"},"_links":{"self":[{"href":"https:\/\/nightriderleds.com\/fr\/wp-json\/wp\/v2\/product\/4222","targetHints":{"allow":["GET"]}}],"collection":[{"href":"https:\/\/nightriderleds.com\/fr\/wp-json\/wp\/v2\/product"}],"about":[{"href":"https:\/\/nightriderleds.com\/fr\/wp-json\/wp\/v2\/types\/product"}],"wp:featuredmedia":[{"embeddable":true,"href":"https:\/\/nightriderleds.com\/fr\/wp-json\/wp\/v2\/media\/4223"}],"wp:attachment":[{"href":"https:\/\/nightriderleds.com\/fr\/wp-json\/wp\/v2\/media?parent=4222"}],"wp:term":[{"taxonomy":"product_brand","embeddable":true,"href":"https:\/\/nightriderleds.com\/fr\/wp-json\/wp\/v2\/product_brand?post=4222"},{"taxonomy":"product_cat","embeddable":true,"href":"https:\/\/nightriderleds.com\/fr\/wp-json\/wp\/v2\/product_cat?post=4222"},{"taxonomy":"product_tag","embeddable":true,"href":"https:\/\/nightriderleds.com\/fr\/wp-json\/wp\/v2\/product_tag?post=4222"}],"curies":[{"name":"wp","href":"https:\/\/api.w.org\/{rel}","templated":true}]}}