{"id":397,"date":"2017-11-02T20:30:43","date_gmt":"2017-11-02T20:30:43","guid":{"rendered":"https:\/\/nightriderleds.com\/?post_type=product&#038;p=397"},"modified":"2024-01-22T19:41:23","modified_gmt":"2024-01-23T03:41:23","slug":"rock-lights","status":"publish","type":"product","link":"https:\/\/nightriderleds.com\/fr\/products\/automotive-equipment\/specialty-and-accent-lighting\/rock-lights-specialty-and-accent-lighting\/rock-lights\/","title":{"rendered":"Rocky Six Pack"},"content":{"rendered":"<div id=\"wpsecol-880bcffd-9b43-782e-67d7-79c7ca611a97\" class=\"csRow\">\n<div class=\"csColumnGap\" style=\"margin: 0; padding: 0; float: left; width: 0%;\"><img decoding=\"async\" src=\"https:\/\/nightriderleds.com\/wp-content\/plugins\/wp-smart-editor\/plugins\/columns\/img\/1x1-pixel.png\" \/><\/div>\n<div class=\"csColumn\" style=\"margin: 0; padding: 0; float: left; width: 50%;\" data-posx0=\"0\" data-posx1=\"50.11061946902655\" data-padding=\"10\" data-responsive=\"1\">\n<div style=\"padding: 10px;\">\n<div class=\"preview_text csColumn_text\">\n<h3>Contr\u00f4lable par smartphone\/Bluetooth<\/h3>\n<h4><em>L'utilit\u00e9 n'a jamais \u00e9t\u00e9 aussi belle.<\/em><\/h4>\n<p>Les NightRider Rock Lights sont exceptionnellement durables, lumineux et amusants \u00e0 utiliser. Avec des milliers de couleurs au choix, combin\u00e9es \u00e0 plusieurs styles de motifs lumineux, une activation musicale\/sonore, des minuteries et des personnalisations, vous adorerez l'utilit\u00e9 et l'effet que ces lumi\u00e8res auront sur vos v\u00e9hicules.<\/p>\n<p>L'application smartphone facile \u00e0 utiliser, t\u00e9l\u00e9chargeable gratuitement pour iOS ou Android, se connecte \u00e0 vos feux Rock NightRider sans fil via Bluetooth, offrant ainsi une grande flexibilit\u00e9 et une facilit\u00e9 d'utilisation dans de nombreuses situations diff\u00e9rentes.<\/p>\n<p>Pour t\u00e9l\u00e9charger l'application, rendez-vous sur votre App Store <em><strong>sur votre t\u00e9l\u00e9phone<\/strong><\/em> et recherchez \u2018 Happy Lighting \u2019.<\/p>\n<\/div>\n<\/div>\n<\/div>\n<div class=\"csColumnGap\" style=\"margin: 0; padding: 0; float: left; width: 0.4424778761061947%;\"><img decoding=\"async\" src=\"https:\/\/nightriderleds.com\/wp-content\/plugins\/wp-smart-editor\/plugins\/columns\/img\/1x1-pixel.png\" \/><\/div>\n<div class=\"csColumn\" style=\"margin: 0; padding: 0; float: left; width: 49.22566371681416%;\" data-posx0=\"50.55309734513275\" data-posx1=\"99.88938053097345\" data-padding=\"10\" data-responsive=\"1\">\n<div style=\"padding: 10px;\">\n<div class=\"preview_text csColumn_text\">\n<h3><img fetchpriority=\"high\" decoding=\"async\" class=\"alignnone wp-image-403 size-medium\" src=\"https:\/\/nightriderleds.com\/wp-content\/uploads\/2017\/11\/Jeep-Blue-Rock-Lights-1088x680-544x340.jpg\" width=\"544\" height=\"340\" srcset=\"https:\/\/nightriderleds.com\/wp-content\/uploads\/2017\/11\/Jeep-Blue-Rock-Lights-1088x680-544x340.jpg 544w, https:\/\/nightriderleds.com\/wp-content\/uploads\/2017\/11\/Jeep-Blue-Rock-Lights-1088x680.jpg 1088w, https:\/\/nightriderleds.com\/wp-content\/uploads\/2017\/11\/Jeep-Blue-Rock-Lights-1088x680-195x122.jpg 195w, https:\/\/nightriderleds.com\/wp-content\/uploads\/2017\/11\/Jeep-Blue-Rock-Lights-1088x680-768x480.jpg 768w, https:\/\/nightriderleds.com\/wp-content\/uploads\/2017\/11\/Jeep-Blue-Rock-Lights-1088x680-680x425.jpg 680w, https:\/\/nightriderleds.com\/wp-content\/uploads\/2017\/11\/Jeep-Blue-Rock-Lights-1088x680-272x170.jpg 272w, https:\/\/nightriderleds.com\/wp-content\/uploads\/2017\/11\/Jeep-Blue-Rock-Lights-1088x680-300x188.jpg 300w, https:\/\/nightriderleds.com\/wp-content\/uploads\/2017\/11\/Jeep-Blue-Rock-Lights-1088x680-717x448.jpg 717w\" sizes=\"(max-width: 544px) 100vw, 544px\" \/><\/h3>\n<\/div>\n<\/div>\n<\/div>\n<\/div>\n<p>&nbsp;<\/p>\n<p>&nbsp;<\/p>\n<p>&nbsp;<\/p>\n<div id=\"style-wpsecol-880bcffd-9b43-782e-67d7-79c7ca611a97\">\n<style><!-- @media (max-width: 768px) { #wpsecol-880bcffd-9b43-782e-67d7-79c7ca611a97 .csColumn { display: block; width: 100% !important; } #wpsecol-880bcffd-9b43-782e-67d7-79c7ca611a97 .csColumnGap { display: none; } } --><\/style>\n<\/div>","protected":false},"excerpt":{"rendered":"<p>Les feux de roche NightRider\u2122 sont exceptionnellement durables, lumineux et amusants \u00e0 utiliser. Avec des milliers de couleurs \u00e0 choisir, combin\u00e9es \u00e0 plusieurs styles de motifs lumineux, \u00e0 l'activation musicale\/sonore, aux minuteries et aux personnalisations, vous adorerez l'utilit\u00e9 et l'effet que ces lumi\u00e8res auront pour vos v\u00e9hicules.<\/p>\n<p>&nbsp;<\/p>","protected":false},"featured_media":402,"template":"","meta":[],"product_brand":[],"product_cat":[15,1848,127,1529],"product_tag":[146,161,144,145],"class_list":{"0":"post-397","1":"product","2":"type-product","3":"status-publish","4":"has-post-thumbnail","6":"product_cat-automotive-equipment","7":"product_cat-rock-lights-specialty-and-accent-lighting","8":"product_cat-rock-lights","9":"product_cat-specialty-and-accent-lighting","10":"product_tag-bluetooth","11":"product_tag-leds","12":"product_tag-rock-light","13":"product_tag-smartphone","15":"first","16":"instock","17":"shipping-taxable","18":"product-type-simple"},"_links":{"self":[{"href":"https:\/\/nightriderleds.com\/fr\/wp-json\/wp\/v2\/product\/397","targetHints":{"allow":["GET"]}}],"collection":[{"href":"https:\/\/nightriderleds.com\/fr\/wp-json\/wp\/v2\/product"}],"about":[{"href":"https:\/\/nightriderleds.com\/fr\/wp-json\/wp\/v2\/types\/product"}],"wp:featuredmedia":[{"embeddable":true,"href":"https:\/\/nightriderleds.com\/fr\/wp-json\/wp\/v2\/media\/402"}],"wp:attachment":[{"href":"https:\/\/nightriderleds.com\/fr\/wp-json\/wp\/v2\/media?parent=397"}],"wp:term":[{"taxonomy":"product_brand","embeddable":true,"href":"https:\/\/nightriderleds.com\/fr\/wp-json\/wp\/v2\/product_brand?post=397"},{"taxonomy":"product_cat","embeddable":true,"href":"https:\/\/nightriderleds.com\/fr\/wp-json\/wp\/v2\/product_cat?post=397"},{"taxonomy":"product_tag","embeddable":true,"href":"https:\/\/nightriderleds.com\/fr\/wp-json\/wp\/v2\/product_tag?post=397"}],"curies":[{"name":"wp","href":"https:\/\/api.w.org\/{rel}","templated":true}]}}