{"id":3808,"date":"2019-06-21T11:01:24","date_gmt":"2019-06-21T18:01:24","guid":{"rendered":"https:\/\/nightriderleds.com\/?post_type=product&#038;p=3808"},"modified":"2019-11-01T13:13:54","modified_gmt":"2019-11-01T20:13:54","slug":"5-round-light-cover-for-nightdriver-5r","status":"publish","type":"product","link":"https:\/\/nightriderleds.com\/fr\/products\/accessories\/lens-covers\/5-round-light-cover-for-nightdriver-5r\/","title":{"rendered":"Couvercle de lumi\u00e8re rond 5\u2033 pour NightDriver 5R"},"content":{"rendered":"<div id=\"wpsecol-7bfb37af-4d27-a8d4-c915-fcdcef66639f\" class=\"csRow\">\n<div class=\"csColumnGap\" style=\"margin: 0; padding: 0; float: left; width: 0%;\"><img decoding=\"async\" src=\"https:\/\/nightriderleds.com\/wp-content\/plugins\/wp-smart-editor\/plugins\/columns\/img\/1x1-pixel.png\" \/><\/div>\n<div class=\"csColumn\" style=\"margin: 0; padding: 0; float: left; width: 46.349557522123895%;\" data-posx0=\"0\" data-posx1=\"46.46017699115044\" data-padding=\"5\" data-responsive=\"1\">\n<div style=\"padding: 5px;\">\n<div class=\"preview_text csColumn_text\">\n<h2>Couvercle de lumi\u00e8re rond 5\u2033 pour NightDriver 5R<\/h2>\n<h4>Prot\u00e9gez votre investissement<\/h4>\n<\/div>\n<p>Designed for your NightDriver 5R, Part # N4024.<\/p>\n<div class=\"preview_text csColumn_text\">\n<p>Les housses transparentes sont con\u00e7ues pour transmettre 99,9% de lumi\u00e8re visible. Les housses noires prot\u00e8gent votre lampe lorsqu'elle n'est pas utilis\u00e9e.<\/p>\n<p>&nbsp;<\/p>\n<\/div>\n<\/div>\n<\/div>\n<div class=\"csColumnGap\" style=\"margin: 0; padding: 0; float: left; width: 0.33185840707964603%;\"><img decoding=\"async\" src=\"https:\/\/nightriderleds.com\/wp-content\/plugins\/wp-smart-editor\/plugins\/columns\/img\/1x1-pixel.png\" \/><\/div>\n<div class=\"csColumn\" style=\"margin: 0; padding: 0; float: left; width: 52.98672566371682%;\" data-posx0=\"46.792035398230084\" data-posx1=\"99.88938053097345\" data-padding=\"5\" data-responsive=\"1\">\n<div style=\"padding: 5px;\">\n<div class=\"preview_text csColumn_text\">\n<p><img fetchpriority=\"high\" decoding=\"async\" class=\"alignnone size-medium wp-image-1591\" src=\"https:\/\/nightriderleds.com\/wp-content\/uploads\/2017\/11\/N2318-Assorted-1088x680-544x340.jpg\" alt=\"\" width=\"544\" height=\"340\" srcset=\"https:\/\/nightriderleds.com\/wp-content\/uploads\/2017\/11\/N2318-Assorted-1088x680-544x340.jpg 544w, https:\/\/nightriderleds.com\/wp-content\/uploads\/2017\/11\/N2318-Assorted-1088x680.jpg 1088w, https:\/\/nightriderleds.com\/wp-content\/uploads\/2017\/11\/N2318-Assorted-1088x680-195x122.jpg 195w, https:\/\/nightriderleds.com\/wp-content\/uploads\/2017\/11\/N2318-Assorted-1088x680-768x480.jpg 768w, https:\/\/nightriderleds.com\/wp-content\/uploads\/2017\/11\/N2318-Assorted-1088x680-680x425.jpg 680w, https:\/\/nightriderleds.com\/wp-content\/uploads\/2017\/11\/N2318-Assorted-1088x680-272x170.jpg 272w\" sizes=\"(max-width: 544px) 100vw, 544px\" \/><\/p>\n<\/div>\n<\/div>\n<\/div>\n<div class=\"csColumnGap\" style=\"margin: 0; padding: 0; float: left; width: 0.3318584070796362%;\"><img decoding=\"async\" src=\"https:\/\/nightriderleds.com\/wp-content\/plugins\/wp-smart-editor\/plugins\/columns\/img\/1x1-pixel.png\" \/><\/div>\n<div style=\"clear: both; float: none; display: block; visibility: hidden; width: 0; font-size: 0; line-height: 0;\"><\/div>\n<\/div>\n<h3><\/h3>\n<div id=\"style-wpsecol-7bfb37af-4d27-a8d4-c915-fcdcef66639f\">\n<style><!-- @media (max-width: 768px) { #wpsecol-7bfb37af-4d27-a8d4-c915-fcdcef66639f .csColumn { display: block; width: 100% !important; } #wpsecol-7bfb37af-4d27-a8d4-c915-fcdcef66639f .csColumnGap { display: none; } } --><\/style>\n<\/div>","protected":false},"excerpt":{"rendered":"<p>Protects your 5&#8243; Round Street Legal LED Light.<\/p>\n<p>Designed for NightDriver 5R, Part #N4024EM<\/p>\n<p>&nbsp;<\/p>\n<p>&nbsp;<\/p>\n<p>&nbsp;<\/p>","protected":false},"featured_media":1591,"template":"","meta":[],"product_brand":[],"product_cat":[129,132],"product_tag":[628,554,161,638],"class_list":{"0":"post-3808","1":"product","2":"type-product","3":"status-publish","4":"has-post-thumbnail","6":"product_cat-accessories","7":"product_cat-lens-covers","8":"product_tag-7-round-cover","9":"product_tag-covers","10":"product_tag-leds","11":"product_tag-n4330d","13":"first","14":"instock","15":"shipping-taxable","16":"product-type-variable"},"_links":{"self":[{"href":"https:\/\/nightriderleds.com\/fr\/wp-json\/wp\/v2\/product\/3808","targetHints":{"allow":["GET"]}}],"collection":[{"href":"https:\/\/nightriderleds.com\/fr\/wp-json\/wp\/v2\/product"}],"about":[{"href":"https:\/\/nightriderleds.com\/fr\/wp-json\/wp\/v2\/types\/product"}],"wp:featuredmedia":[{"embeddable":true,"href":"https:\/\/nightriderleds.com\/fr\/wp-json\/wp\/v2\/media\/1591"}],"wp:attachment":[{"href":"https:\/\/nightriderleds.com\/fr\/wp-json\/wp\/v2\/media?parent=3808"}],"wp:term":[{"taxonomy":"product_brand","embeddable":true,"href":"https:\/\/nightriderleds.com\/fr\/wp-json\/wp\/v2\/product_brand?post=3808"},{"taxonomy":"product_cat","embeddable":true,"href":"https:\/\/nightriderleds.com\/fr\/wp-json\/wp\/v2\/product_cat?post=3808"},{"taxonomy":"product_tag","embeddable":true,"href":"https:\/\/nightriderleds.com\/fr\/wp-json\/wp\/v2\/product_tag?post=3808"}],"curies":[{"name":"wp","href":"https:\/\/api.w.org\/{rel}","templated":true}]}}