{"id":3728,"date":"2019-09-23T14:12:57","date_gmt":"2019-09-23T21:12:57","guid":{"rendered":"https:\/\/nightriderleds.com\/?post_type=product&#038;p=3728"},"modified":"2026-03-26T15:16:26","modified_gmt":"2026-03-26T22:16:26","slug":"nightdriver-heated-20-light-bar","status":"publish","type":"product","link":"https:\/\/nightriderleds.com\/fr\/products\/automotive-equipment\/street-legal\/ece-emark\/bars\/nightdriver-heated-20-light-bar\/","title":{"rendered":"Barre lumineuse chauff\u00e9e NightDriver 20\u2033 (en anglais)"},"content":{"rendered":"<p>This auxiliary 20&#8243; driving light bar has it all: <strong>Certification ECE\/E-Mark<\/strong> pour une utilisation en toute l\u00e9galit\u00e9*, un <strong>lentille chauffante<\/strong> to melt away ice and snow, high power OSRAM LEDs, a <strong>profil \u00e9troit<\/strong> pour une allure \u00e9l\u00e9gante, ainsi qu'un <strong>syst\u00e8me de montage double<\/strong>!<\/p>\n<p>Les normes automobiles ECE\/EMARK sont les plus reconnues au monde et exigent des tests stricts et rigoureux avant la certification. La lentille auto-chauffante est id\u00e9ale pour la conduite en hiver. La neige et la glace ne pourront plus s'accumuler sur votre lentille et r\u00e9duire la luminosit\u00e9. Le double syst\u00e8me de montage vous donne le choix entre des supports lat\u00e9raux en acier inoxydable ou des supports arri\u00e8re coulissants \u00e0 rev\u00eatement en poudre. Les LED OSRAM haute puissance vous offrent un \u00e9clairage de qualit\u00e9 sup\u00e9rieure.<\/p>\n<p>La barre de feux de route auxiliaires chauffants de la s\u00e9rie NightDriver r\u00e9pond aux normes et aux performances d'\u00e9clairage les plus \u00e9lev\u00e9es autoris\u00e9es dans la rue*.<\/p>\n<p>Lens is clearly marked to allow law enforcement and vehicle inspectors easy identification for compliance.<\/p>\n<p>Livr\u00e9 avec un kit de c\u00e2blage complet ainsi que le mat\u00e9riel de montage lat\u00e9ral et arri\u00e8re.<\/p>\n<p>&nbsp;<\/p>\n<p><em>*V\u00e9rifiez toujours les r\u00e8gles et r\u00e9glementations r\u00e9gionales concernant l'utilisation de l'eau.<span class=\"Apple-converted-space\">\u00a0<\/span>l'utilisation de feux de route auxiliaires. NightRider\u2122 LEDS s'efforce de fournir<span class=\"Apple-converted-space\">\u00a0<\/span>les feux les plus s\u00fbrs et les plus l\u00e9gaux, mais ne peut \u00eatre tenu responsable des restrictions r\u00e9gionales, d'un montage, d'une vis\u00e9e ou d'un c\u00e2blage inad\u00e9quats.<\/em><\/p>\n<p>&nbsp;<\/p>","protected":false},"excerpt":{"rendered":"<p><strong>Dites adieu aux accumulations de neige et de glace sur votre barre lumineuse !<\/strong><\/p>\n<p>La lentille auto-chauffante de cette barre est parfaite pour nos hivers froids et enneig\u00e9s. Elle emp\u00eache la neige et la glace de p\u00e9n\u00e9trer dans la lentille, ce qui garantit une excellente performance d'\u00e9clairage, m\u00eame dans les pires conditions m\u00e9t\u00e9orologiques. Mais ce n'est pas tout : Certification ECE*, LED OSRAM haute puissance, profil \u00e9troit et syst\u00e8me de montage double !<\/p>\n<p>120W \/ 14,400 Raw Lumens &#8211; 7,651 Effective Lumens<\/p>\n<p><a href=\"https:\/\/nightriderleds.com\/wp-content\/uploads\/2024\/11\/General-Auxiliary-Lamp-install-Information-Rev-2024.pdf\" target=\"_blank\" rel=\"noopener\"><strong> T\u00e9l\u00e9charger le guide d'installation<\/strong><\/a><\/p>\n<div id=\"style-btn-341a4343-1eb3-9dbf-31fc-6f56d0a73a73\">\n<style class=\"style-btn\"><!-- #btn-341a4343-1eb3-9dbf-31fc-6f56d0a73a73 {font-size: 14px;color: #ffffff;background: #0e83cd;padding-left: 12px;padding-top: 6px;padding-right: 12px;padding-bottom: 6px;border-radius: 0px;-moz-border-radius: 0px;-webkit-border-radius: 0px;border-color: #357ebd;border-width: 1px;} #btn-341a4343-1eb3-9dbf-31fc-6f56d0a73a73:hover {background: #1990f9;color: #ffffff;box-shadow: 3px 3px 3px 0px #bababa;-moz-box-shadow: 3px 3px 3px 0px #bababa;-webkit-box-shadow: 3px 3px 3px 0px #bababa;} --><\/style>\n<\/div>","protected":false},"featured_media":3732,"template":"","meta":[],"product_brand":[],"product_cat":[15,1464,19,1105,1202,260,1498,18,677],"product_tag":[1110,20,21,1108,1870,161,22,1109,142,23],"class_list":{"0":"post-3728","1":"product","2":"type-product","3":"status-publish","4":"has-post-thumbnail","6":"product_cat-automotive-equipment","7":"product_cat-bars","8":"product_cat-ece-emark","9":"product_cat-heated-lens-light-bars","10":"product_cat-heated-lens-street-legal","11":"product_cat-lightbars","12":"product_cat-single-row","13":"product_cat-street-legal","14":"product_cat-street-legal-bars","15":"product_tag-dual-mounting-system","16":"product_tag-ece","17":"product_tag-emark","18":"product_tag-heated-lens","19":"product_tag-heated-light-bars","20":"product_tag-leds","21":"product_tag-light-bar","22":"product_tag-narrow-profile","23":"product_tag-performance","24":"product_tag-street-legal","26":"first","27":"instock","28":"shipping-taxable","29":"product-type-simple"},"_links":{"self":[{"href":"https:\/\/nightriderleds.com\/fr\/wp-json\/wp\/v2\/product\/3728","targetHints":{"allow":["GET"]}}],"collection":[{"href":"https:\/\/nightriderleds.com\/fr\/wp-json\/wp\/v2\/product"}],"about":[{"href":"https:\/\/nightriderleds.com\/fr\/wp-json\/wp\/v2\/types\/product"}],"wp:featuredmedia":[{"embeddable":true,"href":"https:\/\/nightriderleds.com\/fr\/wp-json\/wp\/v2\/media\/3732"}],"wp:attachment":[{"href":"https:\/\/nightriderleds.com\/fr\/wp-json\/wp\/v2\/media?parent=3728"}],"wp:term":[{"taxonomy":"product_brand","embeddable":true,"href":"https:\/\/nightriderleds.com\/fr\/wp-json\/wp\/v2\/product_brand?post=3728"},{"taxonomy":"product_cat","embeddable":true,"href":"https:\/\/nightriderleds.com\/fr\/wp-json\/wp\/v2\/product_cat?post=3728"},{"taxonomy":"product_tag","embeddable":true,"href":"https:\/\/nightriderleds.com\/fr\/wp-json\/wp\/v2\/product_tag?post=3728"}],"curies":[{"name":"wp","href":"https:\/\/api.w.org\/{rel}","templated":true}]}}