{"id":3695,"date":"2019-05-13T14:55:52","date_gmt":"2019-05-13T21:55:52","guid":{"rendered":"https:\/\/nightriderleds.com\/?post_type=product&#038;p=3695"},"modified":"2024-03-05T15:52:57","modified_gmt":"2024-03-05T23:52:57","slug":"covers-for-e-mark-side-shooter-light","status":"publish","type":"product","link":"https:\/\/nightriderleds.com\/fr\/products\/accessories\/lens-covers\/covers-for-e-mark-side-shooter-light\/","title":{"rendered":"Couvertures pour feux lat\u00e9raux E-Mark"},"content":{"rendered":"<div id=\"wpsecol-7bfb37af-4d27-a8d4-c915-fcdcef66639f\" class=\"csRow\">\n<div class=\"csColumnGap\" style=\"margin: 0; padding: 0; float: left; width: 0%;\"><img decoding=\"async\" src=\"https:\/\/nightriderleds.com\/wp-content\/plugins\/wp-smart-editor\/plugins\/columns\/img\/1x1-pixel.png\" \/><\/div>\n<div class=\"csColumn\" style=\"margin: 0; padding: 0; float: left; width: 46.349557522123895%;\" data-posx0=\"0\" data-posx1=\"46.46017699115044\" data-padding=\"5\" data-responsive=\"1\">\n<div style=\"padding: 5px;\">\n<div class=\"preview_text csColumn_text\">\n<h3>Housses pour lampe Side Shooter N6930EM<\/h3>\n<h4>Prot\u00e9gez votre investissement<\/h4>\n<p>Les housses transparentes transmettent 99,9% de lumi\u00e8re visible et emp\u00eachent la salet\u00e9, les cailloux et autres objets de p\u00e9n\u00e9trer dans l'objectif.<\/p>\n<p>Utilisez les couvertures orange et bleue par mauvais temps (neige, gr\u00e9sil, gr\u00eale, pluie et brouillard).<\/p>\n<p>Nous recommandons d'utiliser uniquement des couvercles transparents ou noirs pour une utilisation l\u00e9gale dans la rue*.<\/p>\n<p><em>*V\u00e9rifiez toujours les r\u00e8gles et r\u00e9glementations r\u00e9gionales concernant l'utilisation de l'eau.<span class=\"Apple-converted-space\">\u00a0<\/span>l'utilisation de feux de route auxiliaires. NightRider\u2122 LEDS s'efforce de fournir<span class=\"Apple-converted-space\">\u00a0<\/span>les feux les plus s\u00fbrs et les plus l\u00e9gaux, mais ne peut \u00eatre tenu responsable des restrictions r\u00e9gionales, d'un montage, d'une vis\u00e9e ou d'un c\u00e2blage inad\u00e9quats.<\/em><\/p>\n<p>&nbsp;<\/p>\n<\/div>\n<\/div>\n<\/div>\n<div class=\"csColumnGap\" style=\"margin: 0; padding: 0; float: left; width: 0.33185840707964603%;\"><img decoding=\"async\" src=\"https:\/\/nightriderleds.com\/wp-content\/plugins\/wp-smart-editor\/plugins\/columns\/img\/1x1-pixel.png\" \/><\/div>\n<div class=\"csColumn\" style=\"margin: 0; padding: 0; float: left; width: 52.98672566371682%;\" data-posx0=\"46.792035398230084\" data-posx1=\"99.88938053097345\" data-padding=\"5\" data-responsive=\"1\">\n<div style=\"padding: 5px;\">\n<div class=\"preview_text csColumn_text\">\n<p><img fetchpriority=\"high\" decoding=\"async\" class=\"wp-image-3706 size-medium\" src=\"https:\/\/nightriderleds.com\/wp-content\/uploads\/2019\/05\/NC6930EM-ALL-2-544x340.jpg\" alt=\"Covers for N6930EM Side Shooter Light\" width=\"544\" height=\"340\" srcset=\"https:\/\/nightriderleds.com\/wp-content\/uploads\/2019\/05\/NC6930EM-ALL-2-544x340.jpg 544w, https:\/\/nightriderleds.com\/wp-content\/uploads\/2019\/05\/NC6930EM-ALL-2-195x122.jpg 195w, https:\/\/nightriderleds.com\/wp-content\/uploads\/2019\/05\/NC6930EM-ALL-2-768x480.jpg 768w, https:\/\/nightriderleds.com\/wp-content\/uploads\/2019\/05\/NC6930EM-ALL-2.jpg 1088w, https:\/\/nightriderleds.com\/wp-content\/uploads\/2019\/05\/NC6930EM-ALL-2-680x425.jpg 680w, https:\/\/nightriderleds.com\/wp-content\/uploads\/2019\/05\/NC6930EM-ALL-2-272x170.jpg 272w\" sizes=\"(max-width: 544px) 100vw, 544px\" \/><\/p>\n<\/div>\n<\/div>\n<\/div>\n<div class=\"csColumnGap\" style=\"margin: 0; padding: 0; float: left; width: 0.3318584070796362%;\"><img decoding=\"async\" src=\"https:\/\/nightriderleds.com\/wp-content\/plugins\/wp-smart-editor\/plugins\/columns\/img\/1x1-pixel.png\" \/><\/div>\n<div style=\"clear: both; float: none; display: block; visibility: hidden; width: 0; font-size: 0; line-height: 0;\"><\/div>\n<\/div>\n<h3><\/h3>\n<div id=\"style-wpsecol-7bfb37af-4d27-a8d4-c915-fcdcef66639f\">\n<style><!-- @media (max-width: 768px) { #wpsecol-7bfb37af-4d27-a8d4-c915-fcdcef66639f .csColumn { display: block; width: 100% !important; } #wpsecol-7bfb37af-4d27-a8d4-c915-fcdcef66639f .csColumnGap { display: none; } } --><\/style>\n<\/div>","protected":false},"excerpt":{"rendered":"<p>Prot\u00e9gez votre Street Legal* Side Shooter Light N6930EM avec des housses.<\/p>\n<p>Remarque : nous recommandons d'utiliser uniquement des caches noirs ou transparents si vous utilisez votre feu de position lat\u00e9ral pour la conduite sur route.<\/p>\n<p>&nbsp;<\/p>\n<p>&nbsp;<\/p>","protected":false},"featured_media":3706,"template":"","meta":[],"product_brand":[],"product_cat":[129,132],"product_tag":[554,161,1102],"class_list":{"0":"post-3695","1":"product","2":"type-product","3":"status-publish","4":"has-post-thumbnail","6":"product_cat-accessories","7":"product_cat-lens-covers","8":"product_tag-covers","9":"product_tag-leds","10":"product_tag-side-shooter","12":"first","13":"instock","14":"shipping-taxable","15":"product-type-variable"},"_links":{"self":[{"href":"https:\/\/nightriderleds.com\/fr\/wp-json\/wp\/v2\/product\/3695","targetHints":{"allow":["GET"]}}],"collection":[{"href":"https:\/\/nightriderleds.com\/fr\/wp-json\/wp\/v2\/product"}],"about":[{"href":"https:\/\/nightriderleds.com\/fr\/wp-json\/wp\/v2\/types\/product"}],"wp:featuredmedia":[{"embeddable":true,"href":"https:\/\/nightriderleds.com\/fr\/wp-json\/wp\/v2\/media\/3706"}],"wp:attachment":[{"href":"https:\/\/nightriderleds.com\/fr\/wp-json\/wp\/v2\/media?parent=3695"}],"wp:term":[{"taxonomy":"product_brand","embeddable":true,"href":"https:\/\/nightriderleds.com\/fr\/wp-json\/wp\/v2\/product_brand?post=3695"},{"taxonomy":"product_cat","embeddable":true,"href":"https:\/\/nightriderleds.com\/fr\/wp-json\/wp\/v2\/product_cat?post=3695"},{"taxonomy":"product_tag","embeddable":true,"href":"https:\/\/nightriderleds.com\/fr\/wp-json\/wp\/v2\/product_tag?post=3695"}],"curies":[{"name":"wp","href":"https:\/\/api.w.org\/{rel}","templated":true}]}}