{"id":3690,"date":"2019-05-13T08:40:43","date_gmt":"2019-05-13T15:40:43","guid":{"rendered":"https:\/\/nightriderleds.com\/?post_type=product&#038;p=3690"},"modified":"2024-11-25T14:23:32","modified_gmt":"2024-11-25T22:23:32","slug":"high-intensity-side-shooter","status":"publish","type":"product","link":"https:\/\/nightriderleds.com\/fr\/products\/automotive-equipment\/high-intensity\/high-intensity-side-shooter\/","title":{"rendered":"Tireur lat\u00e9ral \u00e0 haute intensit\u00e9"},"content":{"rendered":"<div id=\"wpsecol-7bfb37af-4d27-a8d4-c915-fcdcef66639f\" class=\"csRow\">\n<div class=\"csColumnGap\" style=\"margin: 0; padding: 0; float: left; width: 0%;\"><img decoding=\"async\" src=\"https:\/\/nightriderleds.com\/wp-content\/plugins\/wp-smart-editor\/plugins\/columns\/img\/1x1-pixel.png\" \/><\/div>\n<div class=\"csColumn\" style=\"margin: 0; padding: 0; float: left; width: 46.349557522123895%;\" data-posx0=\"0\" data-posx1=\"46.46017699115044\" data-padding=\"5\" data-responsive=\"1\">\n<div style=\"padding: 5px;\">\n<div class=\"preview_text csColumn_text\">\n<h3>Lampe de tir lat\u00e9ral \u00e0 haute intensit\u00e9 et \u00e0 spot extr\u00eame<\/h3>\n<h4>Spot extr\u00eame de grande port\u00e9e avec r\u00e9flecteurs de chaque c\u00f4t\u00e9 (140\u00ba d'\u00e9clairage)<\/h4>\n<p>Construite avec 17 puces LED OSRAM de 3W, cette lampe a une port\u00e9e consid\u00e9rable ! Nous l'avons judicieusement baptis\u00e9e \u2018Long Shot\u2019.<\/p>\n<p>Cette lampe est parfaite pour les v\u00e9hicules rapides qui ont besoin de voir des objets longtemps \u00e0 l'avance. Les r\u00e9flecteurs lat\u00e9raux permettent d'\u00e9clairer les zones lat\u00e9rales de la route afin que vous puissiez voir les animaux sauvages.<\/p>\n<p>Livr\u00e9 avec une prise Deutsch \u00e0 connexion rapide et du mat\u00e9riel de montage robuste.<\/p>\n<p>&nbsp;<\/p>\n<\/div>\n<\/div>\n<\/div>\n<div class=\"csColumnGap\" style=\"margin: 0; padding: 0; float: left; width: 0.33185840707964603%;\"><img decoding=\"async\" src=\"https:\/\/nightriderleds.com\/wp-content\/plugins\/wp-smart-editor\/plugins\/columns\/img\/1x1-pixel.png\" \/><\/div>\n<div class=\"csColumn\" style=\"margin: 0; padding: 0; float: left; width: 52.98672566371682%;\" data-posx0=\"46.792035398230084\" data-posx1=\"99.88938053097345\" data-padding=\"5\" data-responsive=\"1\">\n<div style=\"padding: 5px;\">\n<div class=\"preview_text csColumn_text\">\n<p><img fetchpriority=\"high\" decoding=\"async\" class=\"alignnone wp-image-1785 size-medium\" src=\"https:\/\/nightriderleds.com\/wp-content\/uploads\/2017\/12\/LightUp-LongShot-495x340.jpg\" alt=\"\" width=\"495\" height=\"340\" srcset=\"https:\/\/nightriderleds.com\/wp-content\/uploads\/2017\/12\/LightUp-LongShot-495x340.jpg 495w, https:\/\/nightriderleds.com\/wp-content\/uploads\/2017\/12\/LightUp-LongShot-544x373.jpg 544w, https:\/\/nightriderleds.com\/wp-content\/uploads\/2017\/12\/LightUp-LongShot-186x128.jpg 186w, https:\/\/nightriderleds.com\/wp-content\/uploads\/2017\/12\/LightUp-LongShot-768x527.jpg 768w, https:\/\/nightriderleds.com\/wp-content\/uploads\/2017\/12\/LightUp-LongShot-990x680.jpg 990w, https:\/\/nightriderleds.com\/wp-content\/uploads\/2017\/12\/LightUp-LongShot-680x467.jpg 680w, https:\/\/nightriderleds.com\/wp-content\/uploads\/2017\/12\/LightUp-LongShot-248x170.jpg 248w, https:\/\/nightriderleds.com\/wp-content\/uploads\/2017\/12\/LightUp-LongShot.jpg 1024w\" sizes=\"(max-width: 495px) 100vw, 495px\" \/><\/p>\n<\/div>\n<\/div>\n<\/div>\n<div class=\"csColumnGap\" style=\"margin: 0; padding: 0; float: left; width: 0.3318584070796362%;\"><img decoding=\"async\" src=\"https:\/\/nightriderleds.com\/wp-content\/plugins\/wp-smart-editor\/plugins\/columns\/img\/1x1-pixel.png\" \/><\/div>\n<div style=\"clear: both; float: none; display: block; visibility: hidden; width: 0; font-size: 0; line-height: 0;\"><\/div>\n<\/div>\n<h3><\/h3>\n<div id=\"style-wpsecol-7bfb37af-4d27-a8d4-c915-fcdcef66639f\">\n<style><!-- @media (max-width: 768px) { #wpsecol-7bfb37af-4d27-a8d4-c915-fcdcef66639f .csColumn { display: block; width: 100% !important; } #wpsecol-7bfb37af-4d27-a8d4-c915-fcdcef66639f .csColumnGap { display: none; } } --><\/style>\n<\/div>","protected":false},"excerpt":{"rendered":"<p>Lampe de tir lat\u00e9ral \u00e0 haute intensit\u00e9 pour usage intensif<\/p>\n<p>Conception \u00e9l\u00e9gante et robuste, avec un spot extr\u00eame en son centre et des r\u00e9flecteurs de chaque c\u00f4t\u00e9, ce qui permet d'obtenir une lumi\u00e8re de grande port\u00e9e tout en \u00e9clairant une zone de 140\u00ba. Parfait pour les v\u00e9hicules se d\u00e9pla\u00e7ant rapidement.<\/p>\n<p>51W \/4 080 Lumens<\/p>\n<p><a href=\"https:\/\/nightriderleds.com\/wp-content\/uploads\/2024\/11\/Wiring-Instructions-for-High-Intensity-Lights-with-added-Deutsch-Plug-V2.pdf\" target=\"_blank\" rel=\"noopener\">Options de c\u00e2blage<\/a><\/p>","protected":false},"featured_media":3691,"template":"","meta":[],"product_brand":[],"product_cat":[15,1079],"product_tag":[160,1090,316,1080,161,434],"class_list":{"0":"post-3690","1":"product","2":"type-product","3":"status-publish","4":"has-post-thumbnail","6":"product_cat-automotive-equipment","7":"product_cat-high-intensity","8":"product_tag-automotive","9":"product_tag-extreme-duty","10":"product_tag-heavy-duty","11":"product_tag-high-intensity","12":"product_tag-leds","13":"product_tag-work-flood","15":"first","16":"instock","17":"shipping-taxable","18":"product-type-simple"},"_links":{"self":[{"href":"https:\/\/nightriderleds.com\/fr\/wp-json\/wp\/v2\/product\/3690","targetHints":{"allow":["GET"]}}],"collection":[{"href":"https:\/\/nightriderleds.com\/fr\/wp-json\/wp\/v2\/product"}],"about":[{"href":"https:\/\/nightriderleds.com\/fr\/wp-json\/wp\/v2\/types\/product"}],"wp:featuredmedia":[{"embeddable":true,"href":"https:\/\/nightriderleds.com\/fr\/wp-json\/wp\/v2\/media\/3691"}],"wp:attachment":[{"href":"https:\/\/nightriderleds.com\/fr\/wp-json\/wp\/v2\/media?parent=3690"}],"wp:term":[{"taxonomy":"product_brand","embeddable":true,"href":"https:\/\/nightriderleds.com\/fr\/wp-json\/wp\/v2\/product_brand?post=3690"},{"taxonomy":"product_cat","embeddable":true,"href":"https:\/\/nightriderleds.com\/fr\/wp-json\/wp\/v2\/product_cat?post=3690"},{"taxonomy":"product_tag","embeddable":true,"href":"https:\/\/nightriderleds.com\/fr\/wp-json\/wp\/v2\/product_tag?post=3690"}],"curies":[{"name":"wp","href":"https:\/\/api.w.org\/{rel}","templated":true}]}}