{"id":3657,"date":"2019-05-09T08:50:28","date_gmt":"2019-05-09T15:50:28","guid":{"rendered":"https:\/\/nightriderleds.com\/?post_type=product&#038;p=3657"},"modified":"2026-03-26T15:25:29","modified_gmt":"2026-03-26T22:25:29","slug":"high-intensity-5-cube-flood-light","status":"publish","type":"product","link":"https:\/\/nightriderleds.com\/fr\/products\/automotive-equipment\/high-intensity\/high-intensity-5-cube-flood-light\/","title":{"rendered":"Lumi\u00e8re cubique \u00e0 haute intensit\u00e9 4.5\u2033 avec faisceau large"},"content":{"rendered":"<div id=\"wpsecol-7bfb37af-4d27-a8d4-c915-fcdcef66639f\" class=\"csRow\">\n<div class=\"csColumnGap\" style=\"margin: 0; padding: 0; float: left; width: 0%;\"><img decoding=\"async\" src=\"https:\/\/nightriderleds.com\/wp-content\/plugins\/wp-smart-editor\/plugins\/columns\/img\/1x1-pixel.png\" \/><\/div>\n<div class=\"csColumn\" style=\"margin: 0; padding: 0; float: left; width: 46.349557522123895%;\" data-posx0=\"0\" data-posx1=\"46.46017699115044\" data-padding=\"5\" data-responsive=\"1\">\n<div style=\"padding: 5px;\">\n<div class=\"preview_text csColumn_text\">\n<h3>Haute intensit\u00e9, service extr\u00eame et syst\u00e8me de contr\u00f4le de la temp\u00e9rature interne<\/h3>\n<h4>Lampe \u00e9l\u00e9gante \u00e0 haute intensit\u00e9 con\u00e7ue pour les conditions extr\u00eames<\/h4>\n<p>Con\u00e7us pour r\u00e9sister aux conditions de travail les plus difficiles dans les secteurs de l'exploitation mini\u00e8re et foresti\u00e8re, du p\u00e9trole, de l'agriculture et de la marine.<\/p>\n<p>\u00c9quip\u00e9e d'un syst\u00e8me interne de contr\u00f4le de la temp\u00e9rature (TCS), un dispositif de s\u00e9curit\u00e9 qui permet d'obtenir une lumi\u00e8re plus intense et d'\u00e9viter la surchauffe. Si la temp\u00e9rature du bo\u00eetier de la lampe atteint 75\u00baC, le TCS s'enclenche et r\u00e9duit la puissance pour atteindre une performance optimale.<\/p>\n<p>Cela convient bien \u00e0 notre climat canadien, o\u00f9 la lumi\u00e8re est surtout n\u00e9cessaire pendant les mois froids de l'hiver.<\/p>\n<p>Livr\u00e9 avec un connecteur Deutsch femelle, un support de montage en acier inoxydable robuste et la quincaillerie.<\/p>\n<p>&nbsp;<\/p>\n<\/div>\n<\/div>\n<\/div>\n<div class=\"csColumnGap\" style=\"margin: 0; padding: 0; float: left; width: 0.33185840707964603%;\"><img decoding=\"async\" src=\"https:\/\/nightriderleds.com\/wp-content\/plugins\/wp-smart-editor\/plugins\/columns\/img\/1x1-pixel.png\" \/><\/div>\n<div class=\"csColumn\" style=\"margin: 0; padding: 0; float: left; width: 52.98672566371682%;\" data-posx0=\"46.792035398230084\" data-posx1=\"99.88938053097345\" data-padding=\"5\" data-responsive=\"1\">\n<div style=\"padding: 5px;\">\n<div class=\"preview_text csColumn_text\">\n<p><img fetchpriority=\"high\" decoding=\"async\" class=\"wp-image-3659 size-medium\" src=\"https:\/\/nightriderleds.com\/wp-content\/uploads\/2019\/05\/Shovel-544x340.jpg\" alt=\"Hydraulic Mining Shovel\" width=\"544\" height=\"340\" srcset=\"https:\/\/nightriderleds.com\/wp-content\/uploads\/2019\/05\/Shovel-544x340.jpg 544w, https:\/\/nightriderleds.com\/wp-content\/uploads\/2019\/05\/Shovel-195x122.jpg 195w, https:\/\/nightriderleds.com\/wp-content\/uploads\/2019\/05\/Shovel-768x480.jpg 768w, https:\/\/nightriderleds.com\/wp-content\/uploads\/2019\/05\/Shovel.jpg 1088w, https:\/\/nightriderleds.com\/wp-content\/uploads\/2019\/05\/Shovel-680x425.jpg 680w, https:\/\/nightriderleds.com\/wp-content\/uploads\/2019\/05\/Shovel-272x170.jpg 272w\" sizes=\"(max-width: 544px) 100vw, 544px\" \/><\/p>\n<\/div>\n<\/div>\n<\/div>\n<div class=\"csColumnGap\" style=\"margin: 0; padding: 0; float: left; width: 0.3318584070796362%;\"><img decoding=\"async\" src=\"https:\/\/nightriderleds.com\/wp-content\/plugins\/wp-smart-editor\/plugins\/columns\/img\/1x1-pixel.png\" \/><\/div>\n<div style=\"clear: both; float: none; display: block; visibility: hidden; width: 0; font-size: 0; line-height: 0;\"><\/div>\n<\/div>\n<h3><\/h3>\n<div id=\"style-wpsecol-7bfb37af-4d27-a8d4-c915-fcdcef66639f\">\n<style><!-- @media (max-width: 768px) { #wpsecol-7bfb37af-4d27-a8d4-c915-fcdcef66639f .csColumn { display: block; width: 100% !important; } #wpsecol-7bfb37af-4d27-a8d4-c915-fcdcef66639f .csColumnGap { display: none; } } --><\/style>\n<\/div>","protected":false},"excerpt":{"rendered":"<p>Des lampes extr\u00eamement r\u00e9sistantes, con\u00e7ues pour des conditions de travail difficiles.<\/p>\n<p>Conception \u00e9l\u00e9gante et robuste avec syst\u00e8me de contr\u00f4le de la temp\u00e9rature interne pour des performances optimales et une dur\u00e9e de vie accrue.<\/p>\n<p>180W \/ 9,830 <strong>Efficace<\/strong> Lumens<\/p>\n<p><a href=\"https:\/\/nightriderleds.com\/wp-content\/uploads\/2024\/11\/Wiring-Instructions-for-High-Intensity-Lights-with-added-Deutsch-Plug-V2.pdf\" target=\"_blank\" rel=\"noopener\">Options de c\u00e2blage<\/a><\/p>","protected":false},"featured_media":3658,"template":"","meta":[],"product_brand":[],"product_cat":[15,1079],"product_tag":[160,316,1080,161,434],"class_list":{"0":"post-3657","1":"product","2":"type-product","3":"status-publish","4":"has-post-thumbnail","6":"product_cat-automotive-equipment","7":"product_cat-high-intensity","8":"product_tag-automotive","9":"product_tag-heavy-duty","10":"product_tag-high-intensity","11":"product_tag-leds","12":"product_tag-work-flood","14":"first","15":"instock","16":"shipping-taxable","17":"product-type-simple"},"_links":{"self":[{"href":"https:\/\/nightriderleds.com\/fr\/wp-json\/wp\/v2\/product\/3657","targetHints":{"allow":["GET"]}}],"collection":[{"href":"https:\/\/nightriderleds.com\/fr\/wp-json\/wp\/v2\/product"}],"about":[{"href":"https:\/\/nightriderleds.com\/fr\/wp-json\/wp\/v2\/types\/product"}],"wp:featuredmedia":[{"embeddable":true,"href":"https:\/\/nightriderleds.com\/fr\/wp-json\/wp\/v2\/media\/3658"}],"wp:attachment":[{"href":"https:\/\/nightriderleds.com\/fr\/wp-json\/wp\/v2\/media?parent=3657"}],"wp:term":[{"taxonomy":"product_brand","embeddable":true,"href":"https:\/\/nightriderleds.com\/fr\/wp-json\/wp\/v2\/product_brand?post=3657"},{"taxonomy":"product_cat","embeddable":true,"href":"https:\/\/nightriderleds.com\/fr\/wp-json\/wp\/v2\/product_cat?post=3657"},{"taxonomy":"product_tag","embeddable":true,"href":"https:\/\/nightriderleds.com\/fr\/wp-json\/wp\/v2\/product_tag?post=3657"}],"curies":[{"name":"wp","href":"https:\/\/api.w.org\/{rel}","templated":true}]}}