{"id":3647,"date":"2019-05-06T15:59:08","date_gmt":"2019-05-06T22:59:08","guid":{"rendered":"https:\/\/nightriderleds.com\/?post_type=product&#038;p=3647"},"modified":"2023-11-21T17:25:55","modified_gmt":"2023-11-22T01:25:55","slug":"240w-led-high-bay-light-ufo","status":"publish","type":"product","link":"https:\/\/nightriderleds.com\/fr\/products\/commercial\/high-bay\/ufo\/240w-led-high-bay-light-ufo\/","title":{"rendered":"240W LED High Bay Light (UFO)"},"content":{"rendered":"<div id=\"wpsecol-7bfb37af-4d27-a8d4-c915-fcdcef66639f\" class=\"csRow\">\n<div class=\"csColumnGap\" style=\"margin: 0; padding: 0; float: left; width: 0%;\"><img decoding=\"async\" src=\"https:\/\/nightriderleds.com\/wp-content\/plugins\/wp-smart-editor\/plugins\/columns\/img\/1x1-pixel.png\" \/><\/div>\n<div class=\"csColumn\" style=\"margin: 0; padding: 0; float: left; width: 46.349557522123895%;\" data-posx0=\"0\" data-posx1=\"46.46017699115044\" data-padding=\"5\" data-responsive=\"1\">\n<div style=\"padding: 5px;\">\n<div class=\"preview_text csColumn_text\">\n<h3>Lampe industrielle LED (UFO)<\/h3>\n<h4>Votre solution d'\u00e9clairage parfaite pour les entrep\u00f4ts, les usines, les ateliers, les halls d'exposition, etc.<\/h4>\n<p>Ces luminaires sont \u00e9conomes en \u00e9nergie et durables. Con\u00e7us pour \u00eatre utilis\u00e9s \u00e0 l'int\u00e9rieur ou \u00e0 l'ext\u00e9rieur, les luminaires UFO High Bay sont faciles \u00e0 installer et remplacent parfaitement les luminaires traditionnels \u00e0 d\u00e9charge \u00e0 haute intensit\u00e9 (HID) de 50W \u00e0 1500W. Leur durabilit\u00e9 incroyable et leur longue dur\u00e9e de vie permettent des \u00e9conomies d'entretien massives et une s\u00e9curit\u00e9 accrue.<\/p>\n<p>La lumi\u00e8re est fournie avec un crochet en \u0153il ainsi qu'un support en U.<\/p>\n<p>\u00c9quip\u00e9 d'un driver dimmable.<\/p>\n<p>Les lampes sont certifi\u00e9es cUL, DLC, CE, PSE et RoHS et b\u00e9n\u00e9ficient d'une garantie de 5 ans.<\/p>\n<p>&nbsp;<\/p>\n<\/div>\n<\/div>\n<\/div>\n<div class=\"csColumnGap\" style=\"margin: 0; padding: 0; float: left; width: 0.33185840707964603%;\"><img decoding=\"async\" src=\"https:\/\/nightriderleds.com\/wp-content\/plugins\/wp-smart-editor\/plugins\/columns\/img\/1x1-pixel.png\" \/><\/div>\n<div class=\"csColumn\" style=\"margin: 0; padding: 0; float: left; width: 52.98672566371682%;\" data-posx0=\"46.792035398230084\" data-posx1=\"99.88938053097345\" data-padding=\"5\" data-responsive=\"1\">\n<div style=\"padding: 5px;\">\n<div class=\"preview_text csColumn_text\">\n<p><img fetchpriority=\"high\" decoding=\"async\" class=\"alignnone size-medium wp-image-1132\" src=\"https:\/\/nightriderleds.com\/wp-content\/uploads\/2017\/11\/UFO-Light-IMG-1088x680-544x340.jpg\" alt=\"\" width=\"544\" height=\"340\" srcset=\"https:\/\/nightriderleds.com\/wp-content\/uploads\/2017\/11\/UFO-Light-IMG-1088x680-544x340.jpg 544w, https:\/\/nightriderleds.com\/wp-content\/uploads\/2017\/11\/UFO-Light-IMG-1088x680.jpg 1088w, https:\/\/nightriderleds.com\/wp-content\/uploads\/2017\/11\/UFO-Light-IMG-1088x680-195x122.jpg 195w, https:\/\/nightriderleds.com\/wp-content\/uploads\/2017\/11\/UFO-Light-IMG-1088x680-768x480.jpg 768w, https:\/\/nightriderleds.com\/wp-content\/uploads\/2017\/11\/UFO-Light-IMG-1088x680-680x425.jpg 680w, https:\/\/nightriderleds.com\/wp-content\/uploads\/2017\/11\/UFO-Light-IMG-1088x680-272x170.jpg 272w\" sizes=\"(max-width: 544px) 100vw, 544px\" \/><\/p>\n<\/div>\n<\/div>\n<\/div>\n<div class=\"csColumnGap\" style=\"margin: 0; padding: 0; float: left; width: 0.3318584070796362%;\"><img decoding=\"async\" src=\"https:\/\/nightriderleds.com\/wp-content\/plugins\/wp-smart-editor\/plugins\/columns\/img\/1x1-pixel.png\" \/><\/div>\n<div style=\"clear: both; float: none; display: block; visibility: hidden; width: 0; font-size: 0; line-height: 0;\"><\/div>\n<\/div>\n<h3><\/h3>\n<div id=\"style-wpsecol-7bfb37af-4d27-a8d4-c915-fcdcef66639f\">\n<style><!-- @media (max-width: 768px) { #wpsecol-7bfb37af-4d27-a8d4-c915-fcdcef66639f .csColumn { display: block; width: 100% !important; } #wpsecol-7bfb37af-4d27-a8d4-c915-fcdcef66639f .csColumnGap { display: none; } } --><\/style>\n<\/div>","protected":false},"excerpt":{"rendered":"<p>La solution \u00e9co\u00e9nerg\u00e9tique et n\u00e9cessitant peu d'entretien pour les entrep\u00f4ts, les usines, les ateliers, les halls d'exposition et plus encore.<\/p>\n<p>Utilisation int\u00e9rieure et ext\u00e9rieure gr\u00e2ce \u00e0 un indice de protection IP65.<\/p>\n<p>240W \/ 33 300 Lumens<\/p>\n<p>&nbsp;<\/p>\n<p>&nbsp;<\/p>","protected":false},"featured_media":7544,"template":"","meta":[],"product_brand":[],"product_cat":[134,141,938],"product_tag":[942,537,161,172,941,536],"class_list":{"0":"post-3647","1":"product","2":"type-product","3":"status-publish","4":"has-post-thumbnail","6":"product_cat-commercial","7":"product_cat-high-bay","8":"product_cat-ufo","9":"product_tag-chain-mount","10":"product_tag-high-bay","11":"product_tag-leds","12":"product_tag-commercial","13":"product_tag-pendant-mount","14":"product_tag-ufo","16":"first","17":"instock","18":"shipping-taxable","19":"product-type-simple"},"_links":{"self":[{"href":"https:\/\/nightriderleds.com\/fr\/wp-json\/wp\/v2\/product\/3647","targetHints":{"allow":["GET"]}}],"collection":[{"href":"https:\/\/nightriderleds.com\/fr\/wp-json\/wp\/v2\/product"}],"about":[{"href":"https:\/\/nightriderleds.com\/fr\/wp-json\/wp\/v2\/types\/product"}],"wp:featuredmedia":[{"embeddable":true,"href":"https:\/\/nightriderleds.com\/fr\/wp-json\/wp\/v2\/media\/7544"}],"wp:attachment":[{"href":"https:\/\/nightriderleds.com\/fr\/wp-json\/wp\/v2\/media?parent=3647"}],"wp:term":[{"taxonomy":"product_brand","embeddable":true,"href":"https:\/\/nightriderleds.com\/fr\/wp-json\/wp\/v2\/product_brand?post=3647"},{"taxonomy":"product_cat","embeddable":true,"href":"https:\/\/nightriderleds.com\/fr\/wp-json\/wp\/v2\/product_cat?post=3647"},{"taxonomy":"product_tag","embeddable":true,"href":"https:\/\/nightriderleds.com\/fr\/wp-json\/wp\/v2\/product_tag?post=3647"}],"curies":[{"name":"wp","href":"https:\/\/api.w.org\/{rel}","templated":true}]}}