{"id":3619,"date":"2019-03-26T10:29:10","date_gmt":"2019-03-26T17:29:10","guid":{"rendered":"https:\/\/nightriderleds.com\/?post_type=product&#038;p=3619"},"modified":"2024-02-12T15:50:50","modified_gmt":"2024-02-12T23:50:50","slug":"mounting-arm","status":"publish","type":"product","link":"https:\/\/nightriderleds.com\/fr\/products\/commercial\/solar\/mounting-arm\/","title":{"rendered":"Bras de montage pour Smart Solar Light"},"content":{"rendered":"<div id=\"wpsecol-7bfb37af-4d27-a8d4-c915-fcdcef66639f\" class=\"csRow\">\n<div class=\"csColumnGap\" style=\"margin: 0; padding: 0; float: left; width: 0%;\"><\/div>\n<div class=\"csColumn\" style=\"margin: 0; padding: 0; float: left; width: 46.349557522123895%;\" data-posx0=\"0\" data-posx1=\"46.46017699115044\" data-padding=\"5\" data-responsive=\"1\">\n<div style=\"padding: 5px;\">\n<div class=\"preview_text csColumn_text\">\n<h3>Bras de montage pour Smart Solar Light<\/h3>\n<h4>Montez facilement votre lampe solaire \u00e0 l'angle parfait pour une absorption maximale de l'\u00e9nergie solaire.<\/h4>\n<p>Option de montage rapide et facile pour la lampe LED solaire intelligente NightRider\u2122.<\/p>\n<p>R\u00e9glable pour obtenir un angle parfait afin de capter un maximum de soleil.<\/p>\n<p>&nbsp;<\/p>\n<p>&nbsp;<\/p>\n<\/div>\n<\/div>\n<\/div>\n<div class=\"csColumnGap\" style=\"margin: 0; padding: 0; float: left; width: 0.33185840707964603%;\"><\/div>\n<div class=\"csColumn\" style=\"margin: 0; padding: 0; float: left; width: 52.98672566371682%;\" data-posx0=\"46.792035398230084\" data-posx1=\"99.88938053097345\" data-padding=\"5\" data-responsive=\"1\">\n<div style=\"padding: 5px;\">\n<div class=\"preview_text csColumn_text\">\n<p><img fetchpriority=\"high\" decoding=\"async\" class=\"size-medium wp-image-3148\" src=\"https:\/\/nightriderleds.com\/wp-content\/uploads\/2018\/07\/Solar-Light-on-Remote-Cabin-by-Lake-544x256.jpg\" alt=\"Remote Lakeside Cabins with Solar Lights\" width=\"544\" height=\"256\" \/><\/p>\n<p>&nbsp;<\/p>\n<\/div>\n<\/div>\n<\/div>\n<div class=\"csColumnGap\" style=\"margin: 0; padding: 0; float: left; width: 0.3318584070796362%;\"><img decoding=\"async\" src=\"https:\/\/nightriderleds.com\/wp-content\/plugins\/wp-smart-editor\/plugins\/columns\/img\/1x1-pixel.png\" \/><\/div>\n<div style=\"clear: both; float: none; display: block; visibility: hidden; width: 0; font-size: 0; line-height: 0;\"><\/div>\n<\/div>\n<h3><\/h3>","protected":false},"excerpt":{"rendered":"<p>Bras de montage en m\u00e9tal thermolaqu\u00e9 pour une installation rapide et facile du luminaire LED solaire intelligent. Obtenez une exposition maximale \u00e0 la lumi\u00e8re du soleil pour des performances optimales la nuit.<\/p>\n<p>&nbsp;<\/p>\n<p>&nbsp;<\/p>\n<p>&nbsp;<\/p>\n<p>&nbsp;<\/p>","protected":false},"featured_media":8813,"template":"","meta":[],"product_brand":[],"product_cat":[134,985],"product_tag":[161,1201,172,987,986],"class_list":{"0":"post-3619","1":"product","2":"type-product","3":"status-publish","4":"has-post-thumbnail","6":"product_cat-commercial","7":"product_cat-solar","8":"product_tag-leds","9":"product_tag-mounting-arm","10":"product_tag-commercial","11":"product_tag-solar","12":"product_tag-solar-power","14":"first","15":"instock","16":"shipping-taxable","17":"product-type-simple"},"_links":{"self":[{"href":"https:\/\/nightriderleds.com\/fr\/wp-json\/wp\/v2\/product\/3619","targetHints":{"allow":["GET"]}}],"collection":[{"href":"https:\/\/nightriderleds.com\/fr\/wp-json\/wp\/v2\/product"}],"about":[{"href":"https:\/\/nightriderleds.com\/fr\/wp-json\/wp\/v2\/types\/product"}],"wp:featuredmedia":[{"embeddable":true,"href":"https:\/\/nightriderleds.com\/fr\/wp-json\/wp\/v2\/media\/8813"}],"wp:attachment":[{"href":"https:\/\/nightriderleds.com\/fr\/wp-json\/wp\/v2\/media?parent=3619"}],"wp:term":[{"taxonomy":"product_brand","embeddable":true,"href":"https:\/\/nightriderleds.com\/fr\/wp-json\/wp\/v2\/product_brand?post=3619"},{"taxonomy":"product_cat","embeddable":true,"href":"https:\/\/nightriderleds.com\/fr\/wp-json\/wp\/v2\/product_cat?post=3619"},{"taxonomy":"product_tag","embeddable":true,"href":"https:\/\/nightriderleds.com\/fr\/wp-json\/wp\/v2\/product_tag?post=3619"}],"curies":[{"name":"wp","href":"https:\/\/api.w.org\/{rel}","templated":true}]}}