{"id":3364,"date":"2019-01-10T09:12:22","date_gmt":"2019-01-10T17:12:22","guid":{"rendered":"https:\/\/nightriderleds.com\/?post_type=product&#038;p=3364"},"modified":"2019-11-15T10:16:07","modified_gmt":"2019-11-15T18:16:07","slug":"common-household-to-mogul-socket-adapter","status":"publish","type":"product","link":"https:\/\/nightriderleds.com\/fr\/products\/commercial\/corn\/edison\/common-household-to-mogul-socket-adapter\/","title":{"rendered":"Adaptateur entre prise domestique et prise m\u00e2le"},"content":{"rendered":"<div id=\"wpsecol-7bfb37af-4d27-a8d4-c915-fcdcef66639f\" class=\"csRow\">\n<div class=\"csColumn\" style=\"margin: 0; padding: 0; float: left; width: 50%;\" data-posx0=\"0\" data-posx1=\"46.46017699115044\" data-padding=\"5\" data-responsive=\"1\">\n<div style=\"padding: 5px;\">\n<div class=\"preview_text csColumn_text\">\n<h3>Adaptateur de douille pour lampes ma\u00efs \u00e0 LED<\/h3>\n<h4>Modernisez vos anciens luminaires et commencez \u00e0 \u00e9conomiser.<\/h4>\n<p>Remplacez vos anciennes ampoules par des ampoules LED ma\u00efs et profitez des avantages de l'\u00e9clairage LED. Cet adaptateur permet d'utiliser une ampoule LED ma\u00efs de plus forte puissance avec une grande douille \u00e0 vis Mogul dans une douille domestique courante (Edison). Augmentez votre puissance lumineuse en toute simplicit\u00e9.<\/p>\n<p>Attention : Ne pas d\u00e9passer la puissance sp\u00e9cifi\u00e9e sur votre luminaire.<\/p>\n<p>&nbsp;<\/p>\n<p>&nbsp;<\/p>\n<\/div>\n<\/div>\n<\/div>\n<div class=\"csColumn\" style=\"margin: 0; padding: 0; float: left; width: 50%;\" data-posx0=\"46.792035398230084\" data-posx1=\"99.88938053097345\" data-padding=\"5\" data-responsive=\"1\">\n<div style=\"padding: 5px;\">\n<div class=\"preview_text csColumn_text\">\n<p><img fetchpriority=\"high\" decoding=\"async\" class=\"wp-image-3312 size-medium\" src=\"https:\/\/nightriderleds.com\/wp-content\/uploads\/2019\/01\/Stable-At-Night-544x340.jpg\" alt=\"LED Corn Lights used in Stable\" width=\"544\" height=\"340\" srcset=\"https:\/\/nightriderleds.com\/wp-content\/uploads\/2019\/01\/Stable-At-Night-544x340.jpg 544w, https:\/\/nightriderleds.com\/wp-content\/uploads\/2019\/01\/Stable-At-Night-195x122.jpg 195w, https:\/\/nightriderleds.com\/wp-content\/uploads\/2019\/01\/Stable-At-Night-768x480.jpg 768w, https:\/\/nightriderleds.com\/wp-content\/uploads\/2019\/01\/Stable-At-Night.jpg 1088w, https:\/\/nightriderleds.com\/wp-content\/uploads\/2019\/01\/Stable-At-Night-680x425.jpg 680w, https:\/\/nightriderleds.com\/wp-content\/uploads\/2019\/01\/Stable-At-Night-272x170.jpg 272w\" sizes=\"(max-width: 544px) 100vw, 544px\" \/><\/p>\n<\/div>\n<\/div>\n<\/div>\n<\/div>","protected":false},"excerpt":{"rendered":"<p>Permet l'utilisation d'une ampoule ma\u00efs \u00e0 LED avec un culot \u00e0 vis Mogul de grande taille dans une douille \u00e0 vis Edison domestique courante. Augmentez facilement votre rendement lumineux.<\/p>\n<p>Remarque : cet article n'est pas certifi\u00e9 cUL<\/p>\n<p>&nbsp;<\/p>","protected":false},"featured_media":3365,"template":"","meta":[],"product_brand":[],"product_cat":[134,135,959,960,1033],"product_tag":[1034,470,961,161,172],"class_list":{"0":"post-3364","1":"product","2":"type-product","3":"status-publish","4":"has-post-thumbnail","6":"product_cat-commercial","7":"product_cat-corn","8":"product_cat-edison","9":"product_cat-mogul","10":"product_cat-socket-adapter","11":"product_tag-adapter","12":"product_tag-corn-lights","13":"product_tag-edison-common","14":"product_tag-leds","15":"product_tag-commercial","17":"first","18":"instock","19":"shipping-taxable","20":"product-type-simple"},"_links":{"self":[{"href":"https:\/\/nightriderleds.com\/fr\/wp-json\/wp\/v2\/product\/3364","targetHints":{"allow":["GET"]}}],"collection":[{"href":"https:\/\/nightriderleds.com\/fr\/wp-json\/wp\/v2\/product"}],"about":[{"href":"https:\/\/nightriderleds.com\/fr\/wp-json\/wp\/v2\/types\/product"}],"wp:featuredmedia":[{"embeddable":true,"href":"https:\/\/nightriderleds.com\/fr\/wp-json\/wp\/v2\/media\/3365"}],"wp:attachment":[{"href":"https:\/\/nightriderleds.com\/fr\/wp-json\/wp\/v2\/media?parent=3364"}],"wp:term":[{"taxonomy":"product_brand","embeddable":true,"href":"https:\/\/nightriderleds.com\/fr\/wp-json\/wp\/v2\/product_brand?post=3364"},{"taxonomy":"product_cat","embeddable":true,"href":"https:\/\/nightriderleds.com\/fr\/wp-json\/wp\/v2\/product_cat?post=3364"},{"taxonomy":"product_tag","embeddable":true,"href":"https:\/\/nightriderleds.com\/fr\/wp-json\/wp\/v2\/product_tag?post=3364"}],"curies":[{"name":"wp","href":"https:\/\/api.w.org\/{rel}","templated":true}]}}