{"id":3362,"date":"2019-01-10T08:38:03","date_gmt":"2019-01-10T16:38:03","guid":{"rendered":"https:\/\/nightriderleds.com\/?post_type=product&#038;p=3362"},"modified":"2019-11-15T10:20:34","modified_gmt":"2019-11-15T18:20:34","slug":"mogul-to-common-household-socket-adapter","status":"publish","type":"product","link":"https:\/\/nightriderleds.com\/fr\/products\/commercial\/corn\/edison\/mogul-to-common-household-socket-adapter\/","title":{"rendered":"Adaptateur Mogul vers prise domestique commune"},"content":{"rendered":"<div id=\"wpsecol-7bfb37af-4d27-a8d4-c915-fcdcef66639f\" class=\"csRow\">\n<div class=\"csColumn\" style=\"margin: 0; padding: 0; float: left; width: 50%;\" data-posx0=\"0\" data-posx1=\"46.46017699115044\" data-padding=\"5\" data-responsive=\"1\">\n<div style=\"padding: 5px;\">\n<div class=\"preview_text csColumn_text\">\n<h3>Adaptateur de douille pour lampes ma\u00efs \u00e0 LED<\/h3>\n<h4>Modernisez vos anciens luminaires et commencez \u00e0 \u00e9conomiser.<\/h4>\n<p>Remplacez vos anciennes ampoules par des ampoules ma\u00efs LED et profitez des avantages des LED. Cet adaptateur permet d'utiliser une ampoule ma\u00efs \u00e0 culot \u00e0 vis standard (Edison) dans un luminaire dot\u00e9 de douille \u00e0 vis Mogul large. Ceci est utile lorsqu'une ampoule ma\u00efs de plus forte puissance avec un culot \u00e0 vis Mogul large est trop volumineuse pour votre ancien luminaire.<\/p>\n<p><strong>Assurez-vous de retirer tout ballast existant de votre luminaire avant d'ins\u00e9rer l'ampoule LED en \u00e9pi.<\/strong><\/p>\n<p>&nbsp;<\/p>\n<p>&nbsp;<\/p>\n<\/div>\n<\/div>\n<\/div>\n<div class=\"csColumn\" style=\"margin: 0; padding: 0; float: left; width: 50%;\" data-posx0=\"46.792035398230084\" data-posx1=\"99.88938053097345\" data-padding=\"5\" data-responsive=\"1\">\n<div style=\"padding: 5px;\">\n<div class=\"preview_text csColumn_text\">\n<p><img fetchpriority=\"high\" decoding=\"async\" class=\"alignnone size-medium wp-image-1047\" src=\"https:\/\/nightriderleds.com\/wp-content\/uploads\/2017\/11\/Corn-Light-Application-1088x680-544x340.jpg\" alt=\"\" width=\"544\" height=\"340\" srcset=\"https:\/\/nightriderleds.com\/wp-content\/uploads\/2017\/11\/Corn-Light-Application-1088x680-544x340.jpg 544w, https:\/\/nightriderleds.com\/wp-content\/uploads\/2017\/11\/Corn-Light-Application-1088x680.jpg 1088w, https:\/\/nightriderleds.com\/wp-content\/uploads\/2017\/11\/Corn-Light-Application-1088x680-195x122.jpg 195w, https:\/\/nightriderleds.com\/wp-content\/uploads\/2017\/11\/Corn-Light-Application-1088x680-768x480.jpg 768w, https:\/\/nightriderleds.com\/wp-content\/uploads\/2017\/11\/Corn-Light-Application-1088x680-680x425.jpg 680w, https:\/\/nightriderleds.com\/wp-content\/uploads\/2017\/11\/Corn-Light-Application-1088x680-272x170.jpg 272w\" sizes=\"(max-width: 544px) 100vw, 544px\" \/><\/p>\n<\/div>\n<\/div>\n<\/div>\n<\/div>","protected":false},"excerpt":{"rendered":"<p>Permet d'utiliser une ampoule LED ma\u00efs plus petite avec un culot \u00e0 vis Edison courant dans un luminaire con\u00e7u pour une ampoule Mogul plus grande. Parfait pour les luminaires ferm\u00e9s avec un espace limit\u00e9.<\/p>\n<p>Remarque : cet article n'est pas certifi\u00e9 cUL.<\/p>\n<p>&nbsp;<\/p>\n<p>&nbsp;<\/p>","protected":false},"featured_media":3363,"template":"","meta":[],"product_brand":[],"product_cat":[134,135,959,960,1033],"product_tag":[1034,470,961,161,172],"class_list":{"0":"post-3362","1":"product","2":"type-product","3":"status-publish","4":"has-post-thumbnail","6":"product_cat-commercial","7":"product_cat-corn","8":"product_cat-edison","9":"product_cat-mogul","10":"product_cat-socket-adapter","11":"product_tag-adapter","12":"product_tag-corn-lights","13":"product_tag-edison-common","14":"product_tag-leds","15":"product_tag-commercial","17":"first","18":"instock","19":"shipping-taxable","20":"product-type-simple"},"_links":{"self":[{"href":"https:\/\/nightriderleds.com\/fr\/wp-json\/wp\/v2\/product\/3362","targetHints":{"allow":["GET"]}}],"collection":[{"href":"https:\/\/nightriderleds.com\/fr\/wp-json\/wp\/v2\/product"}],"about":[{"href":"https:\/\/nightriderleds.com\/fr\/wp-json\/wp\/v2\/types\/product"}],"wp:featuredmedia":[{"embeddable":true,"href":"https:\/\/nightriderleds.com\/fr\/wp-json\/wp\/v2\/media\/3363"}],"wp:attachment":[{"href":"https:\/\/nightriderleds.com\/fr\/wp-json\/wp\/v2\/media?parent=3362"}],"wp:term":[{"taxonomy":"product_brand","embeddable":true,"href":"https:\/\/nightriderleds.com\/fr\/wp-json\/wp\/v2\/product_brand?post=3362"},{"taxonomy":"product_cat","embeddable":true,"href":"https:\/\/nightriderleds.com\/fr\/wp-json\/wp\/v2\/product_cat?post=3362"},{"taxonomy":"product_tag","embeddable":true,"href":"https:\/\/nightriderleds.com\/fr\/wp-json\/wp\/v2\/product_tag?post=3362"}],"curies":[{"name":"wp","href":"https:\/\/api.w.org\/{rel}","templated":true}]}}