{"id":3303,"date":"2018-12-28T08:51:19","date_gmt":"2018-12-28T16:51:19","guid":{"rendered":"https:\/\/nightriderleds.com\/?post_type=product&#038;p=3303"},"modified":"2023-11-28T09:24:42","modified_gmt":"2023-11-28T17:24:42","slug":"220w-white-high-bay-led-panel-troffer-light","status":"publish","type":"product","link":"https:\/\/nightriderleds.com\/fr\/products\/commercial\/high-bay\/linear-troffer\/220w-white-high-bay-led-panel-troffer-light\/","title":{"rendered":"Panneau lumineux LED High Bay blanc 220W Troffer Light"},"content":{"rendered":"<div id=\"wpsecol-7bfb37af-4d27-a8d4-c915-fcdcef66639f\" class=\"csRow\">\n<div class=\"csColumnGap\" style=\"margin: 0; padding: 0; float: left; width: 0%;\"><\/div>\n<div class=\"csColumn\" style=\"margin: 0; padding: 0; float: left; width: 46.349557522123895%;\" data-posx0=\"0\" data-posx1=\"46.46017699115044\" data-padding=\"5\" data-responsive=\"1\">\n<div style=\"padding: 5px;\">\n<div class=\"preview_text csColumn_text\">\n<h3>Panneau lumineux LED High Bay Troffer Light<\/h3>\n<h4>La solution d'\u00e9clairage id\u00e9ale, \u00e9conome en \u00e9nergie et n\u00e9cessitant peu d'entretien, pour les entrep\u00f4ts, les usines, les halls d'exposition, les supermarch\u00e9s et bien plus encore.<\/h4>\n<p>Ces luminaires n\u00e9cessitent tr\u00e8s peu d'entretien, ont une longue dur\u00e9e de vie et une faible consommation d'\u00e9nergie. Applications int\u00e9rieures uniquement. La puissance peut \u00eatre r\u00e9duite de 100% jusqu'\u00e0 50% pour optimiser davantage la consommation d'\u00e9nergie.<\/p>\n<p>Cette lampe est livr\u00e9e avec un support de cha\u00eene. Des supports de montage direct (NRC-THB-CBK) peuvent \u00eatre achet\u00e9s s\u00e9par\u00e9ment.<\/p>\n<p>Les lampes sont certifi\u00e9es UL, cUL et DLC et b\u00e9n\u00e9ficient d'une garantie de 5 ans.<\/p>\n<p>&nbsp;<\/p>\n<\/div>\n<\/div>\n<\/div>\n<div class=\"csColumnGap\" style=\"margin: 0; padding: 0; float: left; width: 0.33185840707964603%;\"><\/div>\n<div class=\"csColumn\" style=\"margin: 0; padding: 0; float: left; width: 52.98672566371682%;\" data-posx0=\"46.792035398230084\" data-posx1=\"99.88938053097345\" data-padding=\"5\" data-responsive=\"1\">\n<div style=\"padding: 5px;\">\n<div class=\"preview_text csColumn_text\">\n<p>&nbsp;<\/p>\n<p><img fetchpriority=\"high\" decoding=\"async\" class=\"size-medium wp-image-2666\" src=\"https:\/\/nightriderleds.com\/wp-content\/uploads\/2018\/02\/Warehouse-IMG-544x340.jpg\" alt=\"High Bay Troffer Lights in Warehouse\" width=\"544\" height=\"340\" srcset=\"https:\/\/nightriderleds.com\/wp-content\/uploads\/2018\/02\/Warehouse-IMG-544x340.jpg 544w, https:\/\/nightriderleds.com\/wp-content\/uploads\/2018\/02\/Warehouse-IMG.jpg 1088w, https:\/\/nightriderleds.com\/wp-content\/uploads\/2018\/02\/Warehouse-IMG-195x122.jpg 195w, https:\/\/nightriderleds.com\/wp-content\/uploads\/2018\/02\/Warehouse-IMG-768x480.jpg 768w, https:\/\/nightriderleds.com\/wp-content\/uploads\/2018\/02\/Warehouse-IMG-680x425.jpg 680w, https:\/\/nightriderleds.com\/wp-content\/uploads\/2018\/02\/Warehouse-IMG-272x170.jpg 272w\" sizes=\"(max-width: 544px) 100vw, 544px\" \/><\/p>\n<\/div>\n<\/div>\n<\/div>\n<div class=\"csColumnGap\" style=\"margin: 0; padding: 0; float: left; width: 0.3318584070796362%;\"><\/div>\n<div style=\"clear: both; float: none; display: block; visibility: hidden; width: 0; font-size: 0; line-height: 0;\"><\/div>\n<\/div>\n<h3><\/h3>\n<div id=\"style-wpsecol-7bfb37af-4d27-a8d4-c915-fcdcef66639f\">\n<style><!-- @media (max-width: 768px) { #wpsecol-7bfb37af-4d27-a8d4-c915-fcdcef66639f .csColumn { display: block; width: 100% !important; } #wpsecol-7bfb37af-4d27-a8d4-c915-fcdcef66639f .csColumnGap { display: none; } } --><\/style>\n<\/div>","protected":false},"excerpt":{"rendered":"<p>Peu d'entretien, faible consommation d'\u00e9nergie, longue dur\u00e9e de vie, rendement lumineux \u00e9lev\u00e9.<\/p>\n<p>220W \/ 28 500 \u2013 29 500 Lumens<\/p>\n<p>&nbsp;<\/p>\n<p>&nbsp;<\/p>","protected":false},"featured_media":7560,"template":"","meta":[],"product_brand":[],"product_cat":[134,141,937],"product_tag":[942,537,161,939,172,941,917],"class_list":{"0":"post-3303","1":"product","2":"type-product","3":"status-publish","4":"has-post-thumbnail","6":"product_cat-commercial","7":"product_cat-high-bay","8":"product_cat-linear-troffer","9":"product_tag-chain-mount","10":"product_tag-high-bay","11":"product_tag-leds","12":"product_tag-linear","13":"product_tag-commercial","14":"product_tag-pendant-mount","15":"product_tag-troffer","17":"first","18":"instock","19":"shipping-taxable","20":"product-type-simple"},"_links":{"self":[{"href":"https:\/\/nightriderleds.com\/fr\/wp-json\/wp\/v2\/product\/3303","targetHints":{"allow":["GET"]}}],"collection":[{"href":"https:\/\/nightriderleds.com\/fr\/wp-json\/wp\/v2\/product"}],"about":[{"href":"https:\/\/nightriderleds.com\/fr\/wp-json\/wp\/v2\/types\/product"}],"wp:featuredmedia":[{"embeddable":true,"href":"https:\/\/nightriderleds.com\/fr\/wp-json\/wp\/v2\/media\/7560"}],"wp:attachment":[{"href":"https:\/\/nightriderleds.com\/fr\/wp-json\/wp\/v2\/media?parent=3303"}],"wp:term":[{"taxonomy":"product_brand","embeddable":true,"href":"https:\/\/nightriderleds.com\/fr\/wp-json\/wp\/v2\/product_brand?post=3303"},{"taxonomy":"product_cat","embeddable":true,"href":"https:\/\/nightriderleds.com\/fr\/wp-json\/wp\/v2\/product_cat?post=3303"},{"taxonomy":"product_tag","embeddable":true,"href":"https:\/\/nightriderleds.com\/fr\/wp-json\/wp\/v2\/product_tag?post=3303"}],"curies":[{"name":"wp","href":"https:\/\/api.w.org\/{rel}","templated":true}]}}