{"id":3295,"date":"2018-12-19T11:21:27","date_gmt":"2018-12-19T19:21:27","guid":{"rendered":"https:\/\/nightriderleds.com\/?post_type=product&#038;p=3295"},"modified":"2019-11-15T10:32:42","modified_gmt":"2019-11-15T18:32:42","slug":"9-round-led-light-cover","status":"publish","type":"product","link":"https:\/\/nightriderleds.com\/fr\/products\/accessories\/lens-covers\/9-round-led-light-cover\/","title":{"rendered":"Couvercle de lumi\u00e8re LED rond de 9 pouces"},"content":{"rendered":"<div id=\"wpsecol-7bfb37af-4d27-a8d4-c915-fcdcef66639f\" class=\"csRow\">\n<div class=\"csColumnGap\" style=\"margin: 0; padding: 0; float: left; width: 0%;\"><img decoding=\"async\" src=\"https:\/\/nightriderleds.com\/wp-content\/plugins\/wp-smart-editor\/plugins\/columns\/img\/1x1-pixel.png\" \/><\/div>\n<div class=\"csColumn\" style=\"margin: 0; padding: 0; float: left; width: 46.349557522123895%;\" data-posx0=\"0\" data-posx1=\"46.46017699115044\" data-padding=\"5\" data-responsive=\"1\">\n<div style=\"padding: 5px;\">\n<div class=\"preview_text csColumn_text\">\n<h2>9\u2033 Round Light Cover for Street Legal N9REM<\/h2>\n<h4>Prot\u00e9gez votre investissement<\/h4>\n<\/div>\n<p>Con\u00e7u pour votre Street Legal Driver Pro 9R (N9REM).<\/p>\n<div class=\"preview_text csColumn_text\">\n<p>Les couvercles transparents sont con\u00e7us pour transmettre 99,9% de lumi\u00e8re visible. Les housses noires prot\u00e8gent vos feux lorsqu'ils ne sont pas utilis\u00e9s.<\/p>\n<h3><span style=\"font-size: 14px;\">Remarque : SEULS les capots noirs et transparents sont recommand\u00e9s pour vos feux de signalisation.<\/span><\/h3>\n<p>Les couvertures orange et bleue sont disponibles mais <em>pas<\/em> recommand\u00e9 pour une utilisation l\u00e9gale sur la voie publique.<\/p>\n<p>&nbsp;<\/p>\n<\/div>\n<\/div>\n<\/div>\n<div class=\"csColumnGap\" style=\"margin: 0; padding: 0; float: left; width: 0.33185840707964603%;\"><img decoding=\"async\" src=\"https:\/\/nightriderleds.com\/wp-content\/plugins\/wp-smart-editor\/plugins\/columns\/img\/1x1-pixel.png\" \/><\/div>\n<div class=\"csColumn\" style=\"margin: 0; padding: 0; float: left; width: 52.98672566371682%;\" data-posx0=\"46.792035398230084\" data-posx1=\"99.88938053097345\" data-padding=\"5\" data-responsive=\"1\">\n<div style=\"padding: 5px;\">\n<div class=\"preview_text csColumn_text\">\n<p><img fetchpriority=\"high\" decoding=\"async\" class=\"alignnone wp-image-1591 size-medium\" src=\"https:\/\/nightriderleds.com\/wp-content\/uploads\/2017\/11\/N2318-Assorted-1088x680-544x340.jpg\" alt=\"\" width=\"544\" height=\"340\" srcset=\"https:\/\/nightriderleds.com\/wp-content\/uploads\/2017\/11\/N2318-Assorted-1088x680-544x340.jpg 544w, https:\/\/nightriderleds.com\/wp-content\/uploads\/2017\/11\/N2318-Assorted-1088x680.jpg 1088w, https:\/\/nightriderleds.com\/wp-content\/uploads\/2017\/11\/N2318-Assorted-1088x680-195x122.jpg 195w, https:\/\/nightriderleds.com\/wp-content\/uploads\/2017\/11\/N2318-Assorted-1088x680-768x480.jpg 768w, https:\/\/nightriderleds.com\/wp-content\/uploads\/2017\/11\/N2318-Assorted-1088x680-680x425.jpg 680w, https:\/\/nightriderleds.com\/wp-content\/uploads\/2017\/11\/N2318-Assorted-1088x680-272x170.jpg 272w\" sizes=\"(max-width: 544px) 100vw, 544px\" \/><\/p>\n<\/div>\n<\/div>\n<\/div>\n<div class=\"csColumnGap\" style=\"margin: 0; padding: 0; float: left; width: 0.3318584070796362%;\"><img decoding=\"async\" src=\"https:\/\/nightriderleds.com\/wp-content\/plugins\/wp-smart-editor\/plugins\/columns\/img\/1x1-pixel.png\" \/><\/div>\n<div style=\"clear: both; float: none; display: block; visibility: hidden; width: 0; font-size: 0; line-height: 0;\"><\/div>\n<\/div>\n<h3><\/h3>\n<div id=\"style-wpsecol-7bfb37af-4d27-a8d4-c915-fcdcef66639f\">\n<style><!-- @media (max-width: 768px) { #wpsecol-7bfb37af-4d27-a8d4-c915-fcdcef66639f .csColumn { display: block; width: 100% !important; } #wpsecol-7bfb37af-4d27-a8d4-c915-fcdcef66639f .csColumnGap { display: none; } } --><\/style>\n<\/div>","protected":false},"excerpt":{"rendered":"<p>Con\u00e7u pour votre lampe LED 9\u2033 Round Street Legal Driver Pro 9R.<\/p>\n<p>Prot\u00e9gez votre lampe de rue l\u00e9gale avec un couvercle transparent ou utilisez un couvercle noir lorsque vous ne l'utilisez pas.<\/p>\n<p>Remarque : les couvercles bleu et ambre sont disponibles, mais ils ne sont pas recommand\u00e9s car ils ne sont pas homologu\u00e9s pour la circulation routi\u00e8re.<\/p>\n<p>&nbsp;<\/p>\n<p>&nbsp;<\/p>","protected":false},"featured_media":1591,"template":"","meta":[],"product_brand":[],"product_cat":[129,132],"product_tag":[1024,554,161,1025],"class_list":{"0":"post-3295","1":"product","2":"type-product","3":"status-publish","4":"has-post-thumbnail","6":"product_cat-accessories","7":"product_cat-lens-covers","8":"product_tag-9-round-cover","9":"product_tag-covers","10":"product_tag-leds","11":"product_tag-n9rem","13":"first","14":"instock","15":"shipping-taxable","16":"product-type-variable"},"_links":{"self":[{"href":"https:\/\/nightriderleds.com\/fr\/wp-json\/wp\/v2\/product\/3295","targetHints":{"allow":["GET"]}}],"collection":[{"href":"https:\/\/nightriderleds.com\/fr\/wp-json\/wp\/v2\/product"}],"about":[{"href":"https:\/\/nightriderleds.com\/fr\/wp-json\/wp\/v2\/types\/product"}],"wp:featuredmedia":[{"embeddable":true,"href":"https:\/\/nightriderleds.com\/fr\/wp-json\/wp\/v2\/media\/1591"}],"wp:attachment":[{"href":"https:\/\/nightriderleds.com\/fr\/wp-json\/wp\/v2\/media?parent=3295"}],"wp:term":[{"taxonomy":"product_brand","embeddable":true,"href":"https:\/\/nightriderleds.com\/fr\/wp-json\/wp\/v2\/product_brand?post=3295"},{"taxonomy":"product_cat","embeddable":true,"href":"https:\/\/nightriderleds.com\/fr\/wp-json\/wp\/v2\/product_cat?post=3295"},{"taxonomy":"product_tag","embeddable":true,"href":"https:\/\/nightriderleds.com\/fr\/wp-json\/wp\/v2\/product_tag?post=3295"}],"curies":[{"name":"wp","href":"https:\/\/api.w.org\/{rel}","templated":true}]}}