{"id":3273,"date":"2018-12-03T13:20:39","date_gmt":"2018-12-03T21:20:39","guid":{"rendered":"https:\/\/nightriderleds.com\/?post_type=product&#038;p=3273"},"modified":"2021-06-28T15:13:20","modified_gmt":"2021-06-28T22:13:20","slug":"nightfire-500c-headlamp","status":"publish","type":"product","link":"https:\/\/nightriderleds.com\/fr\/products\/portable-lighting\/flashlights-headlamps\/nightfire-500c-headlamp\/","title":{"rendered":"Lampe frontale NightFire\u00ae 500C"},"content":{"rendered":"<div id=\"wpsecol-7bfb37af-4d27-a8d4-c915-fcdcef66639f\" class=\"csRow\">\n<div class=\"csColumnGap\" style=\"margin: 0; padding: 0; float: left; width: 0%;\"><img decoding=\"async\" src=\"https:\/\/nightriderleds.com\/wp-content\/plugins\/wp-smart-editor\/plugins\/columns\/img\/1x1-pixel.png\" \/><\/div>\n<div class=\"csColumn\" style=\"margin: 0; padding: 0; float: left; width: 46.349557522123895%;\" data-posx0=\"0\" data-posx1=\"46.46017699115044\" data-padding=\"5\" data-responsive=\"1\">\n<div style=\"padding: 5px;\">\n<div class=\"preview_text csColumn_text\">\n<h3>Lampe frontale NightFire\u00ae 500C<\/h3>\n<h3><span style=\"font-size: medium;\">Haute intensit\u00e9, compacte et rechargeable<\/span><\/h3>\n<p>La lampe frontale NightFire\u00ae 500C est facile \u00e0 utiliser et dure jusqu'\u00e0 320 minutes avec une seule charge. Elle est \u00e9quip\u00e9e d'un capteur infrarouge intelligent qui vous permet d'allumer et d'\u00e9teindre votre lampe frontale d'un simple geste de la main. Cette fonction peut \u00eatre activ\u00e9e ou d\u00e9sactiv\u00e9e selon les pr\u00e9f\u00e9rences et les besoins.<\/p>\n<p>Choisissez parmi 4 modes d'\u00e9clairage : Haut, moyen, bas et S.O.S. Passez d'un mode \u00e0 l'autre en appuyant sur le bouton \u2018On\u2019. Pour passer en mode SOS, appuyez sur le bouton \u2018On\u2019 et maintenez-le enfonc\u00e9 pendant 2 secondes.<\/p>\n<p>La lampe frontale est \u00e9quip\u00e9e d'un port Micro USB pour recharger facilement la batterie Li-ion 102342P int\u00e9gr\u00e9e. Le cordon de charge USB est inclus.<\/p>\n<p>Chargez toujours votre lampe frontale sur une surface ininflammable et ne la laissez pas sans surveillance pendant la charge.<\/p>\n<p>&nbsp;<\/p>\n<p>&nbsp;<\/p>\n<\/div>\n<\/div>\n<\/div>\n<div class=\"csColumnGap\" style=\"margin: 0; padding: 0; float: left; width: 0.33185840707964603%;\"><img decoding=\"async\" src=\"https:\/\/nightriderleds.com\/wp-content\/plugins\/wp-smart-editor\/plugins\/columns\/img\/1x1-pixel.png\" \/><\/div>\n<div><\/div>\n<div class=\"csColumn\" style=\"margin: 0; padding: 0; float: left; width: 52.98672566371682%;\" data-posx0=\"46.792035398230084\" data-posx1=\"99.88938053097345\" data-padding=\"5\" data-responsive=\"1\">\n<div style=\"padding: 5px;\">\n<div class=\"preview_text csColumn_text\">\n<p><img fetchpriority=\"high\" decoding=\"async\" class=\"wp-image-3281\" src=\"https:\/\/nightriderleds.com\/wp-content\/uploads\/2018\/12\/Mechanic-using-Headlamp-544x340.jpg\" alt=\"Mechanic using Headlamp\" width=\"544\" height=\"340\" srcset=\"https:\/\/nightriderleds.com\/wp-content\/uploads\/2018\/12\/Mechanic-using-Headlamp-544x340.jpg 544w, https:\/\/nightriderleds.com\/wp-content\/uploads\/2018\/12\/Mechanic-using-Headlamp-195x122.jpg 195w, https:\/\/nightriderleds.com\/wp-content\/uploads\/2018\/12\/Mechanic-using-Headlamp-768x480.jpg 768w, https:\/\/nightriderleds.com\/wp-content\/uploads\/2018\/12\/Mechanic-using-Headlamp.jpg 1088w, https:\/\/nightriderleds.com\/wp-content\/uploads\/2018\/12\/Mechanic-using-Headlamp-680x425.jpg 680w, https:\/\/nightriderleds.com\/wp-content\/uploads\/2018\/12\/Mechanic-using-Headlamp-272x170.jpg 272w\" sizes=\"(max-width: 544px) 100vw, 544px\" \/><\/p>\n<\/div>\n<\/div>\n<\/div>\n<div class=\"csColumnGap\" style=\"margin: 0; padding: 0; float: left; width: 0.3318584070796362%;\"><img decoding=\"async\" src=\"https:\/\/nightriderleds.com\/wp-content\/plugins\/wp-smart-editor\/plugins\/columns\/img\/1x1-pixel.png\" \/><\/div>\n<div style=\"clear: both; float: none; display: block; visibility: hidden; width: 0; font-size: 0; line-height: 0;\"><\/div>\n<\/div>\n<h3><\/h3>\n<div id=\"style-wpsecol-7bfb37af-4d27-a8d4-c915-fcdcef66639f\">\n<style><!-- @media (max-width: 768px) { #wpsecol-7bfb37af-4d27-a8d4-c915-fcdcef66639f .csColumn { display: block; width: 100% !important; } #wpsecol-7bfb37af-4d27-a8d4-c915-fcdcef66639f .csColumnGap { display: none; } } --><\/style>\n<\/div>","protected":false},"excerpt":{"rendered":"<p>Compacte, puissante et rechargeable. \u00c9clairage mains libres partout o\u00f9 cela est n\u00e9cessaire.<\/p>\n<p>Ajustez le faisceau dans un angle de 60\u00ba pour un meilleur \u00e9clairage.<\/p>\n<p>Choisissez parmi 4 modes d'\u00e9clairage diff\u00e9rents : fort, moyen, faible et SOS.<\/p>\n<p>Comprend une batterie rechargeable 102342P Li-ion int\u00e9gr\u00e9e et un port Micro USB \u00e9tanche pour une recharge facile et rapide.<\/p>\n<p>&nbsp;<\/p>\n<p>&nbsp;<\/p>","protected":false},"featured_media":3275,"template":"","meta":[],"product_brand":[],"product_cat":[1232,1231],"product_tag":[543,445,161,544],"class_list":{"0":"post-3273","1":"product","2":"type-product","3":"status-publish","4":"has-post-thumbnail","6":"product_cat-flashlights-headlamps","7":"product_cat-portable-lighting","8":"product_tag-flashlight","9":"product_tag-headlamp","10":"product_tag-leds","11":"product_tag-nightfire","13":"first","14":"instock","15":"shipping-taxable","16":"product-type-simple"},"_links":{"self":[{"href":"https:\/\/nightriderleds.com\/fr\/wp-json\/wp\/v2\/product\/3273","targetHints":{"allow":["GET"]}}],"collection":[{"href":"https:\/\/nightriderleds.com\/fr\/wp-json\/wp\/v2\/product"}],"about":[{"href":"https:\/\/nightriderleds.com\/fr\/wp-json\/wp\/v2\/types\/product"}],"wp:featuredmedia":[{"embeddable":true,"href":"https:\/\/nightriderleds.com\/fr\/wp-json\/wp\/v2\/media\/3275"}],"wp:attachment":[{"href":"https:\/\/nightriderleds.com\/fr\/wp-json\/wp\/v2\/media?parent=3273"}],"wp:term":[{"taxonomy":"product_brand","embeddable":true,"href":"https:\/\/nightriderleds.com\/fr\/wp-json\/wp\/v2\/product_brand?post=3273"},{"taxonomy":"product_cat","embeddable":true,"href":"https:\/\/nightriderleds.com\/fr\/wp-json\/wp\/v2\/product_cat?post=3273"},{"taxonomy":"product_tag","embeddable":true,"href":"https:\/\/nightriderleds.com\/fr\/wp-json\/wp\/v2\/product_tag?post=3273"}],"curies":[{"name":"wp","href":"https:\/\/api.w.org\/{rel}","templated":true}]}}