{"id":3180,"date":"2018-08-23T10:23:35","date_gmt":"2018-08-23T17:23:35","guid":{"rendered":"https:\/\/nightriderleds.com\/?post_type=product&#038;p=3180"},"modified":"2026-04-07T11:53:04","modified_gmt":"2026-04-07T18:53:04","slug":"45w-ultra-blue-light","status":"publish","type":"product","link":"https:\/\/nightriderleds.com\/fr\/products\/automotive-equipment\/heavy-duty\/45w-ultra-blue-light\/","title":{"rendered":"Lumi\u00e8re ultra-bleue 45W"},"content":{"rendered":"<div id=\"wpsecol-7bfb37af-4d27-a8d4-c915-fcdcef66639f\" class=\"csRow\">\n<div class=\"csColumnGap\" style=\"margin: 0; padding: 0; float: left; width: 0%;\"><img decoding=\"async\" src=\"https:\/\/nightriderleds.com\/wp-content\/plugins\/wp-smart-editor\/plugins\/columns\/img\/1x1-pixel.png\" \/><\/div>\n<div class=\"csColumn\" style=\"margin: 0; padding: 0; float: left; width: 46.349557522123895%;\" data-posx0=\"0\" data-posx1=\"46.46017699115044\" data-padding=\"5\" data-responsive=\"1\">\n<div style=\"padding: 5px;\">\n<div class=\"preview_text csColumn_text\">\n<h3>Lumi\u00e8re ultra-bleue 45W<\/h3>\n<h4>Con\u00e7u pour la pulv\u00e9risation des cultures ou l'\u00e9clairage d'appoint de s\u00e9curit\u00e9<\/h4>\n<p>Lorsqu'elles sont mont\u00e9es sur l'extr\u00e9mit\u00e9 de l'aile de l'\u00e9quipement de pulv\u00e9risation, pr\u00e8s du pivot, ces lampes \u00e9clairent l'ensemble de la zone de pulv\u00e9risation, et vous pouvez facilement rep\u00e9rer les buses bouch\u00e9es ou d'autres irr\u00e9gularit\u00e9s dans la r\u00e9partition de la pulv\u00e9risation depuis la cabine.<\/p>\n<p>A utiliser \u00e9galement pour l'\u00e9clairage de s\u00e9curit\u00e9 des chariots \u00e9l\u00e9vateurs. Les feux cr\u00e9ent une tache bleue distincte sur le sol.\u00a0<em>\u00catre visible - \u00eatre en s\u00e9curit\u00e9.<\/em><\/p>\n<p>Les lampes sont class\u00e9es IP67\/IP69K (l'indice de protection le plus \u00e9lev\u00e9 disponible), sont dot\u00e9es d'une isolation contre les chocs en caoutchouc dans leur base, de lentilles en polycarbonate r\u00e9sistantes et de bo\u00eetiers en aluminium robustes.<\/p>\n<p>Construit pour r\u00e9sister \u00e0 des conditions de travail difficiles.<\/p>\n<p>Les lampes ultra-bleues sont livr\u00e9es avec une prise Deutsch \u2018Plug&amp;Play\u2019 pour une installation rapide et facile, ainsi qu'un mat\u00e9riel de montage robuste.<\/p>\n<p>&nbsp;<\/p>\n<\/div>\n<\/div>\n<\/div>\n<div class=\"csColumnGap\" style=\"margin: 0; padding: 0; float: left; width: 0.33185840707964603%;\"><img decoding=\"async\" src=\"https:\/\/nightriderleds.com\/wp-content\/plugins\/wp-smart-editor\/plugins\/columns\/img\/1x1-pixel.png\" \/><\/div>\n<div class=\"csColumn\" style=\"margin: 0; padding: 0; float: left; width: 52.98672566371682%;\" data-posx0=\"46.792035398230084\" data-posx1=\"99.88938053097345\" data-padding=\"5\" data-responsive=\"1\">\n<div style=\"padding: 5px;\">\n<div class=\"preview_text csColumn_text\">\n<p><img fetchpriority=\"high\" decoding=\"async\" class=\"wp-image-3884 size-medium\" src=\"https:\/\/nightriderleds.com\/wp-content\/uploads\/2018\/08\/Dual-Purpose-Image-544x340.jpg\" alt=\"\" width=\"544\" height=\"340\" srcset=\"https:\/\/nightriderleds.com\/wp-content\/uploads\/2018\/08\/Dual-Purpose-Image-544x340.jpg 544w, https:\/\/nightriderleds.com\/wp-content\/uploads\/2018\/08\/Dual-Purpose-Image-195x122.jpg 195w, https:\/\/nightriderleds.com\/wp-content\/uploads\/2018\/08\/Dual-Purpose-Image-768x480.jpg 768w, https:\/\/nightriderleds.com\/wp-content\/uploads\/2018\/08\/Dual-Purpose-Image.jpg 1088w\" sizes=\"(max-width: 544px) 100vw, 544px\" \/><\/p>\n<\/div>\n<\/div>\n<\/div>\n<div class=\"csColumnGap\" style=\"margin: 0; padding: 0; float: left; width: 0.3318584070796362%;\"><img decoding=\"async\" src=\"https:\/\/nightriderleds.com\/wp-content\/plugins\/wp-smart-editor\/plugins\/columns\/img\/1x1-pixel.png\" \/><\/div>\n<div style=\"clear: both; float: none; display: block; visibility: hidden; width: 0; font-size: 0; line-height: 0;\"><\/div>\n<\/div>\n<h3><\/h3>\n<div id=\"style-wpsecol-7bfb37af-4d27-a8d4-c915-fcdcef66639f\">\n<style><!-- @media (max-width: 768px) { #wpsecol-7bfb37af-4d27-a8d4-c915-fcdcef66639f .csColumn { display: block; width: 100% !important; } #wpsecol-7bfb37af-4d27-a8d4-c915-fcdcef66639f .csColumnGap { display: none; } } --><\/style>\n<\/div>","protected":false},"excerpt":{"rendered":"<p>Lampe \u00e0 usage intensif con\u00e7ue pour les \u00e9quipements de pulv\u00e9risation des cultures. Contr\u00f4lez facilement la r\u00e9partition des pulv\u00e9risations depuis votre cabine et remarquez si une buse est bouch\u00e9e.<\/p>\n<p>A utiliser \u00e9galement comme \u00e9clairage de s\u00e9curit\u00e9 sur les chariots \u00e9l\u00e9vateurs.<\/p>\n<p>Livr\u00e9 avec un support de montage robuste absorbant les chocs et une fiche Deutsch pour une installation facile \u2018Plug&amp;Play\u2019.<\/p>\n<p><a href=\"https:\/\/nightriderleds.com\/wp-content\/uploads\/2024\/11\/Wiring-Instructions-for-Heavy-Duty-Lights-V2.pdf\" target=\"_blank\" rel=\"noopener\">Options de c\u00e2blage<\/a><\/p>\n<p><a href=\"https:\/\/nightriderleds.com\/wp-content\/uploads\/2026\/03\/Wiring-Instructions-for-Heavy-Duty-Lights-V2-FRENCH.pdf\" target=\"_blank\" rel=\"noopener\">Options de c\u00e2blage<\/a><\/p>\n<p>&nbsp;<\/p>","protected":false},"featured_media":3185,"template":"","meta":[],"product_brand":[],"product_cat":[15,123],"product_tag":[997,160,316,161],"class_list":{"0":"post-3180","1":"product","2":"type-product","3":"status-publish","4":"has-post-thumbnail","6":"product_cat-automotive-equipment","7":"product_cat-heavy-duty","8":"product_tag-agriculture","9":"product_tag-automotive","10":"product_tag-heavy-duty","11":"product_tag-leds","13":"first","14":"instock","15":"shipping-taxable","16":"product-type-simple"},"_links":{"self":[{"href":"https:\/\/nightriderleds.com\/fr\/wp-json\/wp\/v2\/product\/3180","targetHints":{"allow":["GET"]}}],"collection":[{"href":"https:\/\/nightriderleds.com\/fr\/wp-json\/wp\/v2\/product"}],"about":[{"href":"https:\/\/nightriderleds.com\/fr\/wp-json\/wp\/v2\/types\/product"}],"wp:featuredmedia":[{"embeddable":true,"href":"https:\/\/nightriderleds.com\/fr\/wp-json\/wp\/v2\/media\/3185"}],"wp:attachment":[{"href":"https:\/\/nightriderleds.com\/fr\/wp-json\/wp\/v2\/media?parent=3180"}],"wp:term":[{"taxonomy":"product_brand","embeddable":true,"href":"https:\/\/nightriderleds.com\/fr\/wp-json\/wp\/v2\/product_brand?post=3180"},{"taxonomy":"product_cat","embeddable":true,"href":"https:\/\/nightriderleds.com\/fr\/wp-json\/wp\/v2\/product_cat?post=3180"},{"taxonomy":"product_tag","embeddable":true,"href":"https:\/\/nightriderleds.com\/fr\/wp-json\/wp\/v2\/product_tag?post=3180"}],"curies":[{"name":"wp","href":"https:\/\/api.w.org\/{rel}","templated":true}]}}