{"id":3142,"date":"2018-07-16T12:52:19","date_gmt":"2018-07-16T19:52:19","guid":{"rendered":"https:\/\/nightriderleds.com\/?post_type=product&#038;p=3142"},"modified":"2026-04-07T13:53:36","modified_gmt":"2026-04-07T20:53:36","slug":"street-legal-side-shooter-single-shot","status":"publish","type":"product","link":"https:\/\/nightriderleds.com\/fr\/products\/automotive-equipment\/street-legal\/ece-emark\/compact-ece-emark\/street-legal-side-shooter-single-shot\/","title":{"rendered":"Tirette lat\u00e9rale homologu\u00e9e pour la rue \u2013 Mono coup"},"content":{"rendered":"<h3>Certifi\u00e9 ECE\/EMARK<\/h3>\n<h4>Le phare Spot Legale* avec r\u00e9flecteurs Flood \u00e0 140\u00ba sur ses c\u00f4t\u00e9s pour diffuser la lumi\u00e8re largement, \u00e9galement !<\/h4>\n<p>D\u00e9sormais, vous pouvez obtenir le tout dans un ensemble tr\u00e8s compact : un faisceau lointain pour voir loin devant, combin\u00e9 \u00e0 un faisceau large sur le c\u00f4t\u00e9 pour \u00e9clairer les bas-c\u00f4t\u00e9s ! Certifi\u00e9 ECE R112 pour feux de route additionnels.<\/p>\n<p>Livr\u00e9 avec prise allemande int\u00e9gr\u00e9e et mat\u00e9riel de montage.<\/p>\n<p>&nbsp;<\/p>\n<p><em>*V\u00e9rifiez toujours les r\u00e8gles et r\u00e9glementations r\u00e9gionales concernant l'utilisation de l'eau.<span class=\"Apple-converted-space\">\u00a0<\/span>l'utilisation de feux de route auxiliaires. NightRider\u2122 LEDS s'efforce de fournir<span class=\"Apple-converted-space\">\u00a0<\/span>les feux les plus s\u00fbrs et les plus l\u00e9gaux, mais ne peut \u00eatre tenu responsable des restrictions r\u00e9gionales, d'un montage, d'une vis\u00e9e ou d'un c\u00e2blage inad\u00e9quats.<\/em><\/p>\n<div><\/div>\n<p>&nbsp;<\/p>\n<p>&nbsp;<\/p>\n<p>&nbsp;<\/p>\n<p>&nbsp;<\/p>\n<p>&nbsp;<\/p>","protected":false},"excerpt":{"rendered":"<p>Vous pouvez maintenant tout avoir dans un ensemble tr\u00e8s compact : un \u00e9clairage lointain pour voir devant combin\u00e9 \u00e0 un faisceau large sur le c\u00f4t\u00e9 pour \u00e9clairer les bas-c\u00f4t\u00e9s ! Certifi\u00e9 ECE R112 pour un feu de route auxiliaire homologu\u00e9.<\/p>\n<p>29W \/ 3 540 lumens<\/p>\n<p><a href=\"https:\/\/nightriderleds.com\/wp-content\/uploads\/2024\/11\/General-Auxiliary-Lamp-install-Information-Rev-2024.pdf\" target=\"_blank\" rel=\"noopener\"><strong>T\u00e9l\u00e9charger le guide d'installation (anglais)<\/strong><\/a><\/p>\n<p><a href=\"https:\/\/nightriderleds.com\/wp-content\/uploads\/2026\/03\/Auxiliary-Lamp-RecInstal-Information-General-FRENCH-V2.pdf\" target=\"_blank\" rel=\"noopener\">T\u00e9l\u00e9charger le guide d\u2019installation (fran\u00e7ais)<\/a><\/p>\n<p>&nbsp;<\/p>\n<div id=\"style-btn-20d81a36-01de-e069-d1ae-c9fb07c3c17c\">\n<style class=\"style-btn\"><!-- #btn-20d81a36-01de-e069-d1ae-c9fb07c3c17c {font-size: 14px;color: #ffffff;background: #0e83cd;padding-left: 12px;padding-top: 6px;padding-right: 12px;padding-bottom: 6px;border-radius: 0px;-moz-border-radius: 0px;-webkit-border-radius: 0px;border-color: #357ebd;border-width: 1px;} #btn-20d81a36-01de-e069-d1ae-c9fb07c3c17c:hover {background: #1990f9;color: #ffffff;box-shadow: 3px 3px 3px 0px #bababa;-moz-box-shadow: 3px 3px 3px 0px #bababa;-webkit-box-shadow: 3px 3px 3px 0px #bababa;} --><\/style>\n<\/div>","protected":false},"featured_media":3172,"template":"","meta":[],"product_brand":[],"product_cat":[15,1465,124,790,19,18],"product_tag":[20,21,161,23],"class_list":{"0":"post-3142","1":"product","2":"type-product","3":"status-publish","4":"has-post-thumbnail","6":"product_cat-automotive-equipment","7":"product_cat-compact-ece-emark","8":"product_cat-compact","9":"product_cat-cube","10":"product_cat-ece-emark","11":"product_cat-street-legal","12":"product_tag-ece","13":"product_tag-emark","14":"product_tag-leds","15":"product_tag-street-legal","17":"first","18":"instock","19":"shipping-taxable","20":"product-type-simple"},"_links":{"self":[{"href":"https:\/\/nightriderleds.com\/fr\/wp-json\/wp\/v2\/product\/3142","targetHints":{"allow":["GET"]}}],"collection":[{"href":"https:\/\/nightriderleds.com\/fr\/wp-json\/wp\/v2\/product"}],"about":[{"href":"https:\/\/nightriderleds.com\/fr\/wp-json\/wp\/v2\/types\/product"}],"wp:featuredmedia":[{"embeddable":true,"href":"https:\/\/nightriderleds.com\/fr\/wp-json\/wp\/v2\/media\/3172"}],"wp:attachment":[{"href":"https:\/\/nightriderleds.com\/fr\/wp-json\/wp\/v2\/media?parent=3142"}],"wp:term":[{"taxonomy":"product_brand","embeddable":true,"href":"https:\/\/nightriderleds.com\/fr\/wp-json\/wp\/v2\/product_brand?post=3142"},{"taxonomy":"product_cat","embeddable":true,"href":"https:\/\/nightriderleds.com\/fr\/wp-json\/wp\/v2\/product_cat?post=3142"},{"taxonomy":"product_tag","embeddable":true,"href":"https:\/\/nightriderleds.com\/fr\/wp-json\/wp\/v2\/product_tag?post=3142"}],"curies":[{"name":"wp","href":"https:\/\/api.w.org\/{rel}","templated":true}]}}