{"id":3136,"date":"2018-07-06T13:21:56","date_gmt":"2018-07-06T20:21:56","guid":{"rendered":"https:\/\/nightriderleds.com\/?post_type=product&#038;p=3136"},"modified":"2026-04-07T14:08:24","modified_gmt":"2026-04-07T21:08:24","slug":"street-legal-side-shooter-kit","status":"publish","type":"product","link":"https:\/\/nightriderleds.com\/fr\/products\/automotive-equipment\/street-legal\/ece-emark\/compact-ece-emark\/street-legal-side-shooter-kit\/","title":{"rendered":"Kit de silencieux lat\u00e9ral homologu\u00e9 pour la route"},"content":{"rendered":"<h3>Certifi\u00e9 ECE\/EMARK<\/h3>\n<h4>Le phare de rue avec des r\u00e9flecteurs \u00e0 faisceau large de 140\u00ba sur ses c\u00f4t\u00e9s pour diffuser la lumi\u00e8re largement aussi !<\/h4>\n<p>D\u00e9sormais, vous pouvez obtenir le tout dans un ensemble tr\u00e8s compact : un faisceau lointain pour voir loin devant, combin\u00e9 \u00e0 un faisceau large sur le c\u00f4t\u00e9 pour \u00e9clairer les bas-c\u00f4t\u00e9s ! Certifi\u00e9 ECE R112 pour feux de route additionnels.<\/p>\n<p>\u00c9quipez votre v\u00e9hicule avec les NightRider\u2122 Side Shooters et rejoignez la r\u00e9volution de l'\u00e9clairage l\u00e9gal sur route !<\/p>\n<p>Ce kit est fourni avec le faisceau de c\u00e2blage (connecteur Deutsch, interrupteur de d\u00e9rivation, relais 40 amp\u00e8res et fusible 30 amp\u00e8res) ainsi que le mat\u00e9riel de montage et les outils.<\/p>\n<p><em>* V\u00e9rifiez toujours les r\u00e8gles et r\u00e9glementations r\u00e9gionales concernant l'utilisation des feux de conduite auxiliaires. NightRider\u2122 LEDS s'efforce de fournir les lampes les plus s\u00fbres et les plus l\u00e9gales \u00e0 nos clients, mais ne peut \u00eatre tenu responsable des restrictions r\u00e9gionales, du montage, du r\u00e9glage ou du c\u00e2blage inappropri\u00e9s.<\/em><\/p>\n<p>&nbsp;<\/p>\n<p>&nbsp;<\/p>\n<p>&nbsp;<\/p>","protected":false},"excerpt":{"rendered":"<p>D\u00e9sormais, vous pouvez obtenir le tout dans un ensemble tr\u00e8s compact : un faisceau lointain pour voir loin devant, combin\u00e9 \u00e0 un faisceau large sur le c\u00f4t\u00e9 pour \u00e9clairer les bas-c\u00f4t\u00e9s ! Certifi\u00e9 ECE R112 pour feux de route additionnels.<\/p>\n<p>Performances incroyables homologu\u00e9es pour la route dans un kit compact. Le kit NightDriver Side Shooter offre 3\u00a0540 lumens par phare et une couverture lumineuse de 140\u00b0.<\/p>\n<p>Le kit comprend 2 feux lat\u00e9raux, un faisceau de c\u00e2blage complet et le mat\u00e9riel de montage.<\/p>\n<p>29W \/ 3 540 Lumens (par lumi\u00e8re)<\/p>\n<p><strong><a href=\"https:\/\/nightriderleds.com\/wp-content\/uploads\/2024\/11\/General-Auxiliary-Lamp-install-Information-Rev-2024.pdf\" target=\"_blank\" rel=\"noopener\"> T\u00e9l\u00e9charger le guide d'installation (anglais)<\/a><\/strong><\/p>\n<p><a href=\"https:\/\/nightriderleds.com\/wp-content\/uploads\/2026\/03\/Auxiliary-Lamp-RecInstal-Information-General-FRENCH-V2.pdf\" target=\"_blank\" rel=\"noopener\">T\u00e9l\u00e9charger le guide d\u2019installation (fran\u00e7ais)<\/a><\/p>\n<div id=\"style-btn-20d81a36-01de-e069-d1ae-c9fb07c3c17c\">\n<style class=\"style-btn\"><!-- #btn-20d81a36-01de-e069-d1ae-c9fb07c3c17c {font-size: 14px;color: #ffffff;background: #0e83cd;padding-left: 12px;padding-top: 6px;padding-right: 12px;padding-bottom: 6px;border-radius: 0px;-moz-border-radius: 0px;-webkit-border-radius: 0px;border-color: #357ebd;border-width: 1px;} #btn-20d81a36-01de-e069-d1ae-c9fb07c3c17c:hover {background: #1990f9;color: #ffffff;box-shadow: 3px 3px 3px 0px #bababa;-moz-box-shadow: 3px 3px 3px 0px #bababa;-webkit-box-shadow: 3px 3px 3px 0px #bababa;} --><\/style>\n<\/div>","protected":false},"featured_media":3137,"template":"","meta":[],"product_brand":[],"product_cat":[15,1465,124,790,19,18],"product_tag":[20,21,161,23],"class_list":{"0":"post-3136","1":"product","2":"type-product","3":"status-publish","4":"has-post-thumbnail","6":"product_cat-automotive-equipment","7":"product_cat-compact-ece-emark","8":"product_cat-compact","9":"product_cat-cube","10":"product_cat-ece-emark","11":"product_cat-street-legal","12":"product_tag-ece","13":"product_tag-emark","14":"product_tag-leds","15":"product_tag-street-legal","17":"first","18":"instock","19":"shipping-taxable","20":"product-type-simple"},"_links":{"self":[{"href":"https:\/\/nightriderleds.com\/fr\/wp-json\/wp\/v2\/product\/3136","targetHints":{"allow":["GET"]}}],"collection":[{"href":"https:\/\/nightriderleds.com\/fr\/wp-json\/wp\/v2\/product"}],"about":[{"href":"https:\/\/nightriderleds.com\/fr\/wp-json\/wp\/v2\/types\/product"}],"wp:featuredmedia":[{"embeddable":true,"href":"https:\/\/nightriderleds.com\/fr\/wp-json\/wp\/v2\/media\/3137"}],"wp:attachment":[{"href":"https:\/\/nightriderleds.com\/fr\/wp-json\/wp\/v2\/media?parent=3136"}],"wp:term":[{"taxonomy":"product_brand","embeddable":true,"href":"https:\/\/nightriderleds.com\/fr\/wp-json\/wp\/v2\/product_brand?post=3136"},{"taxonomy":"product_cat","embeddable":true,"href":"https:\/\/nightriderleds.com\/fr\/wp-json\/wp\/v2\/product_cat?post=3136"},{"taxonomy":"product_tag","embeddable":true,"href":"https:\/\/nightriderleds.com\/fr\/wp-json\/wp\/v2\/product_tag?post=3136"}],"curies":[{"name":"wp","href":"https:\/\/api.w.org\/{rel}","templated":true}]}}