{"id":3130,"date":"2018-07-06T09:01:55","date_gmt":"2018-07-06T16:01:55","guid":{"rendered":"https:\/\/nightriderleds.com\/?post_type=product&#038;p=3130"},"modified":"2026-03-30T13:36:58","modified_gmt":"2026-03-30T20:36:58","slug":"nightdriver-9r-9-round-driving-light-kit","status":"publish","type":"product","link":"https:\/\/nightriderleds.com\/fr\/products\/automotive-equipment\/street-legal\/ece-emark\/round-ece-emark\/nightdriver-9r-9-round-driving-light-kit\/","title":{"rendered":"Driver Pro 9R - 9\u2033 Round Driving Light Kit"},"content":{"rendered":"<h3>Certifi\u00e9 ECE\/EMARK<\/h3>\n<h4>Pour des performances maximales dans la l\u00e9galit\u00e9*<\/h4>\n<p>Des performances incroyables dans un kit compact.  Le kit de phares auxiliaires Driver Pro 9R offre plus de 12 000 lumens par phare rond de 9\u2033 ! Certifi\u00e9 ECE R112 pour ses feux de route auxiliaires et ECE R7 pour ses feux de jour.<\/p>\n<p>Le kit comprend deux feux, un faisceau de c\u00e2blage double, des supports de montage en acier inoxydable tr\u00e8s r\u00e9sistants et la quincaillerie.<\/p>\n<p>Equipez votre v\u00e9hicule avec le Driver Pro 9R et rejoignez la r\u00e9volution de l'\u00e9clairage l\u00e9gal !<\/p>\n<p>&nbsp;<\/p>\n<p><em>*V\u00e9rifiez toujours les r\u00e8gles et r\u00e9glementations r\u00e9gionales concernant l'utilisation des feux de route auxiliaires. NightRider\u2122 LEDS s'efforce de fournir les feux les plus s\u00fbrs et les plus l\u00e9gaux, mais ne peut pas<span class=\"Apple-converted-space\">\u00a0<\/span>ne peut \u00eatre tenu responsable des restrictions r\u00e9gionales, d'un montage, d'une orientation ou d'un c\u00e2blage inad\u00e9quats.<\/em><\/p>\n<p>&nbsp;<\/p>\n<p>&nbsp;<\/p>\n<p>&nbsp;<\/p>","protected":false},"excerpt":{"rendered":"<p>Des performances incroyables dans un kit compact. Certifi\u00e9 ECE R112 pour les feux de route auxiliaires et ECE R7 pour les feux de jour. Le Driver Pro 9R Auxiliary Driving Light Kit offre 12.000 lumens par lumi\u00e8re ronde de 9\u2033 !<\/p>\n<p>100W \/ 12 000 Lumens (par lampe)<\/p>\n<p><a href=\"https:\/\/nightriderleds.com\/wp-content\/uploads\/2024\/11\/Auxiliary-Light-Installation-for-N9REM-and-N9REME-2024.pdf\" target=\"_blank\" rel=\"noopener\"><strong>T\u00e9l\u00e9charger le guide d'installation<\/strong><\/a><\/p>\n<p class=\"p1\"><a href=\"https:\/\/nightriderleds.com\/wp-content\/uploads\/2026\/03\/N9REM-N9REME-Installation-Manual-FRENCH-V2.pdf\"><strong>T\u00e9l\u00e9charger le guide d\u2019installation (fran\u00e7ais)<\/strong><\/a><\/p>\n<p>&nbsp;<\/p>\n<div id=\"style-btn-20d81a36-01de-e069-d1ae-c9fb07c3c17c\">\n<style class=\"style-btn\"><!-- #btn-20d81a36-01de-e069-d1ae-c9fb07c3c17c {font-size: 14px;color: #ffffff;background: #0e83cd;padding-left: 12px;padding-top: 6px;padding-right: 12px;padding-bottom: 6px;border-radius: 0px;-moz-border-radius: 0px;-webkit-border-radius: 0px;border-color: #357ebd;border-width: 1px;} #btn-20d81a36-01de-e069-d1ae-c9fb07c3c17c:hover {background: #1990f9;color: #ffffff;box-shadow: 3px 3px 3px 0px #bababa;-moz-box-shadow: 3px 3px 3px 0px #bababa;-webkit-box-shadow: 3px 3px 3px 0px #bababa;} --><\/style>\n<\/div>","protected":false},"featured_media":9780,"template":"","meta":[],"product_brand":[],"product_cat":[15,19,1463,18],"product_tag":[20,21,161,23],"class_list":{"0":"post-3130","1":"product","2":"type-product","3":"status-publish","4":"has-post-thumbnail","6":"product_cat-automotive-equipment","7":"product_cat-ece-emark","8":"product_cat-round-ece-emark","9":"product_cat-street-legal","10":"product_tag-ece","11":"product_tag-emark","12":"product_tag-leds","13":"product_tag-street-legal","15":"first","16":"instock","17":"shipping-taxable","18":"product-type-simple"},"_links":{"self":[{"href":"https:\/\/nightriderleds.com\/fr\/wp-json\/wp\/v2\/product\/3130","targetHints":{"allow":["GET"]}}],"collection":[{"href":"https:\/\/nightriderleds.com\/fr\/wp-json\/wp\/v2\/product"}],"about":[{"href":"https:\/\/nightriderleds.com\/fr\/wp-json\/wp\/v2\/types\/product"}],"wp:featuredmedia":[{"embeddable":true,"href":"https:\/\/nightriderleds.com\/fr\/wp-json\/wp\/v2\/media\/9780"}],"wp:attachment":[{"href":"https:\/\/nightriderleds.com\/fr\/wp-json\/wp\/v2\/media?parent=3130"}],"wp:term":[{"taxonomy":"product_brand","embeddable":true,"href":"https:\/\/nightriderleds.com\/fr\/wp-json\/wp\/v2\/product_brand?post=3130"},{"taxonomy":"product_cat","embeddable":true,"href":"https:\/\/nightriderleds.com\/fr\/wp-json\/wp\/v2\/product_cat?post=3130"},{"taxonomy":"product_tag","embeddable":true,"href":"https:\/\/nightriderleds.com\/fr\/wp-json\/wp\/v2\/product_tag?post=3130"}],"curies":[{"name":"wp","href":"https:\/\/api.w.org\/{rel}","templated":true}]}}