{"id":294,"date":"2017-10-31T04:05:44","date_gmt":"2017-10-31T04:05:44","guid":{"rendered":"https:\/\/nightriderleds.com\/?post_type=product&#038;p=294"},"modified":"2026-01-07T17:52:41","modified_gmt":"2026-01-08T01:52:41","slug":"driver-b1","status":"publish","type":"product","link":"https:\/\/nightriderleds.com\/fr\/products\/automotive-equipment\/street-legal\/sae\/aux-high-beams\/driver-b1\/","title":{"rendered":"Driver B1 - 20\u2033 Single Row SAE Driving Light Bar"},"content":{"rendered":"<div id=\"wpsecol-3bbca990-1e7f-b923-f99a-57ffd395765b\" class=\"csRow\">\n<div class=\"csColumnGap\" style=\"margin: 0; padding: 0; float: left; width: 0%;\"><img decoding=\"async\" src=\"https:\/\/nightriderleds.com\/wp-content\/plugins\/wp-smart-editor\/plugins\/columns\/img\/1x1-pixel.png\" \/><\/div>\n<div class=\"csColumn\" style=\"margin: 0; padding: 0; float: left; width: 49.22566371681416%;\" data-posx0=\"0\" data-posx1=\"49.336283185840706\" data-padding=\"5\" data-responsive=\"1\">\n<div style=\"padding: 5px;\">\n<div class=\"preview_text csColumn_text\">\n<h3>Certifi\u00e9 SAE<\/h3>\n<h4>Pour des performances maximales dans la l\u00e9galit\u00e9<\/h4>\n<p>Des performances incroyables et l\u00e9gales.  Le Driver B1 20\u2033 Auxiliary Driving Light Bar Kit maximise la distance d'\u00e9clairage avec un lux \u00e9lev\u00e9 et 1900 Lumens.<\/p>\n<p>&nbsp;<\/p>\n<\/div>\n<\/div>\n<\/div>\n<div class=\"csColumnGap\" style=\"margin: 0; padding: 0; float: left; width: 1.3274336283185841%;\"><img decoding=\"async\" src=\"https:\/\/nightriderleds.com\/wp-content\/plugins\/wp-smart-editor\/plugins\/columns\/img\/1x1-pixel.png\" \/><\/div>\n<div class=\"csColumn\" style=\"margin: 0; padding: 0; float: left; width: 49.22566371681416%;\" data-posx0=\"50.66371681415929\" data-posx1=\"100\" data-padding=\"5\" data-responsive=\"1\">\n<div style=\"padding: 5px;\">\n<div class=\"preview_text csColumn_text\">\n<p>\u00a0<img fetchpriority=\"high\" decoding=\"async\" class=\"alignnone wp-image-408\" src=\"https:\/\/nightriderleds.com\/wp-content\/uploads\/2017\/10\/N20E7D-Chevy-1068x680-544x340.jpg\" alt=\"\" width=\"454\" height=\"284\" srcset=\"https:\/\/nightriderleds.com\/wp-content\/uploads\/2017\/10\/N20E7D-Chevy-1068x680-544x340.jpg 544w, https:\/\/nightriderleds.com\/wp-content\/uploads\/2017\/10\/N20E7D-Chevy-1068x680.jpg 1088w, https:\/\/nightriderleds.com\/wp-content\/uploads\/2017\/10\/N20E7D-Chevy-1068x680-195x122.jpg 195w, https:\/\/nightriderleds.com\/wp-content\/uploads\/2017\/10\/N20E7D-Chevy-1068x680-768x480.jpg 768w, https:\/\/nightriderleds.com\/wp-content\/uploads\/2017\/10\/N20E7D-Chevy-1068x680-680x425.jpg 680w, https:\/\/nightriderleds.com\/wp-content\/uploads\/2017\/10\/N20E7D-Chevy-1068x680-272x170.jpg 272w, https:\/\/nightriderleds.com\/wp-content\/uploads\/2017\/10\/N20E7D-Chevy-1068x680-300x188.jpg 300w, https:\/\/nightriderleds.com\/wp-content\/uploads\/2017\/10\/N20E7D-Chevy-1068x680-717x448.jpg 717w\" sizes=\"(max-width: 454px) 100vw, 454px\" \/><\/p>\n<\/div>\n<\/div>\n<\/div>\n<div class=\"csColumnGap\" style=\"margin: 0; padding: 0; float: left; width: 0.2212389380530908%;\"><img decoding=\"async\" src=\"https:\/\/nightriderleds.com\/wp-content\/plugins\/wp-smart-editor\/plugins\/columns\/img\/1x1-pixel.png\" \/><\/div>\n<\/div>\n<p>&nbsp;<\/p>\n<div id=\"style-wpsecol-3bbca990-1e7f-b923-f99a-57ffd395765b\">\n<style><!-- @media (max-width: 768px) { #wpsecol-3bbca990-1e7f-b923-f99a-57ffd395765b .csColumn { display: block; width: 100% !important; } #wpsecol-3bbca990-1e7f-b923-f99a-57ffd395765b .csColumnGap { display: none; } } --><\/style>\n<\/div>","protected":false},"excerpt":{"rendered":"<p>Excellentes performances l\u00e9gales.  Le Driver B1 20\u2033 Auxiliary Driving Light Bar Kit maximise la distance d'\u00e9clairage avec un lux \u00e9lev\u00e9 et 1900 Lumens.<\/p>\n<p>\u00c9quipez votre v\u00e9hicule avec le Driver B1 et rejoignez la r\u00e9volution de l'\u00e9clairage l\u00e9gal des rues !<\/p>\n<p>40W \/ 1 900 Lumens<\/p>\n<p><a href=\"https:\/\/nightriderleds.com\/wp-content\/uploads\/2024\/11\/DriverB1-Auxiliary-Bar-Lamp-Info-V4.pdf\" target=\"_blank\" rel=\"noopener\">T\u00e9l\u00e9charger les instructions d'installation<\/a><\/p>\n<div id=\"style-btn-cdc9ee0e-a982-94fd-35ff-ca773de75d7d\">\n<style class=\"style-btn\"><!-- #btn-cdc9ee0e-a982-94fd-35ff-ca773de75d7d {font-size: 14px;color: #ffffff;background: #0e83cd;padding-left: 12px;padding-top: 6px;padding-right: 12px;padding-bottom: 6px;border-radius: 0px;-moz-border-radius: 0px;-webkit-border-radius: 0px;border-color: #357ebd;border-width: 1px;} #btn-cdc9ee0e-a982-94fd-35ff-ca773de75d7d:hover {background: #1990f9;color: #ffffff;box-shadow: 3px 3px 3px 0px #bababa;-moz-box-shadow: 3px 3px 3px 0px #bababa;-webkit-box-shadow: 3px 3px 3px 0px #bababa;} --><\/style>\n<\/div>","protected":false},"featured_media":405,"template":"","meta":[],"product_brand":[],"product_cat":[15,1847,260,25,1498,18,677],"product_tag":[161,22,100,99,23,686],"class_list":{"0":"post-294","1":"product","2":"type-product","3":"status-publish","4":"has-post-thumbnail","6":"product_cat-automotive-equipment","7":"product_cat-aux-high-beams","8":"product_cat-lightbars","9":"product_cat-sae","10":"product_cat-single-row","11":"product_cat-street-legal","12":"product_cat-street-legal-bars","13":"product_tag-leds","14":"product_tag-light-bar","15":"product_tag-nightdriver","16":"product_tag-sae","17":"product_tag-street-legal","18":"product_tag-street-legal-bar","20":"first","21":"instock","22":"shipping-taxable","23":"product-type-simple"},"_links":{"self":[{"href":"https:\/\/nightriderleds.com\/fr\/wp-json\/wp\/v2\/product\/294","targetHints":{"allow":["GET"]}}],"collection":[{"href":"https:\/\/nightriderleds.com\/fr\/wp-json\/wp\/v2\/product"}],"about":[{"href":"https:\/\/nightriderleds.com\/fr\/wp-json\/wp\/v2\/types\/product"}],"wp:featuredmedia":[{"embeddable":true,"href":"https:\/\/nightriderleds.com\/fr\/wp-json\/wp\/v2\/media\/405"}],"wp:attachment":[{"href":"https:\/\/nightriderleds.com\/fr\/wp-json\/wp\/v2\/media?parent=294"}],"wp:term":[{"taxonomy":"product_brand","embeddable":true,"href":"https:\/\/nightriderleds.com\/fr\/wp-json\/wp\/v2\/product_brand?post=294"},{"taxonomy":"product_cat","embeddable":true,"href":"https:\/\/nightriderleds.com\/fr\/wp-json\/wp\/v2\/product_cat?post=294"},{"taxonomy":"product_tag","embeddable":true,"href":"https:\/\/nightriderleds.com\/fr\/wp-json\/wp\/v2\/product_tag?post=294"}],"curies":[{"name":"wp","href":"https:\/\/api.w.org\/{rel}","templated":true}]}}