{"id":293,"date":"2017-10-31T03:51:00","date_gmt":"2017-10-31T03:51:00","guid":{"rendered":"https:\/\/nightriderleds.com\/?post_type=product&#038;p=293"},"modified":"2026-03-26T16:10:13","modified_gmt":"2026-03-26T23:10:13","slug":"driver-1-7-round-sae-driving-light-kit","status":"publish","type":"product","link":"https:\/\/nightriderleds.com\/fr\/products\/automotive-equipment\/street-legal\/sae\/aux-high-beams\/driver-1-7-round-sae-driving-light-kit\/","title":{"rendered":"Driver 1 - 7\u2033 Round SAE Driving Light Kit"},"content":{"rendered":"<div id=\"wpsecol-e896fa68-d752-aae0-f9d8-87942b103014\" class=\"csRow\">\n<div class=\"csColumnGap\" style=\"margin: 0; padding: 0; float: left; width: 0%;\"><img decoding=\"async\" src=\"https:\/\/nightriderleds.com\/wp-content\/plugins\/wp-smart-editor\/plugins\/columns\/img\/1x1-pixel.png\" \/><\/div>\n<div class=\"csColumn\" style=\"margin: 0; padding: 0; float: left; width: 49.22566371681416%;\" data-posx0=\"0\" data-posx1=\"49.336283185840706\" data-padding=\"5\" data-responsive=\"1\">\n<div style=\"padding: 5px;\">\n<div class=\"preview_text csColumn_text\">\n<h3><\/h3>\n<h3>Certifi\u00e9 SAE<\/h3>\n<h4>Pour des performances maximales dans la l\u00e9galit\u00e9<\/h4>\n<p>Performance incroyable homologu\u00e9e pour la route. Le kit de phares auxiliaires ronds Driver 1 d'une puissance de sept pouces maximise la port\u00e9e de l'\u00e9clairage avec un indice lux \u00e9lev\u00e9 et 1900 lumens par phare.<\/p>\n<p>Ce kit d'\u00e9clairage est livr\u00e9 avec un faisceau de c\u00e2blage complet (connecteurs doubles Deutsch, interrupteur de commande, relais 40 amp\u00e8res et fusible 30 amp\u00e8res) ainsi que du mat\u00e9riel de montage et des outils.<\/p>\n<p>&nbsp;<\/p>\n<p>\u00c9quipez votre v\u00e9hicule du Driver 1 et rejoignez la r\u00e9volution de l'\u00e9clairage homologu\u00e9 pour la route !<\/p>\n<\/div>\n<\/div>\n<\/div>\n<div class=\"csColumnGap\" style=\"margin: 0; padding: 0; float: left; width: 1.3274336283185841%;\"><img decoding=\"async\" src=\"https:\/\/nightriderleds.com\/wp-content\/plugins\/wp-smart-editor\/plugins\/columns\/img\/1x1-pixel.png\" \/><\/div>\n<div class=\"csColumn\" style=\"margin: 0; padding: 0; float: left; width: 49.22566371681416%;\" data-posx0=\"50.66371681415929\" data-posx1=\"100\" data-padding=\"5\" data-responsive=\"1\">\n<div style=\"padding: 5px;\">\n<div class=\"preview_text csColumn_text\">\n<figure id=\"attachment_413\" aria-describedby=\"caption-attachment-413\" style=\"width: 544px\" class=\"wp-caption alignnone\"><img fetchpriority=\"high\" decoding=\"async\" class=\"wp-image-413 size-medium\" src=\"https:\/\/nightriderleds.com\/wp-content\/uploads\/2017\/10\/N4330D-Before-After-user-image-544x340.jpg\" width=\"544\" height=\"340\" srcset=\"https:\/\/nightriderleds.com\/wp-content\/uploads\/2017\/10\/N4330D-Before-After-user-image-544x340.jpg 544w, https:\/\/nightriderleds.com\/wp-content\/uploads\/2017\/10\/N4330D-Before-After-user-image.jpg 1088w, https:\/\/nightriderleds.com\/wp-content\/uploads\/2017\/10\/N4330D-Before-After-user-image-195x122.jpg 195w, https:\/\/nightriderleds.com\/wp-content\/uploads\/2017\/10\/N4330D-Before-After-user-image-768x480.jpg 768w, https:\/\/nightriderleds.com\/wp-content\/uploads\/2017\/10\/N4330D-Before-After-user-image-680x425.jpg 680w, https:\/\/nightriderleds.com\/wp-content\/uploads\/2017\/10\/N4330D-Before-After-user-image-272x170.jpg 272w, https:\/\/nightriderleds.com\/wp-content\/uploads\/2017\/10\/N4330D-Before-After-user-image-300x188.jpg 300w, https:\/\/nightriderleds.com\/wp-content\/uploads\/2017\/10\/N4330D-Before-After-user-image-717x448.jpg 717w\" sizes=\"(max-width: 544px) 100vw, 544px\" \/><figcaption id=\"caption-attachment-413\" class=\"wp-caption-text\">Image utilisateur pour conducteur professionnel. Avant et apr\u00e8s.<\/figcaption><\/figure>\n<p>L'image du haut est uniquement avec les feux de route<\/p>\n<p>Image du bas avec feux de route auxiliaires du conducteur 1 allum\u00e9s.<\/p>\n<\/div>\n<\/div>\n<\/div>\n<div class=\"csColumnGap\" style=\"margin: 0; padding: 0; float: left; width: 0.2212389380530908%;\"><img decoding=\"async\" src=\"https:\/\/nightriderleds.com\/wp-content\/plugins\/wp-smart-editor\/plugins\/columns\/img\/1x1-pixel.png\" \/><\/div>\n<div style=\"clear: both; float: none; display: block; visibility: hidden; width: 0; font-size: 0; line-height: 0;\"><\/div>\n<\/div>\n<h3><\/h3>\n<div id=\"style-wpsecol-e896fa68-d752-aae0-f9d8-87942b103014\">\n<style><!-- @media (max-width: 768px) { #wpsecol-e896fa68-d752-aae0-f9d8-87942b103014 .csColumn { display: block; width: 100% !important; } #wpsecol-e896fa68-d752-aae0-f9d8-87942b103014 .csColumnGap { display: none; } } --><\/style>\n<\/div>","protected":false},"excerpt":{"rendered":"<p>Performance incroyable homologu\u00e9e pour la route. Le kit de phares auxiliaires ronds Driver 1 d'une puissance de sept pouces maximise la port\u00e9e de l'\u00e9clairage avec un indice lux \u00e9lev\u00e9 et 1900 lumens par phare.<\/p>\n<p>\u00c9quipez votre v\u00e9hicule du Driver 1 et rejoignez la r\u00e9volution de l'\u00e9clairage homologu\u00e9 pour la route !<\/p>\n<p>20W \/ 1 900 Lumens (par feu)<\/p>\n<p><a id=\"btn-877f2f8f-5011-96c8-1f40-48752a8d0a97\" class=\"wpsebtn\" href=\"https:\/\/nightriderleds.com\/wp-content\/uploads\/2017\/11\/Auxiliary-Lamp-install-Information.pdf\" type=\"button\" data-text=\"Download Installation Instructions\" data-font-size=\"14\" data-color=\"#ffffff\" data-background=\"#0e83cd\" data-padding-left=\"12\" data-padding-top=\"6\" data-padding-right=\"12\" data-padding-bottom=\"6\" data-border-radius=\"0\" data-border-color=\"#357ebd\" data-border-width=\"1\" data-color-hover=\"#ffffff\" data-background-hover=\"#1990f9\" data-box-shadow-color-hover=\"#bababa\" data-box-shadow-horz-hover=\"3\" data-box-shadow-vert-hover=\"3\" data-box-shadow-blur-hover=\"3\" data-box-shadow-spread-hover=\"0\"> T\u00e9l\u00e9charger les instructions d'installation <\/a><\/p>\n<div id=\"style-btn-877f2f8f-5011-96c8-1f40-48752a8d0a97\">\n<style class=\"style-btn\"><!-- #btn-877f2f8f-5011-96c8-1f40-48752a8d0a97 {font-size: 14px;color: #ffffff;background: #0e83cd;padding-left: 12px;padding-top: 6px;padding-right: 12px;padding-bottom: 6px;border-radius: 0px;-moz-border-radius: 0px;-webkit-border-radius: 0px;border-color: #357ebd;border-width: 1px;} #btn-877f2f8f-5011-96c8-1f40-48752a8d0a97:hover {background: #1990f9;color: #ffffff;box-shadow: 3px 3px 3px 0px #bababa;-moz-box-shadow: 3px 3px 3px 0px #bababa;-webkit-box-shadow: 3px 3px 3px 0px #bababa;} --><\/style>\n<\/div>","protected":false},"featured_media":412,"template":"","meta":[],"product_brand":[],"product_cat":[15,1847,25,18],"product_tag":[160,161,100,99,23],"class_list":{"0":"post-293","1":"product","2":"type-product","3":"status-publish","4":"has-post-thumbnail","6":"product_cat-automotive-equipment","7":"product_cat-aux-high-beams","8":"product_cat-sae","9":"product_cat-street-legal","10":"product_tag-automotive","11":"product_tag-leds","12":"product_tag-nightdriver","13":"product_tag-sae","14":"product_tag-street-legal","16":"first","17":"instock","18":"shipping-taxable","19":"product-type-simple"},"_links":{"self":[{"href":"https:\/\/nightriderleds.com\/fr\/wp-json\/wp\/v2\/product\/293","targetHints":{"allow":["GET"]}}],"collection":[{"href":"https:\/\/nightriderleds.com\/fr\/wp-json\/wp\/v2\/product"}],"about":[{"href":"https:\/\/nightriderleds.com\/fr\/wp-json\/wp\/v2\/types\/product"}],"wp:featuredmedia":[{"embeddable":true,"href":"https:\/\/nightriderleds.com\/fr\/wp-json\/wp\/v2\/media\/412"}],"wp:attachment":[{"href":"https:\/\/nightriderleds.com\/fr\/wp-json\/wp\/v2\/media?parent=293"}],"wp:term":[{"taxonomy":"product_brand","embeddable":true,"href":"https:\/\/nightriderleds.com\/fr\/wp-json\/wp\/v2\/product_brand?post=293"},{"taxonomy":"product_cat","embeddable":true,"href":"https:\/\/nightriderleds.com\/fr\/wp-json\/wp\/v2\/product_cat?post=293"},{"taxonomy":"product_tag","embeddable":true,"href":"https:\/\/nightriderleds.com\/fr\/wp-json\/wp\/v2\/product_tag?post=293"}],"curies":[{"name":"wp","href":"https:\/\/api.w.org\/{rel}","templated":true}]}}