{"id":292,"date":"2017-10-31T03:47:21","date_gmt":"2017-10-31T03:47:21","guid":{"rendered":"https:\/\/nightriderleds.com\/?post_type=product&#038;p=292"},"modified":"2026-03-26T16:10:57","modified_gmt":"2026-03-26T23:10:57","slug":"nightdriver-d12","status":"publish","type":"product","link":"https:\/\/nightriderleds.com\/fr\/products\/automotive-equipment\/street-legal\/ece-emark\/bars\/nightdriver-d12\/","title":{"rendered":"NightDriver D12 - Barre lumineuse de 12 pouces"},"content":{"rendered":"<p>La NightDriver D12 (ID pi\u00e8ce : N272EM) est une rampe de feux auxiliaires 12\u2033 homologu\u00e9e pour la route*, conforme aux normes ECE\/EMARK.<\/p>\n<p>Les normes automobiles ECE\/EMARK sont les plus reconnues au monde et exigent des tests rigoureux et stricts avant la certification.<\/p>\n<p>Votre barre lumineuse auxiliaire de feux de route D12 NightDriver est des plus performantes et respecte les normes les plus strictes autoris\u00e9es sur la route*.<\/p>\n<p>Chaque feu est clairement marqu\u00e9 pour permettre aux forces de l'ordre et aux inspecteurs de v\u00e9hicules de l'identifier facilement pour assurer la conformit\u00e9.<\/p>\n<p>Cette lumi\u00e8re est livr\u00e9e pr\u00eate \u00e0 \u00eatre install\u00e9e avec un faisceau de c\u00e2blage complet, des supports de montage en acier inoxydable et la quincaillerie.<\/p>\n<p>&nbsp;<\/p>\n<p><em>*V\u00e9rifiez toujours les r\u00e8gles et r\u00e9glementations r\u00e9gionales concernant l'utilisation de l'eau.<span class=\"Apple-converted-space\">\u00a0<\/span>l'utilisation de feux de route auxiliaires. NightRider\u2122 LEDS s'efforce de fournir<span class=\"Apple-converted-space\">\u00a0<\/span>les feux les plus s\u00fbrs et les plus l\u00e9gaux, mais ne peut \u00eatre tenu responsable des restrictions r\u00e9gionales, d'un montage, d'une vis\u00e9e ou d'un c\u00e2blage inad\u00e9quats.<\/em><\/p>\n<p>&nbsp;<\/p>","protected":false},"excerpt":{"rendered":"<p>La NightDriver D12 (ID pi\u00e8ce : N272EM) est une rampe de feux auxiliaires 12\u2033 homologu\u00e9e pour la route*, conforme aux normes ECE\/EMARK.<\/p>\n<p>72W \/ 6 400 Lumens<\/p>\n<p><a href=\"https:\/\/nightriderleds.com\/wp-content\/uploads\/2024\/11\/General-Auxiliary-Lamp-install-Information-Rev-2024.pdf\" target=\"_blank\" rel=\"noopener\"><strong> T\u00e9l\u00e9charger le guide d'installation<\/strong><\/a><\/p>\n<div id=\"style-btn-341a4343-1eb3-9dbf-31fc-6f56d0a73a73\">\n<style class=\"style-btn\"><!-- #btn-341a4343-1eb3-9dbf-31fc-6f56d0a73a73 {font-size: 14px;color: #ffffff;background: #0e83cd;padding-left: 12px;padding-top: 6px;padding-right: 12px;padding-bottom: 6px;border-radius: 0px;-moz-border-radius: 0px;-webkit-border-radius: 0px;border-color: #357ebd;border-width: 1px;} #btn-341a4343-1eb3-9dbf-31fc-6f56d0a73a73:hover {background: #1990f9;color: #ffffff;box-shadow: 3px 3px 3px 0px #bababa;-moz-box-shadow: 3px 3px 3px 0px #bababa;-webkit-box-shadow: 3px 3px 3px 0px #bababa;} --><\/style>\n<\/div>","protected":false},"featured_media":414,"template":"","meta":[],"product_brand":[],"product_cat":[15,1464,19,260,1498,18,677],"product_tag":[20,21,161,22,142,23],"class_list":{"0":"post-292","1":"product","2":"type-product","3":"status-publish","4":"has-post-thumbnail","6":"product_cat-automotive-equipment","7":"product_cat-bars","8":"product_cat-ece-emark","9":"product_cat-lightbars","10":"product_cat-single-row","11":"product_cat-street-legal","12":"product_cat-street-legal-bars","13":"product_tag-ece","14":"product_tag-emark","15":"product_tag-leds","16":"product_tag-light-bar","17":"product_tag-performance","18":"product_tag-street-legal","20":"first","21":"instock","22":"shipping-taxable","23":"product-type-simple"},"_links":{"self":[{"href":"https:\/\/nightriderleds.com\/fr\/wp-json\/wp\/v2\/product\/292","targetHints":{"allow":["GET"]}}],"collection":[{"href":"https:\/\/nightriderleds.com\/fr\/wp-json\/wp\/v2\/product"}],"about":[{"href":"https:\/\/nightriderleds.com\/fr\/wp-json\/wp\/v2\/types\/product"}],"wp:featuredmedia":[{"embeddable":true,"href":"https:\/\/nightriderleds.com\/fr\/wp-json\/wp\/v2\/media\/414"}],"wp:attachment":[{"href":"https:\/\/nightriderleds.com\/fr\/wp-json\/wp\/v2\/media?parent=292"}],"wp:term":[{"taxonomy":"product_brand","embeddable":true,"href":"https:\/\/nightriderleds.com\/fr\/wp-json\/wp\/v2\/product_brand?post=292"},{"taxonomy":"product_cat","embeddable":true,"href":"https:\/\/nightriderleds.com\/fr\/wp-json\/wp\/v2\/product_cat?post=292"},{"taxonomy":"product_tag","embeddable":true,"href":"https:\/\/nightriderleds.com\/fr\/wp-json\/wp\/v2\/product_tag?post=292"}],"curies":[{"name":"wp","href":"https:\/\/api.w.org\/{rel}","templated":true}]}}