{"id":289,"date":"2017-10-31T03:30:36","date_gmt":"2017-10-31T03:30:36","guid":{"rendered":"https:\/\/nightriderleds.com\/?post_type=product&#038;p=289"},"modified":"2026-03-26T16:12:10","modified_gmt":"2026-03-26T23:12:10","slug":"nightdriver-d6p","status":"publish","type":"product","link":"https:\/\/nightriderleds.com\/fr\/products\/automotive-equipment\/street-legal\/ece-emark\/bars\/nightdriver-d6p\/","title":{"rendered":"NightDriver D6P - 6\u2033 Auxiliary Driving Light Bar Kit"},"content":{"rendered":"<h3>Certifi\u00e9 ECE\/EMARK<\/h3>\n<h4>Pour des performances maximales dans la l\u00e9galit\u00e9<\/h4>\n<p>Incredible street legal* performance in a kit consisting of \u00a0two compact 6&#8243; double row light bars and complete wiring harness and mounting hardware.<\/p>\n<p>The NightDriver D6P Auxiliary Driving Light Bar Kit boasts over 3,000 lumens per 6&#8243; light bar!<\/p>\n<p>Outfit your vehicle with the NightDriver D6P and join the street legal* lighting revolution!<\/p>\n<p>&nbsp;<\/p>\n<p><em>*V\u00e9rifiez toujours les r\u00e8gles et r\u00e9glementations r\u00e9gionales concernant l'utilisation de l'eau.<span class=\"Apple-converted-space\">\u00a0<\/span>l'utilisation de feux de route auxiliaires. NightRider\u2122 LEDS s'efforce de fournir<span class=\"Apple-converted-space\">\u00a0<\/span>les feux les plus s\u00fbrs et les plus l\u00e9gaux, mais ne peut \u00eatre tenu responsable des restrictions r\u00e9gionales, d'un montage, d'une vis\u00e9e ou d'un c\u00e2blage inad\u00e9quats.<\/em><\/p>\n<p>&nbsp;<\/p>\n<p>&nbsp;<\/p>","protected":false},"excerpt":{"rendered":"<p>Incredible street legal* performance in a kit consisting of \u00a0two compact 6&#8243; double row light bars and complete wiring harness.<\/p>\n<p>The NightDriver D6P Auxiliary Driving Light Bar Kit boasts over 3000 lumens per 6&#8243; Light Bar!<\/p>\n<p>36W \/ 3,240 Lumens (per light)<\/p>\n<p><a href=\"https:\/\/nightriderleds.com\/wp-content\/uploads\/2024\/11\/General-Auxiliary-Lamp-install-Information-Rev-2024.pdf\" target=\"_blank\" rel=\"noopener\"><strong> T\u00e9l\u00e9charger le guide d'installation <\/strong><\/a><\/p>\n<div id=\"style-btn-886176e7-d9a7-278e-6197-6d452fc9bd7c\">\n<style class=\"style-btn\"><!-- #btn-886176e7-d9a7-278e-6197-6d452fc9bd7c {font-size: 14px;color: #ffffff;background: #0e83cd;padding-left: 12px;padding-top: 6px;padding-right: 12px;padding-bottom: 6px;border-radius: 0px;-moz-border-radius: 0px;-webkit-border-radius: 0px;border-color: #357ebd;border-width: 1px;} #btn-886176e7-d9a7-278e-6197-6d452fc9bd7c:hover {background: #1990f9;color: #ffffff;box-shadow: 3px 3px 3px 0px #bababa;-moz-box-shadow: 3px 3px 3px 0px #bababa;-webkit-box-shadow: 3px 3px 3px 0px #bababa;} --><\/style>\n<\/div>","protected":false},"featured_media":418,"template":"","meta":[],"product_brand":[],"product_cat":[15,1464,19,260,1498,18,677],"product_tag":[20,21,161,22,23,686],"class_list":{"0":"post-289","1":"product","2":"type-product","3":"status-publish","4":"has-post-thumbnail","6":"product_cat-automotive-equipment","7":"product_cat-bars","8":"product_cat-ece-emark","9":"product_cat-lightbars","10":"product_cat-single-row","11":"product_cat-street-legal","12":"product_cat-street-legal-bars","13":"product_tag-ece","14":"product_tag-emark","15":"product_tag-leds","16":"product_tag-light-bar","17":"product_tag-street-legal","18":"product_tag-street-legal-bar","20":"first","21":"instock","22":"shipping-taxable","23":"product-type-simple"},"_links":{"self":[{"href":"https:\/\/nightriderleds.com\/fr\/wp-json\/wp\/v2\/product\/289","targetHints":{"allow":["GET"]}}],"collection":[{"href":"https:\/\/nightriderleds.com\/fr\/wp-json\/wp\/v2\/product"}],"about":[{"href":"https:\/\/nightriderleds.com\/fr\/wp-json\/wp\/v2\/types\/product"}],"wp:featuredmedia":[{"embeddable":true,"href":"https:\/\/nightriderleds.com\/fr\/wp-json\/wp\/v2\/media\/418"}],"wp:attachment":[{"href":"https:\/\/nightriderleds.com\/fr\/wp-json\/wp\/v2\/media?parent=289"}],"wp:term":[{"taxonomy":"product_brand","embeddable":true,"href":"https:\/\/nightriderleds.com\/fr\/wp-json\/wp\/v2\/product_brand?post=289"},{"taxonomy":"product_cat","embeddable":true,"href":"https:\/\/nightriderleds.com\/fr\/wp-json\/wp\/v2\/product_cat?post=289"},{"taxonomy":"product_tag","embeddable":true,"href":"https:\/\/nightriderleds.com\/fr\/wp-json\/wp\/v2\/product_tag?post=289"}],"curies":[{"name":"wp","href":"https:\/\/api.w.org\/{rel}","templated":true}]}}