{"id":287,"date":"2017-10-31T02:58:19","date_gmt":"2017-10-31T02:58:19","guid":{"rendered":"https:\/\/nightriderleds.com\/?post_type=product&#038;p=287"},"modified":"2026-03-26T16:13:20","modified_gmt":"2026-03-26T23:13:20","slug":"nightdriver-d6s","status":"publish","type":"product","link":"https:\/\/nightriderleds.com\/fr\/products\/automotive-equipment\/street-legal\/ece-emark\/bars\/nightdriver-d6s\/","title":{"rendered":"NightDriver D6S - 6\u2033 Auxiliary Driving Light Bar"},"content":{"rendered":"<h3>Certifi\u00e9 ECE\/EMARK<\/h3>\n<h4>Pour des performances maximales dans la l\u00e9galit\u00e9<\/h4>\n<p>Des performances incroyables dans une barre d'\u00e9clairage compacte \u00e0 double rang\u00e9e.<\/p>\n<p>La barre d'\u00e9clairage auxiliaire de conduite NightDriver D6S offre plus de 3000 lumens dans une seule barre d'\u00e9clairage de 6\u2033 !<\/p>\n<p>Equipez votre v\u00e9hicule avec le NightDriver D6S et rejoignez la r\u00e9volution de l'\u00e9clairage l\u00e9gal* !<\/p>\n<p>La lampe est livr\u00e9e avec un faisceau de c\u00e2blage complet (connecteur Deutsch, interrupteur de neutralisation, relais de 40 amp\u00e8res et fusible de 30 amp\u00e8res) ainsi qu'avec le mat\u00e9riel et les outils de montage.<\/p>\n<p>&nbsp;<\/p>\n<p><em>*V\u00e9rifiez toujours les r\u00e8gles et r\u00e9glementations r\u00e9gionales concernant l'utilisation de l'eau.<span class=\"Apple-converted-space\">\u00a0<\/span>l'utilisation de feux de route auxiliaires. NightRider\u2122 LEDS s'efforce de fournir<span class=\"Apple-converted-space\">\u00a0<\/span>les feux les plus s\u00fbrs et les plus l\u00e9gaux, mais ne peut \u00eatre tenu responsable des restrictions r\u00e9gionales, d'un montage, d'une vis\u00e9e ou d'un c\u00e2blage inad\u00e9quats.<\/em><\/p>\n<p>&nbsp;<\/p>\n<p>&nbsp;<\/p>","protected":false},"excerpt":{"rendered":"<p>Des performances incroyables dans une barre d'\u00e9clairage compacte \u00e0 double rang\u00e9e.<\/p>\n<p>La barre d'\u00e9clairage auxiliaire de conduite NightDriver D6S offre plus de 3000 lumens dans une seule barre d'\u00e9clairage de 6\u2033 !<\/p>\n<p>36W \/ 3 240 Lumens<\/p>\n<p><a href=\"https:\/\/nightriderleds.com\/wp-content\/uploads\/2024\/11\/General-Auxiliary-Lamp-install-Information-Rev-2024.pdf\" target=\"_blank\" rel=\"noopener\"><strong> T\u00e9l\u00e9charger le guide d'installation<\/strong><\/a><\/p>\n<p>&nbsp;<\/p>\n<div id=\"style-btn-fc4878b7-d82f-e5cf-26d4-a476fdb0bf48\">\n<style class=\"style-btn\"><!-- #btn-fc4878b7-d82f-e5cf-26d4-a476fdb0bf48 {font-size: 14px;color: #ffffff;background: #0e83cd;padding-left: 12px;padding-top: 6px;padding-right: 12px;padding-bottom: 6px;border-radius: 0px;-moz-border-radius: 0px;-webkit-border-radius: 0px;border-color: #357ebd;border-width: 1px;} #btn-fc4878b7-d82f-e5cf-26d4-a476fdb0bf48:hover {background: #1990f9;color: #ffffff;box-shadow: 3px 3px 3px 0px #bababa;-moz-box-shadow: 3px 3px 3px 0px #bababa;-webkit-box-shadow: 3px 3px 3px 0px #bababa;} --><\/style>\n<\/div>","protected":false},"featured_media":423,"template":"","meta":[],"product_brand":[],"product_cat":[15,1464,19,260,1498,18,677],"product_tag":[20,21,161,22,23,686],"class_list":{"0":"post-287","1":"product","2":"type-product","3":"status-publish","4":"has-post-thumbnail","6":"product_cat-automotive-equipment","7":"product_cat-bars","8":"product_cat-ece-emark","9":"product_cat-lightbars","10":"product_cat-single-row","11":"product_cat-street-legal","12":"product_cat-street-legal-bars","13":"product_tag-ece","14":"product_tag-emark","15":"product_tag-leds","16":"product_tag-light-bar","17":"product_tag-street-legal","18":"product_tag-street-legal-bar","20":"first","21":"instock","22":"shipping-taxable","23":"product-type-simple"},"_links":{"self":[{"href":"https:\/\/nightriderleds.com\/fr\/wp-json\/wp\/v2\/product\/287","targetHints":{"allow":["GET"]}}],"collection":[{"href":"https:\/\/nightriderleds.com\/fr\/wp-json\/wp\/v2\/product"}],"about":[{"href":"https:\/\/nightriderleds.com\/fr\/wp-json\/wp\/v2\/types\/product"}],"wp:featuredmedia":[{"embeddable":true,"href":"https:\/\/nightriderleds.com\/fr\/wp-json\/wp\/v2\/media\/423"}],"wp:attachment":[{"href":"https:\/\/nightriderleds.com\/fr\/wp-json\/wp\/v2\/media?parent=287"}],"wp:term":[{"taxonomy":"product_brand","embeddable":true,"href":"https:\/\/nightriderleds.com\/fr\/wp-json\/wp\/v2\/product_brand?post=287"},{"taxonomy":"product_cat","embeddable":true,"href":"https:\/\/nightriderleds.com\/fr\/wp-json\/wp\/v2\/product_cat?post=287"},{"taxonomy":"product_tag","embeddable":true,"href":"https:\/\/nightriderleds.com\/fr\/wp-json\/wp\/v2\/product_tag?post=287"}],"curies":[{"name":"wp","href":"https:\/\/api.w.org\/{rel}","templated":true}]}}