{"id":286,"date":"2017-10-31T02:53:29","date_gmt":"2017-10-31T02:53:29","guid":{"rendered":"https:\/\/nightriderleds.com\/?post_type=product&#038;p=286"},"modified":"2026-03-26T16:13:49","modified_gmt":"2026-03-26T23:13:49","slug":"nightdriver-7r","status":"publish","type":"product","link":"https:\/\/nightriderleds.com\/fr\/products\/automotive-equipment\/street-legal\/ece-emark\/round-ece-emark\/nightdriver-7r\/","title":{"rendered":"NightDriver 7R - 7\u2033 Round Driving Light Kit"},"content":{"rendered":"<h3>Certifi\u00e9 ECE\/EMARK<\/h3>\n<h4>Pour des performances maximales dans la l\u00e9galit\u00e9<\/h4>\n<p>Des performances incroyables dans un kit compact.  Le kit d'\u00e9clairage auxiliaire NightDriver 7R offre plus de 4300 lumens par lampe ronde de 7\u2033 !<\/p>\n<p>Equipez votre v\u00e9hicule avec le NightDriver 7R et rejoignez la r\u00e9volution de l'\u00e9clairage l\u00e9gal* !<\/p>\n<p>Ce kit d'\u00e9clairage est livr\u00e9 pr\u00eat \u00e0 \u00eatre install\u00e9 avec deux feux, un faisceau de c\u00e2blage double complet, des supports de montage en acier inoxydable et la quincaillerie.<\/p>\n<p>&nbsp;<\/p>\n<p><em>*V\u00e9rifiez toujours les r\u00e8gles et r\u00e9glementations r\u00e9gionales concernant l'utilisation de l'eau.<span class=\"Apple-converted-space\">\u00a0<\/span>l'utilisation de feux de route auxiliaires. NightRider\u2122 LEDS s'efforce de fournir<span class=\"Apple-converted-space\">\u00a0<\/span>les feux les plus s\u00fbrs et les plus l\u00e9gaux, mais ne peut \u00eatre tenu responsable des restrictions r\u00e9gionales, d'un montage, d'une vis\u00e9e ou d'un c\u00e2blage inad\u00e9quats.<\/em><\/p>\n<p>&nbsp;<\/p>\n<p>&nbsp;<\/p>\n<p>&nbsp;<\/p>\n<p>&nbsp;<\/p>\n<p>&nbsp;<\/p>","protected":false},"excerpt":{"rendered":"<p>Des performances incroyables dans un kit compact.  Le kit d'\u00e9clairage auxiliaire NightDriver 7R offre plus de 4300 lumens par lampe ronde de 7\u2033 !<\/p>\n<p>48W \/ 4 320 Lumens (par lampe)<\/p>\n<p><a href=\"https:\/\/nightriderleds.com\/wp-content\/uploads\/2024\/11\/General-Auxiliary-Lamp-install-Information-Rev-2024.pdf\" target=\"_blank\" rel=\"noopener\"><strong> T\u00e9l\u00e9charger le guide d'installation <\/strong><\/a><\/p>\n<div id=\"style-btn-20d81a36-01de-e069-d1ae-c9fb07c3c17c\">\n<style class=\"style-btn\"><!-- #btn-20d81a36-01de-e069-d1ae-c9fb07c3c17c {font-size: 14px;color: #ffffff;background: #0e83cd;padding-left: 12px;padding-top: 6px;padding-right: 12px;padding-bottom: 6px;border-radius: 0px;-moz-border-radius: 0px;-webkit-border-radius: 0px;border-color: #357ebd;border-width: 1px;} #btn-20d81a36-01de-e069-d1ae-c9fb07c3c17c:hover {background: #1990f9;color: #ffffff;box-shadow: 3px 3px 3px 0px #bababa;-moz-box-shadow: 3px 3px 3px 0px #bababa;-webkit-box-shadow: 3px 3px 3px 0px #bababa;} --><\/style>\n<\/div>","protected":false},"featured_media":425,"template":"","meta":[],"product_brand":[],"product_cat":[15,19,1463,18],"product_tag":[20,21,161,23],"class_list":{"0":"post-286","1":"product","2":"type-product","3":"status-publish","4":"has-post-thumbnail","6":"product_cat-automotive-equipment","7":"product_cat-ece-emark","8":"product_cat-round-ece-emark","9":"product_cat-street-legal","10":"product_tag-ece","11":"product_tag-emark","12":"product_tag-leds","13":"product_tag-street-legal","15":"first","16":"instock","17":"shipping-taxable","18":"product-type-simple"},"_links":{"self":[{"href":"https:\/\/nightriderleds.com\/fr\/wp-json\/wp\/v2\/product\/286","targetHints":{"allow":["GET"]}}],"collection":[{"href":"https:\/\/nightriderleds.com\/fr\/wp-json\/wp\/v2\/product"}],"about":[{"href":"https:\/\/nightriderleds.com\/fr\/wp-json\/wp\/v2\/types\/product"}],"wp:featuredmedia":[{"embeddable":true,"href":"https:\/\/nightriderleds.com\/fr\/wp-json\/wp\/v2\/media\/425"}],"wp:attachment":[{"href":"https:\/\/nightriderleds.com\/fr\/wp-json\/wp\/v2\/media?parent=286"}],"wp:term":[{"taxonomy":"product_brand","embeddable":true,"href":"https:\/\/nightriderleds.com\/fr\/wp-json\/wp\/v2\/product_brand?post=286"},{"taxonomy":"product_cat","embeddable":true,"href":"https:\/\/nightriderleds.com\/fr\/wp-json\/wp\/v2\/product_cat?post=286"},{"taxonomy":"product_tag","embeddable":true,"href":"https:\/\/nightriderleds.com\/fr\/wp-json\/wp\/v2\/product_tag?post=286"}],"curies":[{"name":"wp","href":"https:\/\/api.w.org\/{rel}","templated":true}]}}