{"id":285,"date":"2017-10-31T01:14:03","date_gmt":"2017-10-31T01:14:03","guid":{"rendered":"https:\/\/nightriderleds.com\/?post_type=product&#038;p=285"},"modified":"2026-03-26T16:17:38","modified_gmt":"2026-03-26T23:17:38","slug":"nightdriver-5r","status":"publish","type":"product","link":"https:\/\/nightriderleds.com\/fr\/products\/automotive-equipment\/street-legal\/ece-emark\/round-ece-emark\/nightdriver-5r\/","title":{"rendered":"NightDriver 5R - 5\u2033 Round Driving Light Kit"},"content":{"rendered":"<div id=\"wpsecol-880bcffd-9b43-782e-67d7-79c7ca611a97\" class=\"csRow\">\n<div class=\"csColumnGap\" style=\"margin: 0; padding: 0; float: left; width: 0%;\"><img decoding=\"async\" src=\"https:\/\/nightriderleds.com\/wp-content\/plugins\/wp-smart-editor\/plugins\/columns\/img\/1x1-pixel.png\" \/><\/div>\n<div class=\"csColumn\" style=\"margin: 0; padding: 0; float: left; width: 50%;\" data-posx0=\"0\" data-posx1=\"50.11061946902655\" data-padding=\"10\" data-responsive=\"1\">\n<div style=\"padding: 10px;\">\n<div class=\"preview_text csColumn_text\">\n<h3>Certifi\u00e9 ECE\/EMARK<\/h3>\n<h4><em>La performance dans la rue<\/em><\/h4>\n<p>Des performances incroyables dans un kit compact.  Le kit de phares auxiliaires Driver 5R offre plus de 2000 lumens par phare rond de 5\u2033 !<\/p>\n<p>Equipez votre v\u00e9hicule avec le Driver 5R et rejoignez la r\u00e9volution de l'\u00e9clairage l\u00e9gal* !<\/p>\n<p>Ce kit d'\u00e9clairage est livr\u00e9 pr\u00eat \u00e0 \u00eatre install\u00e9 avec un faisceau de c\u00e2blage double complet, des supports de montage en acier inoxydable et la quincaillerie.<\/p>\n<\/div>\n<\/div>\n<p><em>*V\u00e9rifiez toujours les r\u00e8gles et r\u00e9glementations r\u00e9gionales concernant l'utilisation de l'eau.<span class=\"Apple-converted-space\">\u00a0<\/span>l'utilisation de feux de route auxiliaires. NightRider\u2122 LEDS s'efforce de fournir<span class=\"Apple-converted-space\">\u00a0<\/span>les feux les plus s\u00fbrs et les plus l\u00e9gaux, mais ne peut \u00eatre tenu responsable des restrictions r\u00e9gionales, d'un montage, d'une vis\u00e9e ou d'un c\u00e2blage inad\u00e9quats.<\/em><\/p>\n<div style=\"padding: 10px;\">\n<p>&nbsp;<\/p>\n<\/div>\n<\/div>\n<div class=\"csColumnGap\" style=\"margin: 0; padding: 0; float: left; width: 0.4424778761061947%;\"><img decoding=\"async\" src=\"https:\/\/nightriderleds.com\/wp-content\/plugins\/wp-smart-editor\/plugins\/columns\/img\/1x1-pixel.png\" \/><\/div>\n<div class=\"csColumn\" style=\"margin: 0; padding: 0; float: left; width: 49.22566371681416%;\" data-posx0=\"50.55309734513275\" data-posx1=\"99.88938053097345\" data-padding=\"10\" data-responsive=\"1\">\n<div style=\"padding: 10px;\">\n<div class=\"preview_text csColumn_text\">\n<h3><img fetchpriority=\"high\" decoding=\"async\" class=\"aligncenter wp-image-357\" src=\"https:\/\/nightriderleds.com\/wp-content\/uploads\/2017\/10\/Street-Legal-519x340.jpg\" width=\"430\" height=\"282\" srcset=\"https:\/\/nightriderleds.com\/wp-content\/uploads\/2017\/10\/Street-Legal-519x340.jpg 519w, https:\/\/nightriderleds.com\/wp-content\/uploads\/2017\/10\/Street-Legal-544x356.jpg 544w, https:\/\/nightriderleds.com\/wp-content\/uploads\/2017\/10\/Street-Legal-195x128.jpg 195w, https:\/\/nightriderleds.com\/wp-content\/uploads\/2017\/10\/Street-Legal-680x445.jpg 680w, https:\/\/nightriderleds.com\/wp-content\/uploads\/2017\/10\/Street-Legal-260x170.jpg 260w, https:\/\/nightriderleds.com\/wp-content\/uploads\/2017\/10\/Street-Legal-684x448.jpg 684w, https:\/\/nightriderleds.com\/wp-content\/uploads\/2017\/10\/Street-Legal-300x196.jpg 300w, https:\/\/nightriderleds.com\/wp-content\/uploads\/2017\/10\/Street-Legal-130x85.jpg 130w, https:\/\/nightriderleds.com\/wp-content\/uploads\/2017\/10\/Street-Legal.jpg 730w\" sizes=\"(max-width: 430px) 100vw, 430px\" \/><\/h3>\n<\/div>\n<\/div>\n<\/div>\n<\/div>\n<p>&nbsp;<\/p>","protected":false},"excerpt":{"rendered":"<p>Des performances incroyables dans un kit compact.  Le kit de phares auxiliaires Driver 5R offre plus de 2000 lumens par phare rond de 5\u2033 !<\/p>\n<p>24W \/ 2,160 Lumens (par lampe)<\/p>\n<p><a href=\"https:\/\/nightriderleds.com\/wp-content\/uploads\/2024\/11\/General-Auxiliary-Lamp-install-Information-Rev-2024.pdf\" target=\"_blank\" rel=\"noopener\"><strong> T\u00e9l\u00e9charger le guide d'installation <\/strong><\/a><\/p>","protected":false},"featured_media":208,"template":"","meta":[],"product_brand":[],"product_cat":[15,19,1463,18],"product_tag":[20,21,161,23],"class_list":{"0":"post-285","1":"product","2":"type-product","3":"status-publish","4":"has-post-thumbnail","6":"product_cat-automotive-equipment","7":"product_cat-ece-emark","8":"product_cat-round-ece-emark","9":"product_cat-street-legal","10":"product_tag-ece","11":"product_tag-emark","12":"product_tag-leds","13":"product_tag-street-legal","15":"first","16":"instock","17":"shipping-taxable","18":"product-type-simple"},"_links":{"self":[{"href":"https:\/\/nightriderleds.com\/fr\/wp-json\/wp\/v2\/product\/285","targetHints":{"allow":["GET"]}}],"collection":[{"href":"https:\/\/nightriderleds.com\/fr\/wp-json\/wp\/v2\/product"}],"about":[{"href":"https:\/\/nightriderleds.com\/fr\/wp-json\/wp\/v2\/types\/product"}],"wp:featuredmedia":[{"embeddable":true,"href":"https:\/\/nightriderleds.com\/fr\/wp-json\/wp\/v2\/media\/208"}],"wp:attachment":[{"href":"https:\/\/nightriderleds.com\/fr\/wp-json\/wp\/v2\/media?parent=285"}],"wp:term":[{"taxonomy":"product_brand","embeddable":true,"href":"https:\/\/nightriderleds.com\/fr\/wp-json\/wp\/v2\/product_brand?post=285"},{"taxonomy":"product_cat","embeddable":true,"href":"https:\/\/nightriderleds.com\/fr\/wp-json\/wp\/v2\/product_cat?post=285"},{"taxonomy":"product_tag","embeddable":true,"href":"https:\/\/nightriderleds.com\/fr\/wp-json\/wp\/v2\/product_tag?post=285"}],"curies":[{"name":"wp","href":"https:\/\/api.w.org\/{rel}","templated":true}]}}