{"id":2747,"date":"2018-03-20T18:57:55","date_gmt":"2018-03-20T18:57:55","guid":{"rendered":"https:\/\/nightriderleds.com\/?post_type=product&#038;p=2747"},"modified":"2019-11-15T11:41:48","modified_gmt":"2019-11-15T19:41:48","slug":"wiring-harness-adapter","status":"publish","type":"product","link":"https:\/\/nightriderleds.com\/fr\/products\/accessories\/wiring\/wiring-harness-adapter\/","title":{"rendered":"Adaptateur de harnais \u00e9lectrique"},"content":{"rendered":"<div style=\"width: 49%; padding: 0 10px 0 0; float: left;\">\n<p><strong>Adaptateur de harnais \u00e9lectrique<\/strong><\/p>\n<p>Bouchon \u00e0 vis m\u00e2le large menant \u00e0 une fiche Deutsch m\u00e2le.<br \/>\nPassez-vous d'une barre lumineuse \u00e0 double ou simple rang\u00e9e \u00e0 une barre lumineuse homologu\u00e9e ECE pour la route ? Cet adaptateur vous permet d'utiliser votre faisceau de c\u00e2blage pr\u00e9c\u00e9dent pour une installation rapide et facile.<\/p>\n<\/div>\n<div style=\"width: 49%; padding: 0 10px 0 0; float: right;\">\n<figure id=\"attachment_2748\" aria-describedby=\"caption-attachment-2748\" style=\"width: 544px\" class=\"wp-caption alignnone\"><img fetchpriority=\"high\" decoding=\"async\" class=\"size-medium wp-image-2748\" src=\"https:\/\/nightriderleds.com\/wp-content\/uploads\/2018\/03\/NWSLM-DPM-544x340.jpg\" alt=\"Male Large Screw to Male Deutsch\" width=\"544\" height=\"340\" srcset=\"https:\/\/nightriderleds.com\/wp-content\/uploads\/2018\/03\/NWSLM-DPM-544x340.jpg 544w, https:\/\/nightriderleds.com\/wp-content\/uploads\/2018\/03\/NWSLM-DPM-195x122.jpg 195w, https:\/\/nightriderleds.com\/wp-content\/uploads\/2018\/03\/NWSLM-DPM-768x480.jpg 768w, https:\/\/nightriderleds.com\/wp-content\/uploads\/2018\/03\/NWSLM-DPM.jpg 1088w, https:\/\/nightriderleds.com\/wp-content\/uploads\/2018\/03\/NWSLM-DPM-680x425.jpg 680w, https:\/\/nightriderleds.com\/wp-content\/uploads\/2018\/03\/NWSLM-DPM-272x170.jpg 272w\" sizes=\"(max-width: 544px) 100vw, 544px\" \/><figcaption id=\"caption-attachment-2748\" class=\"wp-caption-text\">Vis m\u00e2le vers Deutsch m\u00e2le<\/figcaption><\/figure>\n<\/div>\n<div style=\"clear: both;\"><\/div>","protected":false},"excerpt":{"rendered":"<p><b>Adaptateur de faisceau de c\u00e2blage pour une installation facile d'un feu homologu\u00e9 E tout en utilisant votre faisceau de c\u00e2blage pr\u00e9c\u00e9dent.<\/b><\/p>\n<p>&nbsp;<\/p>\n<p>&nbsp;<\/p>","protected":false},"featured_media":2748,"template":"","meta":[],"product_brand":[],"product_cat":[129,15,131],"product_tag":[160,648,652,161,654,647],"class_list":{"0":"post-2747","1":"product","2":"type-product","3":"status-publish","4":"has-post-thumbnail","6":"product_cat-accessories","7":"product_cat-automotive-equipment","8":"product_cat-wiring","9":"product_tag-automotive","10":"product_tag-harness","11":"product_tag-large-screw-plug","12":"product_tag-leds","13":"product_tag-male-deutsch-plug","14":"product_tag-wiring","16":"first","17":"instock","18":"shipping-taxable","19":"product-type-simple"},"_links":{"self":[{"href":"https:\/\/nightriderleds.com\/fr\/wp-json\/wp\/v2\/product\/2747","targetHints":{"allow":["GET"]}}],"collection":[{"href":"https:\/\/nightriderleds.com\/fr\/wp-json\/wp\/v2\/product"}],"about":[{"href":"https:\/\/nightriderleds.com\/fr\/wp-json\/wp\/v2\/types\/product"}],"wp:featuredmedia":[{"embeddable":true,"href":"https:\/\/nightriderleds.com\/fr\/wp-json\/wp\/v2\/media\/2748"}],"wp:attachment":[{"href":"https:\/\/nightriderleds.com\/fr\/wp-json\/wp\/v2\/media?parent=2747"}],"wp:term":[{"taxonomy":"product_brand","embeddable":true,"href":"https:\/\/nightriderleds.com\/fr\/wp-json\/wp\/v2\/product_brand?post=2747"},{"taxonomy":"product_cat","embeddable":true,"href":"https:\/\/nightriderleds.com\/fr\/wp-json\/wp\/v2\/product_cat?post=2747"},{"taxonomy":"product_tag","embeddable":true,"href":"https:\/\/nightriderleds.com\/fr\/wp-json\/wp\/v2\/product_tag?post=2747"}],"curies":[{"name":"wp","href":"https:\/\/api.w.org\/{rel}","templated":true}]}}