{"id":2671,"date":"2018-02-15T21:13:43","date_gmt":"2018-02-15T21:13:43","guid":{"rendered":"https:\/\/nightriderleds.com\/?post_type=product&#038;p=2671"},"modified":"2023-11-28T09:23:36","modified_gmt":"2023-11-28T17:23:36","slug":"300w-white-high-bay-led-panel-troffer-light","status":"publish","type":"product","link":"https:\/\/nightriderleds.com\/fr\/products\/commercial\/high-bay\/linear-troffer\/300w-white-high-bay-led-panel-troffer-light\/","title":{"rendered":"300W High Bay LED Panel Troffer Light blanc"},"content":{"rendered":"<div id=\"wpsecol-7bfb37af-4d27-a8d4-c915-fcdcef66639f\" class=\"csRow\">\n<div class=\"csColumnGap\" style=\"margin: 0; padding: 0; float: left; width: 0%;\"><\/div>\n<div class=\"csColumn\" style=\"margin: 0; padding: 0; float: left; width: 46.349557522123895%;\" data-posx0=\"0\" data-posx1=\"46.46017699115044\" data-padding=\"5\" data-responsive=\"1\">\n<div style=\"padding: 5px;\">\n<div class=\"preview_text csColumn_text\">\n<h3>Panneau lumineux LED High Bay Troffer Light<\/h3>\n<h4>La solution d'\u00e9clairage id\u00e9ale, \u00e9conome en \u00e9nergie et n\u00e9cessitant peu d'entretien, pour les entrep\u00f4ts, les usines, les halls d'exposition, les supermarch\u00e9s et bien plus encore.<\/h4>\n<p>Ces lumi\u00e8res n\u00e9cessitent tr\u00e8s peu d'entretien, ont une longue dur\u00e9e de vie et une faible consommation d'\u00e9nergie. Utilisation en int\u00e9rieur uniquement.<\/p>\n<p>Cette lampe est livr\u00e9e avec un support de cha\u00eene. Des supports de montage direct (NRC-THB-CBK) peuvent \u00eatre achet\u00e9s s\u00e9par\u00e9ment.<\/p>\n<p>Les \u00e9clairages sont certifi\u00e9s UL et cUL et DLC et sont accompagn\u00e9s d'une garantie de 5 ans.<\/p>\n<p>&nbsp;<\/p>\n<\/div>\n<\/div>\n<\/div>\n<div class=\"csColumnGap\" style=\"margin: 0; padding: 0; float: left; width: 0.33185840707964603%;\"><\/div>\n<div class=\"csColumn\" style=\"margin: 0; padding: 0; float: left; width: 52.98672566371682%;\" data-posx0=\"46.792035398230084\" data-posx1=\"99.88938053097345\" data-padding=\"5\" data-responsive=\"1\">\n<div style=\"padding: 5px;\">\n<div class=\"preview_text csColumn_text\">\n<p>&nbsp;<\/p>\n<p><img fetchpriority=\"high\" decoding=\"async\" class=\"size-medium wp-image-2666\" src=\"https:\/\/nightriderleds.com\/wp-content\/uploads\/2018\/02\/Warehouse-IMG-544x340.jpg\" alt=\"High Bay Troffer Lights in Warehouse\" width=\"544\" height=\"340\" srcset=\"https:\/\/nightriderleds.com\/wp-content\/uploads\/2018\/02\/Warehouse-IMG-544x340.jpg 544w, https:\/\/nightriderleds.com\/wp-content\/uploads\/2018\/02\/Warehouse-IMG.jpg 1088w, https:\/\/nightriderleds.com\/wp-content\/uploads\/2018\/02\/Warehouse-IMG-195x122.jpg 195w, https:\/\/nightriderleds.com\/wp-content\/uploads\/2018\/02\/Warehouse-IMG-768x480.jpg 768w, https:\/\/nightriderleds.com\/wp-content\/uploads\/2018\/02\/Warehouse-IMG-680x425.jpg 680w, https:\/\/nightriderleds.com\/wp-content\/uploads\/2018\/02\/Warehouse-IMG-272x170.jpg 272w\" sizes=\"(max-width: 544px) 100vw, 544px\" \/><\/p>\n<\/div>\n<\/div>\n<\/div>\n<div class=\"csColumnGap\" style=\"margin: 0; padding: 0; float: left; width: 0.3318584070796362%;\"><img decoding=\"async\" src=\"https:\/\/nightriderleds.com\/wp-content\/plugins\/wp-smart-editor\/plugins\/columns\/img\/1x1-pixel.png\" \/><\/div>\n<div style=\"clear: both; float: none; display: block; visibility: hidden; width: 0; font-size: 0; line-height: 0;\"><\/div>\n<\/div>\n<h3><\/h3>","protected":false},"excerpt":{"rendered":"<p>Peu d'entretien, faible consommation d'\u00e9nergie, longue dur\u00e9e de vie, rendement lumineux \u00e9lev\u00e9.<\/p>\n<p>300 W \/ 40 000 \u2013 43 000 Lumens<\/p>\n<p>&nbsp;<\/p>\n<p>&nbsp;<\/p>","protected":false},"featured_media":7563,"template":"","meta":[],"product_brand":[],"product_cat":[134,141,937],"product_tag":[942,537,161,939,172,941,917],"class_list":{"0":"post-2671","1":"product","2":"type-product","3":"status-publish","4":"has-post-thumbnail","6":"product_cat-commercial","7":"product_cat-high-bay","8":"product_cat-linear-troffer","9":"product_tag-chain-mount","10":"product_tag-high-bay","11":"product_tag-leds","12":"product_tag-linear","13":"product_tag-commercial","14":"product_tag-pendant-mount","15":"product_tag-troffer","17":"first","18":"instock","19":"shipping-taxable","20":"product-type-simple"},"_links":{"self":[{"href":"https:\/\/nightriderleds.com\/fr\/wp-json\/wp\/v2\/product\/2671","targetHints":{"allow":["GET"]}}],"collection":[{"href":"https:\/\/nightriderleds.com\/fr\/wp-json\/wp\/v2\/product"}],"about":[{"href":"https:\/\/nightriderleds.com\/fr\/wp-json\/wp\/v2\/types\/product"}],"wp:featuredmedia":[{"embeddable":true,"href":"https:\/\/nightriderleds.com\/fr\/wp-json\/wp\/v2\/media\/7563"}],"wp:attachment":[{"href":"https:\/\/nightriderleds.com\/fr\/wp-json\/wp\/v2\/media?parent=2671"}],"wp:term":[{"taxonomy":"product_brand","embeddable":true,"href":"https:\/\/nightriderleds.com\/fr\/wp-json\/wp\/v2\/product_brand?post=2671"},{"taxonomy":"product_cat","embeddable":true,"href":"https:\/\/nightriderleds.com\/fr\/wp-json\/wp\/v2\/product_cat?post=2671"},{"taxonomy":"product_tag","embeddable":true,"href":"https:\/\/nightriderleds.com\/fr\/wp-json\/wp\/v2\/product_tag?post=2671"}],"curies":[{"name":"wp","href":"https:\/\/api.w.org\/{rel}","templated":true}]}}