{"id":2660,"date":"2018-02-15T19:15:12","date_gmt":"2018-02-16T03:15:12","guid":{"rendered":"https:\/\/nightriderleds.com\/?post_type=product&#038;p=2660"},"modified":"2023-11-29T17:53:59","modified_gmt":"2023-11-30T01:53:59","slug":"120w-full-cut-off-wall-pack","status":"publish","type":"product","link":"https:\/\/nightriderleds.com\/fr\/products\/commercial\/wall-pack\/wall-pack-cut-off\/120w-full-cut-off-wall-pack\/","title":{"rendered":"120W Full Cut-Off Wall Pack"},"content":{"rendered":"<h3>Projecteur LED mural tout coupure<\/h3>\n<h4>Projecteur mural \u00e0 coupure int\u00e9grale \u00e0 90 degr\u00e9s pour l'\u00e9clairage de p\u00e9rim\u00e8tre des b\u00e2timents o\u00f9 les reflets lumineux sont ind\u00e9sirables ou restreints.<\/h4>\n<p>Ces lampes n\u00e9cessitent tr\u00e8s peu d'entretien, ont une longue dur\u00e9e de vie et consomment peu d'\u00e9nergie.<\/p>\n<p>D\u00e9sormais \u00e9quip\u00e9 d'une cellule photo\u00e9lectrique pour un \u00e9clairage cr\u00e9pusculaire pratique.<\/p>\n<p>Les lampes sont certifi\u00e9es cUL, DLC, CE, PSE et RoHS et b\u00e9n\u00e9ficient d'une garantie de 5 ans.<\/p>\n<p>&nbsp;<\/p>\n<p><img fetchpriority=\"high\" decoding=\"async\" class=\"size-medium wp-image-2663\" src=\"https:\/\/nightriderleds.com\/wp-content\/uploads\/2018\/02\/Street-at-Night-with-Cut-Off-Wallpacks-544x340.jpg\" alt=\"Cut-Off Wall Packs along Buildings \" width=\"544\" height=\"340\" srcset=\"https:\/\/nightriderleds.com\/wp-content\/uploads\/2018\/02\/Street-at-Night-with-Cut-Off-Wallpacks-544x340.jpg 544w, https:\/\/nightriderleds.com\/wp-content\/uploads\/2018\/02\/Street-at-Night-with-Cut-Off-Wallpacks.jpg 1088w, https:\/\/nightriderleds.com\/wp-content\/uploads\/2018\/02\/Street-at-Night-with-Cut-Off-Wallpacks-195x122.jpg 195w, https:\/\/nightriderleds.com\/wp-content\/uploads\/2018\/02\/Street-at-Night-with-Cut-Off-Wallpacks-768x480.jpg 768w, https:\/\/nightriderleds.com\/wp-content\/uploads\/2018\/02\/Street-at-Night-with-Cut-Off-Wallpacks-680x425.jpg 680w, https:\/\/nightriderleds.com\/wp-content\/uploads\/2018\/02\/Street-at-Night-with-Cut-Off-Wallpacks-272x170.jpg 272w\" sizes=\"(max-width: 544px) 100vw, 544px\" \/><\/p>","protected":false},"excerpt":{"rendered":"<p>Peu d'entretien, faible consommation d'\u00e9nergie, longue dur\u00e9e de vie, rendement lumineux \u00e9lev\u00e9.<\/p>\n<p>D\u00e9sormais \u00e9quip\u00e9 d'une cellule photo\u00e9lectrique pour un \u00e9clairage cr\u00e9pusculaire pratique.<\/p>\n<p>120W \/ 16 680 lumens<\/p>\n<p>&nbsp;<\/p>\n<p>&nbsp;<\/p>","protected":false},"featured_media":2661,"template":"","meta":[],"product_brand":[],"product_cat":[134,928,138],"product_tag":[931,909,923,161,172,932,510,511,496],"class_list":{"0":"post-2660","1":"product","2":"type-product","3":"status-publish","4":"has-post-thumbnail","6":"product_cat-commercial","7":"product_cat-wall-pack-cut-off","8":"product_cat-wall-pack","9":"product_tag-area-light","10":"product_tag-cut-off","11":"product_tag-led","12":"product_tag-leds","13":"product_tag-commercial","14":"product_tag-perimeter-light","15":"product_tag-wall-pack","16":"product_tag-wallpack","17":"product_tag-yardlight","19":"first","20":"instock","21":"shipping-taxable","22":"product-type-simple"},"_links":{"self":[{"href":"https:\/\/nightriderleds.com\/fr\/wp-json\/wp\/v2\/product\/2660","targetHints":{"allow":["GET"]}}],"collection":[{"href":"https:\/\/nightriderleds.com\/fr\/wp-json\/wp\/v2\/product"}],"about":[{"href":"https:\/\/nightriderleds.com\/fr\/wp-json\/wp\/v2\/types\/product"}],"wp:featuredmedia":[{"embeddable":true,"href":"https:\/\/nightriderleds.com\/fr\/wp-json\/wp\/v2\/media\/2661"}],"wp:attachment":[{"href":"https:\/\/nightriderleds.com\/fr\/wp-json\/wp\/v2\/media?parent=2660"}],"wp:term":[{"taxonomy":"product_brand","embeddable":true,"href":"https:\/\/nightriderleds.com\/fr\/wp-json\/wp\/v2\/product_brand?post=2660"},{"taxonomy":"product_cat","embeddable":true,"href":"https:\/\/nightriderleds.com\/fr\/wp-json\/wp\/v2\/product_cat?post=2660"},{"taxonomy":"product_tag","embeddable":true,"href":"https:\/\/nightriderleds.com\/fr\/wp-json\/wp\/v2\/product_tag?post=2660"}],"curies":[{"name":"wp","href":"https:\/\/api.w.org\/{rel}","templated":true}]}}