{"id":1990,"date":"2017-10-06T16:30:49","date_gmt":"2017-10-06T23:30:49","guid":{"rendered":"https:\/\/nightriderleds.com\/?post_type=product&#038;p=1990"},"modified":"2021-06-23T16:01:43","modified_gmt":"2021-06-23T23:01:43","slug":"li-ion-battery-pair","status":"publish","type":"product","link":"https:\/\/nightriderleds.com\/fr\/products\/portable-lighting\/flashlights-headlamps\/li-ion-battery-pair\/","title":{"rendered":"Paire de batteries Li-Ion"},"content":{"rendered":"<p>&nbsp;<\/p>\n<div id=\"wpsecol-71c6b5a3-2a78-d4b7-9cf0-02dab0423b46\" class=\"csRow\">\n<div class=\"csColumnGap\" style=\"margin: 0; padding: 0; float: left; width: 0.11061946902654868%;\"><img decoding=\"async\" src=\"https:\/\/nightriderleds.com\/wp-content\/plugins\/wp-smart-editor\/plugins\/columns\/img\/1x1-pixel.png\" \/><\/div>\n<div class=\"csColumn\" style=\"margin: 0; padding: 0; float: left; width: 46.23893805309734%;\" data-posx0=\"0.11061946902654868\" data-posx1=\"46.46017699115044\" data-padding=\"5\" data-responsive=\"1\">\n<div style=\"padding: 5px;\">\n<div class=\"preview_text csColumn_text\">\n<h3 class=\"p1\">Paire de batteries Li-Ion<\/h3>\n<p class=\"p1\"><b>Deux batteries rechargeables Li-Ion 18650 de 2200 mAh pour torches NightFire\u2122.<\/b><\/p>\n<p><span class=\"Apple-converted-space\">Veuillez noter : ces puissants\u00a0<\/span>Les batteries Li-ion 18650 peuvent endommager le chargeur, la lampe de poche ou s'endommager elles-m\u00eames si elles sont mal ins\u00e9r\u00e9es dans le chargeur ou la lampe de poche. Rangez les batteries uniquement \u00e0 l'int\u00e9rieur de la lampe de poche ou dans un conteneur s\u00fbr pour batteries Li-ion 18650. Les batteries Li-ion 18650 n'ont pas d'effet m\u00e9moire.<span class=\"Apple-converted-space\">\u00a0<\/span>et peuvent \u00eatre recharg\u00e9es \u00e0 tout moment. NE PAS recharger les batteries sans surveillance.<\/p>\n<p><em>NightRider\u2122 LEDS Inc. n'est pas responsable de l'utilisation de ces batteries et ne pourra \u00eatre tenu responsable des dommages ou blessures qui en r\u00e9sulteraient.<span class=\"Apple-converted-space\">\u00a0<\/span>de l'utilisation de ce produit. Utilisez \u00e0 vos propres risques.<\/em><\/p>\n<p>&nbsp;<\/p>\n<p class=\"p2\">\n<\/div>\n<\/div>\n<\/div>\n<div class=\"csColumnGap\" style=\"margin: 0; padding: 0; float: left; width: 1.7699115044247788%;\"><img decoding=\"async\" src=\"https:\/\/nightriderleds.com\/wp-content\/plugins\/wp-smart-editor\/plugins\/columns\/img\/1x1-pixel.png\" \/><\/div>\n<div class=\"csColumn\" style=\"margin: 0; padding: 0; float: left; width: 51.65929203539823%;\" data-posx0=\"48.23008849557522\" data-posx1=\"100\" data-padding=\"5\" data-responsive=\"1\">\n<div style=\"padding: 5px;\">\n<div class=\"preview_text csColumn_text\">\n<p>&nbsp;<\/p>\n<p><img fetchpriority=\"high\" decoding=\"async\" class=\"wp-image-3800 size-medium\" src=\"https:\/\/nightriderleds.com\/wp-content\/uploads\/2017\/12\/Li-Ion-Battery-Pair-544x340.jpg\" alt=\"\" width=\"544\" height=\"340\" srcset=\"https:\/\/nightriderleds.com\/wp-content\/uploads\/2017\/12\/Li-Ion-Battery-Pair-544x340.jpg 544w, https:\/\/nightriderleds.com\/wp-content\/uploads\/2017\/12\/Li-Ion-Battery-Pair-195x122.jpg 195w, https:\/\/nightriderleds.com\/wp-content\/uploads\/2017\/12\/Li-Ion-Battery-Pair-768x480.jpg 768w, https:\/\/nightriderleds.com\/wp-content\/uploads\/2017\/12\/Li-Ion-Battery-Pair.jpg 1088w\" sizes=\"(max-width: 544px) 100vw, 544px\" \/><\/p>\n<\/div>\n<\/div>\n<\/div>\n<div class=\"csColumnGap\" style=\"margin: 0; padding: 0; float: left; width: 0.22123893805310502%;\"><img decoding=\"async\" src=\"https:\/\/nightriderleds.com\/wp-content\/plugins\/wp-smart-editor\/plugins\/columns\/img\/1x1-pixel.png\" \/><\/div>\n<div style=\"clear: both; float: none; display: block; visibility: hidden; width: 0; font-size: 0; line-height: 0;\"><\/div>\n<\/div>\n<p>&nbsp;<\/p>\n<div id=\"style-wpsecol-71c6b5a3-2a78-d4b7-9cf0-02dab0423b46\">\n<style><!-- @media (max-width: 768px) { #wpsecol-71c6b5a3-2a78-d4b7-9cf0-02dab0423b46 .csColumn { display: block; width: 100% !important; } #wpsecol-71c6b5a3-2a78-d4b7-9cf0-02dab0423b46 .csColumnGap { display: none; } } --><\/style>\n<\/div>","protected":false},"excerpt":{"rendered":"<div class=\"tableOfContent\"><\/div>\n<p class=\"p1\"><b>Paire de batteries rechargeables Li-Ion pour lampes de poche NightFire\u2122.<\/b><\/p>\n<p>&nbsp;<\/p>\n<p>&nbsp;<\/p>\n<p>&nbsp;<\/p>","protected":false},"featured_media":3800,"template":"","meta":[],"product_brand":[],"product_cat":[129,1232,1231],"product_tag":[772,161,544],"class_list":{"0":"post-1990","1":"product","2":"type-product","3":"status-publish","4":"has-post-thumbnail","6":"product_cat-accessories","7":"product_cat-flashlights-headlamps","8":"product_cat-portable-lighting","9":"product_tag-battery","10":"product_tag-leds","11":"product_tag-nightfire","13":"first","14":"instock","15":"shipping-taxable","16":"product-type-simple"},"_links":{"self":[{"href":"https:\/\/nightriderleds.com\/fr\/wp-json\/wp\/v2\/product\/1990","targetHints":{"allow":["GET"]}}],"collection":[{"href":"https:\/\/nightriderleds.com\/fr\/wp-json\/wp\/v2\/product"}],"about":[{"href":"https:\/\/nightriderleds.com\/fr\/wp-json\/wp\/v2\/types\/product"}],"wp:featuredmedia":[{"embeddable":true,"href":"https:\/\/nightriderleds.com\/fr\/wp-json\/wp\/v2\/media\/3800"}],"wp:attachment":[{"href":"https:\/\/nightriderleds.com\/fr\/wp-json\/wp\/v2\/media?parent=1990"}],"wp:term":[{"taxonomy":"product_brand","embeddable":true,"href":"https:\/\/nightriderleds.com\/fr\/wp-json\/wp\/v2\/product_brand?post=1990"},{"taxonomy":"product_cat","embeddable":true,"href":"https:\/\/nightriderleds.com\/fr\/wp-json\/wp\/v2\/product_cat?post=1990"},{"taxonomy":"product_tag","embeddable":true,"href":"https:\/\/nightriderleds.com\/fr\/wp-json\/wp\/v2\/product_tag?post=1990"}],"curies":[{"name":"wp","href":"https:\/\/api.w.org\/{rel}","templated":true}]}}