{"id":1863,"date":"2017-12-04T20:54:48","date_gmt":"2017-12-04T20:54:48","guid":{"rendered":"https:\/\/nightriderleds.com\/?post_type=product&#038;p=1863"},"modified":"2019-11-15T12:44:46","modified_gmt":"2019-11-15T20:44:46","slug":"upper-windshield-pillar-mount","status":"publish","type":"product","link":"https:\/\/nightriderleds.com\/fr\/products\/accessories\/mounts\/roof-pillar\/upper-windshield-pillar-mount\/","title":{"rendered":"Chevy 55\u2033 Curved Upper Windshield Pillar Mount Mount"},"content":{"rendered":"<p>&nbsp;<\/p>\n<div id=\"wpsecol-71c6b5a3-2a78-d4b7-9cf0-02dab0423b46\" class=\"csRow\">\n<div class=\"csColumnGap\" style=\"margin: 0; padding: 0; float: left; width: 0.11061946902654868%;\"><img decoding=\"async\" src=\"https:\/\/nightriderleds.com\/wp-content\/plugins\/wp-smart-editor\/plugins\/columns\/img\/1x1-pixel.png\" \/><\/div>\n<div class=\"csColumn\" style=\"margin: 0; padding: 0; float: left; width: 46.23893805309734%;\" data-posx0=\"0.11061946902654868\" data-posx1=\"46.46017699115044\" data-padding=\"5\" data-responsive=\"1\">\n<div style=\"padding: 5px;\">\n<div class=\"preview_text csColumn_text\">\n<h3 class=\"p1\">Support de montant de pare-brise sup\u00e9rieur<\/h3>\n<h4>Jeu de deux supports pour monter une barre lumineuse incurv\u00e9e double rang\u00e9e de 55 pouces<\/h4>\n<p class=\"p2\">Les supports conviennent aux mod\u00e8les suivants : GMC et Chevrolet 1500 de 2014 \u00e0 2017, GMC et Chevrolet 2500HD\/3500HD de 2015 \u00e0 2017, Yukon, Yukon XL, Suburban Tahoe.<\/p>\n<p class=\"p2\">Toute la quincaillerie n\u00e9cessaire au montage est incluse.<\/p>\n<\/div>\n<\/div>\n<\/div>\n<div class=\"csColumnGap\" style=\"margin: 0; padding: 0; float: left; width: 1.7699115044247788%;\"><img decoding=\"async\" src=\"https:\/\/nightriderleds.com\/wp-content\/plugins\/wp-smart-editor\/plugins\/columns\/img\/1x1-pixel.png\" \/><\/div>\n<div class=\"csColumn\" style=\"margin: 0; padding: 0; float: left; width: 51.65929203539823%;\" data-posx0=\"48.23008849557522\" data-posx1=\"100\" data-padding=\"5\" data-responsive=\"1\">\n<div style=\"padding: 5px;\">\n<div class=\"preview_text csColumn_text\">\n<p>&nbsp;<\/p>\n<p><img fetchpriority=\"high\" decoding=\"async\" class=\"size-medium wp-image-1868\" src=\"https:\/\/nightriderleds.com\/wp-content\/uploads\/2017\/12\/NMRC-55-Installed-1088x680-544x340.jpg\" alt=\"Upper Windshield Pillar Mount NMRC-55 Installed\" width=\"544\" height=\"340\" srcset=\"https:\/\/nightriderleds.com\/wp-content\/uploads\/2017\/12\/NMRC-55-Installed-1088x680-544x340.jpg 544w, https:\/\/nightriderleds.com\/wp-content\/uploads\/2017\/12\/NMRC-55-Installed-1088x680.jpg 1088w, https:\/\/nightriderleds.com\/wp-content\/uploads\/2017\/12\/NMRC-55-Installed-1088x680-195x122.jpg 195w, https:\/\/nightriderleds.com\/wp-content\/uploads\/2017\/12\/NMRC-55-Installed-1088x680-768x480.jpg 768w, https:\/\/nightriderleds.com\/wp-content\/uploads\/2017\/12\/NMRC-55-Installed-1088x680-680x425.jpg 680w, https:\/\/nightriderleds.com\/wp-content\/uploads\/2017\/12\/NMRC-55-Installed-1088x680-272x170.jpg 272w\" sizes=\"(max-width: 544px) 100vw, 544px\" \/><\/p>\n<\/div>\n<\/div>\n<\/div>\n<div class=\"csColumnGap\" style=\"margin: 0; padding: 0; float: left; width: 0.22123893805310502%;\"><img decoding=\"async\" src=\"https:\/\/nightriderleds.com\/wp-content\/plugins\/wp-smart-editor\/plugins\/columns\/img\/1x1-pixel.png\" \/><\/div>\n<div style=\"clear: both; float: none; display: block; visibility: hidden; width: 0; font-size: 0; line-height: 0;\"><\/div>\n<\/div>\n<p>&nbsp;<\/p>\n<div id=\"style-wpsecol-71c6b5a3-2a78-d4b7-9cf0-02dab0423b46\">\n<style><!-- @media (max-width: 768px) { #wpsecol-71c6b5a3-2a78-d4b7-9cf0-02dab0423b46 .csColumn { display: block; width: 100% !important; } #wpsecol-71c6b5a3-2a78-d4b7-9cf0-02dab0423b46 .csColumnGap { display: none; } } --><\/style>\n<\/div>","protected":false},"excerpt":{"rendered":"<p>Support de montant sup\u00e9rieur de pare-brise pour une barre lumineuse incurv\u00e9e double rang\u00e9e de 55 pouces. Convient \u00e0 certains mod\u00e8les GMC et Chevrolet. Tout le mat\u00e9riel de montage n\u00e9cessaire est inclus.<\/p>","protected":false},"featured_media":1868,"template":"","meta":[],"product_brand":[],"product_cat":[129,15,130,819],"product_tag":[160,316,161,676,742,836],"class_list":{"0":"post-1863","1":"product","2":"type-product","3":"status-publish","4":"has-post-thumbnail","6":"product_cat-accessories","7":"product_cat-automotive-equipment","8":"product_cat-mounts","9":"product_cat-roof-pillar","10":"product_tag-automotive","11":"product_tag-heavy-duty","12":"product_tag-leds","13":"product_tag-light-bracket","14":"product_tag-pillar-mount","15":"product_tag-roofpillar_chevy","17":"first","18":"instock","19":"shipping-taxable","20":"product-type-simple"},"_links":{"self":[{"href":"https:\/\/nightriderleds.com\/fr\/wp-json\/wp\/v2\/product\/1863","targetHints":{"allow":["GET"]}}],"collection":[{"href":"https:\/\/nightriderleds.com\/fr\/wp-json\/wp\/v2\/product"}],"about":[{"href":"https:\/\/nightriderleds.com\/fr\/wp-json\/wp\/v2\/types\/product"}],"wp:featuredmedia":[{"embeddable":true,"href":"https:\/\/nightriderleds.com\/fr\/wp-json\/wp\/v2\/media\/1868"}],"wp:attachment":[{"href":"https:\/\/nightriderleds.com\/fr\/wp-json\/wp\/v2\/media?parent=1863"}],"wp:term":[{"taxonomy":"product_brand","embeddable":true,"href":"https:\/\/nightriderleds.com\/fr\/wp-json\/wp\/v2\/product_brand?post=1863"},{"taxonomy":"product_cat","embeddable":true,"href":"https:\/\/nightriderleds.com\/fr\/wp-json\/wp\/v2\/product_cat?post=1863"},{"taxonomy":"product_tag","embeddable":true,"href":"https:\/\/nightriderleds.com\/fr\/wp-json\/wp\/v2\/product_tag?post=1863"}],"curies":[{"name":"wp","href":"https:\/\/api.w.org\/{rel}","templated":true}]}}