{"id":1828,"date":"2017-12-04T18:57:49","date_gmt":"2017-12-04T18:57:49","guid":{"rendered":"https:\/\/nightriderleds.com\/?post_type=product&#038;p=1828"},"modified":"2023-03-09T10:32:38","modified_gmt":"2023-03-09T18:32:38","slug":"womens-nightrider-leds-jacket","status":"publish","type":"product","link":"https:\/\/nightriderleds.com\/fr\/products\/apparel\/womens-nightrider-leds-jacket\/","title":{"rendered":"Veste NightRider\u2122 LEDS pour femme"},"content":{"rendered":"<div id=\"wpsecol-7bfb37af-4d27-a8d4-c915-fcdcef66639f\" class=\"csRow\">\n<div class=\"csColumnGap\" style=\"margin: 0; padding: 0; float: left; width: 0%;\"><img decoding=\"async\" src=\"https:\/\/nightriderleds.com\/wp-content\/plugins\/wp-smart-editor\/plugins\/columns\/img\/1x1-pixel.png\" \/><\/div>\n<div class=\"csColumn\" style=\"margin: 0; padding: 0; float: left; width: 46.349557522123895%;\" data-posx0=\"0\" data-posx1=\"46.46017699115044\" data-padding=\"5\" data-responsive=\"1\">\n<div style=\"padding: 5px;\">\n<div class=\"preview_text csColumn_text\">\n<h3>Veste NightRider\u2122 LEDS pour femme<\/h3>\n<h4>Veste soft shell gris\/noir avec doublure int\u00e9rieure en polaire douce<\/h4>\n<p>Ajustement confortable, r\u00e9sistant au vent et \u00e0 l'eau, fabriqu\u00e9 dans un tissu facile d'entretien. Que demander de plus ?<\/p>\n<p>Disponible en S, M, L, XL<\/p>\n<\/div>\n<\/div>\n<\/div>\n<div class=\"csColumnGap\" style=\"margin: 0; padding: 0; float: left; width: 0.33185840707964603%;\"><img decoding=\"async\" src=\"https:\/\/nightriderleds.com\/wp-content\/plugins\/wp-smart-editor\/plugins\/columns\/img\/1x1-pixel.png\" \/><\/div>\n<div class=\"csColumn\" style=\"margin: 0; padding: 0; float: left; width: 52.98672566371682%;\" data-posx0=\"46.792035398230084\" data-posx1=\"99.88938053097345\" data-padding=\"5\" data-responsive=\"1\">\n<div style=\"padding: 5px;\">\n<div class=\"preview_text csColumn_text\">\n<p>&nbsp;<\/p>\n<p>&nbsp;<\/p>\n<p><img fetchpriority=\"high\" decoding=\"async\" class=\"wp-image-2205 size-medium\" src=\"https:\/\/nightriderleds.com\/wp-content\/uploads\/2017\/12\/Womens-Jacket-1088x1088-340x340.jpg\" alt=\"Women's Cut NightRider Jacket with Black Fleece and Grey trimming\" width=\"340\" height=\"340\" srcset=\"https:\/\/nightriderleds.com\/wp-content\/uploads\/2017\/12\/Womens-Jacket-1088x1088-340x340.jpg 340w, https:\/\/nightriderleds.com\/wp-content\/uploads\/2017\/12\/Womens-Jacket-1088x1088-544x544.jpg 544w, https:\/\/nightriderleds.com\/wp-content\/uploads\/2017\/12\/Womens-Jacket-1088x1088-100x100.jpg 100w, https:\/\/nightriderleds.com\/wp-content\/uploads\/2017\/12\/Womens-Jacket-1088x1088.jpg 1088w, https:\/\/nightriderleds.com\/wp-content\/uploads\/2017\/12\/Womens-Jacket-1088x1088-128x128.jpg 128w, https:\/\/nightriderleds.com\/wp-content\/uploads\/2017\/12\/Womens-Jacket-1088x1088-768x768.jpg 768w, https:\/\/nightriderleds.com\/wp-content\/uploads\/2017\/12\/Womens-Jacket-1088x1088-680x680.jpg 680w, https:\/\/nightriderleds.com\/wp-content\/uploads\/2017\/12\/Womens-Jacket-1088x1088-170x170.jpg 170w\" sizes=\"(max-width: 340px) 100vw, 340px\" \/><\/p>\n<\/div>\n<\/div>\n<\/div>\n<div class=\"csColumnGap\" style=\"margin: 0; padding: 0; float: left; width: 0.3318584070796362%;\"><img decoding=\"async\" src=\"https:\/\/nightriderleds.com\/wp-content\/plugins\/wp-smart-editor\/plugins\/columns\/img\/1x1-pixel.png\" \/><\/div>\n<div style=\"clear: both; float: none; display: block; visibility: hidden; width: 0; font-size: 0; line-height: 0;\"><\/div>\n<\/div>\n<h3><\/h3>\n<div id=\"style-wpsecol-7bfb37af-4d27-a8d4-c915-fcdcef66639f\">\n<style><!-- @media (max-width: 768px) { #wpsecol-7bfb37af-4d27-a8d4-c915-fcdcef66639f .csColumn { display: block; width: 100% !important; } #wpsecol-7bfb37af-4d27-a8d4-c915-fcdcef66639f .csColumnGap { display: none; } } --><\/style>\n<\/div>","protected":false},"excerpt":{"rendered":"<p>Veste Soft Shell, r\u00e9sistante \u00e0 l'eau, avec technologie Windsmart et doublure int\u00e9rieure en polaire.<\/p>\n<p>Existe en une couleur : Gris avec noir<\/p>\n<p>Tailles disponibles : S, M, L, XL<\/p>\n<p>&nbsp;<\/p>\n<p>&nbsp;<\/p>","protected":false},"featured_media":4479,"template":"","meta":[],"product_brand":[],"product_cat":[133],"product_tag":[683,731,709,730],"class_list":{"0":"post-1828","1":"product","2":"type-product","3":"status-publish","4":"has-post-thumbnail","6":"product_cat-apparel","7":"product_tag-apparel","8":"product_tag-clothing","9":"product_tag-jacket","10":"product_tag-womens","12":"first","13":"instock","14":"shipping-taxable","15":"product-type-variable"},"_links":{"self":[{"href":"https:\/\/nightriderleds.com\/fr\/wp-json\/wp\/v2\/product\/1828","targetHints":{"allow":["GET"]}}],"collection":[{"href":"https:\/\/nightriderleds.com\/fr\/wp-json\/wp\/v2\/product"}],"about":[{"href":"https:\/\/nightriderleds.com\/fr\/wp-json\/wp\/v2\/types\/product"}],"wp:featuredmedia":[{"embeddable":true,"href":"https:\/\/nightriderleds.com\/fr\/wp-json\/wp\/v2\/media\/4479"}],"wp:attachment":[{"href":"https:\/\/nightriderleds.com\/fr\/wp-json\/wp\/v2\/media?parent=1828"}],"wp:term":[{"taxonomy":"product_brand","embeddable":true,"href":"https:\/\/nightriderleds.com\/fr\/wp-json\/wp\/v2\/product_brand?post=1828"},{"taxonomy":"product_cat","embeddable":true,"href":"https:\/\/nightriderleds.com\/fr\/wp-json\/wp\/v2\/product_cat?post=1828"},{"taxonomy":"product_tag","embeddable":true,"href":"https:\/\/nightriderleds.com\/fr\/wp-json\/wp\/v2\/product_tag?post=1828"}],"curies":[{"name":"wp","href":"https:\/\/api.w.org\/{rel}","templated":true}]}}