{"id":1675,"date":"2017-11-23T20:30:06","date_gmt":"2017-11-23T20:30:06","guid":{"rendered":"https:\/\/nightriderleds.com\/?post_type=product&#038;p=1675"},"modified":"2019-10-17T14:02:50","modified_gmt":"2019-10-17T21:02:50","slug":"black-nightrider-hat","status":"publish","type":"product","link":"https:\/\/nightriderleds.com\/fr\/products\/apparel\/black-nightrider-hat\/","title":{"rendered":"Chapeau NightRider\u2122 noir"},"content":{"rendered":"<p>&nbsp;<\/p>\n<div id=\"wpsecol-71c6b5a3-2a78-d4b7-9cf0-02dab0423b46\" class=\"csRow\">\n<div class=\"csColumnGap\" style=\"margin: 0; padding: 0; float: left; width: 0.11061946902654868%;\"><img decoding=\"async\" src=\"https:\/\/nightriderleds.com\/wp-content\/plugins\/wp-smart-editor\/plugins\/columns\/img\/1x1-pixel.png\" \/><\/div>\n<div class=\"csColumn\" style=\"margin: 0; padding: 0; float: left; width: 46.23893805309734%;\" data-posx0=\"0.11061946902654868\" data-posx1=\"46.46017699115044\" data-padding=\"5\" data-responsive=\"1\">\n<div style=\"padding: 5px;\">\n<div class=\"preview_text csColumn_text\">\n<h3 class=\"p1\">Chapeau NightRider\u2122 noir<\/h3>\n<p><b>Black Ball Cap with NightRider\u2122 writing on front and NR button in back with adjustable strap.<\/b><\/p>\n<p class=\"p2\">Taille unique<\/p>\n<\/div>\n<\/div>\n<\/div>\n<div class=\"csColumnGap\" style=\"margin: 0; padding: 0; float: left; width: 1.7699115044247788%;\"><img decoding=\"async\" src=\"https:\/\/nightriderleds.com\/wp-content\/plugins\/wp-smart-editor\/plugins\/columns\/img\/1x1-pixel.png\" \/><\/div>\n<div class=\"csColumn\" style=\"margin: 0; padding: 0; float: left; width: 51.65929203539823%;\" data-posx0=\"48.23008849557522\" data-posx1=\"100\" data-padding=\"5\" data-responsive=\"1\">\n<div style=\"padding: 5px;\">\n<div class=\"preview_text csColumn_text\">\n<p><img fetchpriority=\"high\" decoding=\"async\" class=\"wp-image-4380 size-medium\" src=\"https:\/\/nightriderleds.com\/wp-content\/uploads\/2017\/11\/Black-Hat-with-NightRider-writing-only-533x340.jpg\" alt=\"Black NightRider\u2122 ball cap with adjustable strap\" width=\"533\" height=\"340\" srcset=\"https:\/\/nightriderleds.com\/wp-content\/uploads\/2017\/11\/Black-Hat-with-NightRider-writing-only-533x340.jpg 533w, https:\/\/nightriderleds.com\/wp-content\/uploads\/2017\/11\/Black-Hat-with-NightRider-writing-only-544x347.jpg 544w, https:\/\/nightriderleds.com\/wp-content\/uploads\/2017\/11\/Black-Hat-with-NightRider-writing-only-195x124.jpg 195w, https:\/\/nightriderleds.com\/wp-content\/uploads\/2017\/11\/Black-Hat-with-NightRider-writing-only-768x490.jpg 768w, https:\/\/nightriderleds.com\/wp-content\/uploads\/2017\/11\/Black-Hat-with-NightRider-writing-only.jpg 1066w\" sizes=\"(max-width: 533px) 100vw, 533px\" \/><\/p>\n<\/div>\n<\/div>\n<\/div>\n<div class=\"csColumnGap\" style=\"margin: 0; padding: 0; float: left; width: 0.22123893805310502%;\"><img decoding=\"async\" src=\"https:\/\/nightriderleds.com\/wp-content\/plugins\/wp-smart-editor\/plugins\/columns\/img\/1x1-pixel.png\" \/><\/div>\n<div style=\"clear: both; float: none; display: block; visibility: hidden; width: 0; font-size: 0; line-height: 0;\"><\/div>\n<\/div>\n<p>&nbsp;<\/p>\n<div id=\"style-wpsecol-71c6b5a3-2a78-d4b7-9cf0-02dab0423b46\">\n<style><!-- @media (max-width: 768px) { #wpsecol-71c6b5a3-2a78-d4b7-9cf0-02dab0423b46 .csColumn { display: block; width: 100% !important; } #wpsecol-71c6b5a3-2a78-d4b7-9cf0-02dab0423b46 .csColumnGap { display: none; } } --><\/style>\n<\/div>","protected":false},"excerpt":{"rendered":"<div class=\"tableOfContent\"><\/div>\n<p><b>Black Ball Cap with checkered flag on bill and left side.<\/b><\/p>\n<p>Taille unique gr\u00e2ce \u00e0 une sangle r\u00e9glable.<\/p>\n<p>&nbsp;<\/p>\n<p>&nbsp;<\/p>","protected":false},"featured_media":4380,"template":"","meta":[],"product_brand":[],"product_cat":[133],"product_tag":[683,681,682],"class_list":{"0":"post-1675","1":"product","2":"type-product","3":"status-publish","4":"has-post-thumbnail","6":"product_cat-apparel","7":"product_tag-apparel","8":"product_tag-ballcap","9":"product_tag-hat","11":"first","12":"instock","13":"shipping-taxable","14":"product-type-simple"},"_links":{"self":[{"href":"https:\/\/nightriderleds.com\/fr\/wp-json\/wp\/v2\/product\/1675","targetHints":{"allow":["GET"]}}],"collection":[{"href":"https:\/\/nightriderleds.com\/fr\/wp-json\/wp\/v2\/product"}],"about":[{"href":"https:\/\/nightriderleds.com\/fr\/wp-json\/wp\/v2\/types\/product"}],"wp:featuredmedia":[{"embeddable":true,"href":"https:\/\/nightriderleds.com\/fr\/wp-json\/wp\/v2\/media\/4380"}],"wp:attachment":[{"href":"https:\/\/nightriderleds.com\/fr\/wp-json\/wp\/v2\/media?parent=1675"}],"wp:term":[{"taxonomy":"product_brand","embeddable":true,"href":"https:\/\/nightriderleds.com\/fr\/wp-json\/wp\/v2\/product_brand?post=1675"},{"taxonomy":"product_cat","embeddable":true,"href":"https:\/\/nightriderleds.com\/fr\/wp-json\/wp\/v2\/product_cat?post=1675"},{"taxonomy":"product_tag","embeddable":true,"href":"https:\/\/nightriderleds.com\/fr\/wp-json\/wp\/v2\/product_tag?post=1675"}],"curies":[{"name":"wp","href":"https:\/\/api.w.org\/{rel}","templated":true}]}}