{"id":1614,"date":"2017-11-21T19:06:09","date_gmt":"2017-11-21T19:06:09","guid":{"rendered":"https:\/\/nightriderleds.com\/?post_type=product&#038;p=1614"},"modified":"2021-09-08T16:04:24","modified_gmt":"2021-09-08T23:04:24","slug":"large-single-screw-wiring-harness","status":"publish","type":"product","link":"https:\/\/nightriderleds.com\/fr\/products\/accessories\/wiring\/large-single-screw-wiring-harness\/","title":{"rendered":"Grand harnais de c\u00e2blage \u00e0 vis unique"},"content":{"rendered":"<p>&nbsp;<\/p>\n<div id=\"wpsecol-71c6b5a3-2a78-d4b7-9cf0-02dab0423b46\" class=\"csRow\">\n<div class=\"csColumnGap\" style=\"margin: 0; padding: 0; float: left; width: 0.11061946902654868%;\"><img decoding=\"async\" src=\"https:\/\/nightriderleds.com\/wp-content\/plugins\/wp-smart-editor\/plugins\/columns\/img\/1x1-pixel.png\" \/><\/div>\n<div class=\"csColumn\" style=\"margin: 0; padding: 0; float: left; width: 46.23893805309734%;\" data-posx0=\"0.11061946902654868\" data-posx1=\"46.46017699115044\" data-padding=\"5\" data-responsive=\"1\">\n<div style=\"padding: 5px;\">\n<div class=\"preview_text csColumn_text\">\n<h3 class=\"p1\">Grand harnais de c\u00e2blage \u00e0 vis unique<\/h3>\n<p><b>Harnais de c\u00e2blage complet avec un grand connecteur \u00e9tanche \u00e0 visser<\/b><\/p>\n<p class=\"p2\">Comprend : Interrupteur, relais, fusible et 228\u2033 (5,8m) de c\u00e2ble<\/p>\n<\/div>\n<\/div>\n<\/div>\n<div class=\"csColumnGap\" style=\"margin: 0; padding: 0; float: left; width: 1.7699115044247788%;\"><img decoding=\"async\" src=\"https:\/\/nightriderleds.com\/wp-content\/plugins\/wp-smart-editor\/plugins\/columns\/img\/1x1-pixel.png\" \/><\/div>\n<div class=\"csColumn\" style=\"margin: 0; padding: 0; float: left; width: 51.65929203539823%;\" data-posx0=\"48.23008849557522\" data-posx1=\"100\" data-padding=\"5\" data-responsive=\"1\">\n<div style=\"padding: 5px;\">\n<div class=\"preview_text csColumn_text\">\n<p><img fetchpriority=\"high\" decoding=\"async\" class=\"wp-image-5983 size-medium\" src=\"https:\/\/nightriderleds.com\/wp-content\/uploads\/2021\/09\/NWh1-L-w-Rocker-Switch-544x340.jpg\" alt=\"Complete Wiring Harness with Large Screw Plug\" width=\"544\" height=\"340\" srcset=\"https:\/\/nightriderleds.com\/wp-content\/uploads\/2021\/09\/NWh1-L-w-Rocker-Switch-544x340.jpg 544w, https:\/\/nightriderleds.com\/wp-content\/uploads\/2021\/09\/NWh1-L-w-Rocker-Switch-195x122.jpg 195w, https:\/\/nightriderleds.com\/wp-content\/uploads\/2021\/09\/NWh1-L-w-Rocker-Switch-768x480.jpg 768w, https:\/\/nightriderleds.com\/wp-content\/uploads\/2021\/09\/NWh1-L-w-Rocker-Switch.jpg 1088w\" sizes=\"(max-width: 544px) 100vw, 544px\" \/><\/p>\n<\/div>\n<\/div>\n<\/div>\n<div class=\"csColumnGap\" style=\"margin: 0; padding: 0; float: left; width: 0.22123893805310502%;\"><img decoding=\"async\" src=\"https:\/\/nightriderleds.com\/wp-content\/plugins\/wp-smart-editor\/plugins\/columns\/img\/1x1-pixel.png\" \/><\/div>\n<div style=\"clear: both; float: none; display: block; visibility: hidden; width: 0; font-size: 0; line-height: 0;\"><\/div>\n<\/div>\n<p>&nbsp;<\/p>\n<div id=\"style-wpsecol-71c6b5a3-2a78-d4b7-9cf0-02dab0423b46\">\n<style><!-- @media (max-width: 768px) { #wpsecol-71c6b5a3-2a78-d4b7-9cf0-02dab0423b46 .csColumn { display: block; width: 100% !important; } #wpsecol-71c6b5a3-2a78-d4b7-9cf0-02dab0423b46 .csColumnGap { display: none; } } --><\/style>\n<\/div>","protected":false},"excerpt":{"rendered":"<p><b>Harnais de c\u00e2blage complet avec un grand connecteur \u00e9tanche \u00e0 visser<\/b>.<\/p>\n<p>&nbsp;<\/p>\n<p>&nbsp;<\/p>","protected":false},"featured_media":5983,"template":"","meta":[],"product_brand":[],"product_cat":[129,15,131],"product_tag":[160,648,652,161,647],"class_list":{"0":"post-1614","1":"product","2":"type-product","3":"status-publish","4":"has-post-thumbnail","6":"product_cat-accessories","7":"product_cat-automotive-equipment","8":"product_cat-wiring","9":"product_tag-automotive","10":"product_tag-harness","11":"product_tag-large-screw-plug","12":"product_tag-leds","13":"product_tag-wiring","15":"first","16":"instock","17":"shipping-taxable","18":"product-type-simple"},"_links":{"self":[{"href":"https:\/\/nightriderleds.com\/fr\/wp-json\/wp\/v2\/product\/1614","targetHints":{"allow":["GET"]}}],"collection":[{"href":"https:\/\/nightriderleds.com\/fr\/wp-json\/wp\/v2\/product"}],"about":[{"href":"https:\/\/nightriderleds.com\/fr\/wp-json\/wp\/v2\/types\/product"}],"wp:featuredmedia":[{"embeddable":true,"href":"https:\/\/nightriderleds.com\/fr\/wp-json\/wp\/v2\/media\/5983"}],"wp:attachment":[{"href":"https:\/\/nightriderleds.com\/fr\/wp-json\/wp\/v2\/media?parent=1614"}],"wp:term":[{"taxonomy":"product_brand","embeddable":true,"href":"https:\/\/nightriderleds.com\/fr\/wp-json\/wp\/v2\/product_brand?post=1614"},{"taxonomy":"product_cat","embeddable":true,"href":"https:\/\/nightriderleds.com\/fr\/wp-json\/wp\/v2\/product_cat?post=1614"},{"taxonomy":"product_tag","embeddable":true,"href":"https:\/\/nightriderleds.com\/fr\/wp-json\/wp\/v2\/product_tag?post=1614"}],"curies":[{"name":"wp","href":"https:\/\/api.w.org\/{rel}","templated":true}]}}