{"id":1556,"date":"2017-11-21T16:37:20","date_gmt":"2017-11-21T16:37:20","guid":{"rendered":"https:\/\/nightriderleds.com\/?post_type=product&#038;p=1556"},"modified":"2017-12-29T20:56:23","modified_gmt":"2017-12-29T20:56:23","slug":"7-round-led-light-cover","status":"publish","type":"product","link":"https:\/\/nightriderleds.com\/fr\/products\/accessories\/lens-covers\/7-round-led-light-cover\/","title":{"rendered":"Couvercle de lumi\u00e8re LED rond 7\u2033"},"content":{"rendered":"<div id=\"wpsecol-7bfb37af-4d27-a8d4-c915-fcdcef66639f\" class=\"csRow\">\n<div class=\"csColumnGap\" style=\"margin: 0; padding: 0; float: left; width: 0%;\"><img decoding=\"async\" src=\"https:\/\/nightriderleds.com\/wp-content\/plugins\/wp-smart-editor\/plugins\/columns\/img\/1x1-pixel.png\" \/><\/div>\n<div class=\"csColumn\" style=\"margin: 0; padding: 0; float: left; width: 46.349557522123895%;\" data-posx0=\"0\" data-posx1=\"46.46017699115044\" data-padding=\"5\" data-responsive=\"1\">\n<div style=\"padding: 5px;\">\n<div class=\"preview_text csColumn_text\">\n<h2>7\u2033 Round Light Cover<\/h2>\n<h4>Prot\u00e9gez votre investissement<\/h4>\n<\/div>\n<p>Con\u00e7u pour votre N2480 et votre N2448EM 7\u2033 Round LED Light.<\/p>\n<div class=\"preview_text csColumn_text\">\n<p>Les couvertures transparentes sont con\u00e7ues pour transmettre 99,9% de lumi\u00e8re visible.<\/p>\n<p>Les couvertures orange et bleue sont utilis\u00e9es en cas d'intemp\u00e9ries telles que la neige, le gr\u00e9sil, la gr\u00eale, la pluie et le brouillard. \u00a0<\/p>\n<p>Les caches noirs prot\u00e8gent non seulement votre lentille, mais sont \u00e9galement exig\u00e9s par la loi dans la plupart des juridictions lorsque vous conduisez sur l'autoroute avec les feux NightRider\u2122 LEDS Off-Road.<\/p>\n<h3><span style=\"font-size: 14px;\">Remarque : utilisez UNIQUEMENT les housses NOIRES et CLAIRES pour vos feux de signalisation.<\/span><\/h3>\n<p>&nbsp;<\/p>\n<\/div>\n<\/div>\n<\/div>\n<div class=\"csColumnGap\" style=\"margin: 0; padding: 0; float: left; width: 0.33185840707964603%;\"><img decoding=\"async\" src=\"https:\/\/nightriderleds.com\/wp-content\/plugins\/wp-smart-editor\/plugins\/columns\/img\/1x1-pixel.png\" \/><\/div>\n<div class=\"csColumn\" style=\"margin: 0; padding: 0; float: left; width: 52.98672566371682%;\" data-posx0=\"46.792035398230084\" data-posx1=\"99.88938053097345\" data-padding=\"5\" data-responsive=\"1\">\n<div style=\"padding: 5px;\">\n<div class=\"preview_text csColumn_text\">\n<p><img fetchpriority=\"high\" decoding=\"async\" class=\"alignnone size-medium wp-image-1562\" src=\"https:\/\/nightriderleds.com\/wp-content\/uploads\/2017\/11\/7_-Round-Covers-Assortment-1088x680-544x340.jpg\" alt=\"\" width=\"544\" height=\"340\" srcset=\"https:\/\/nightriderleds.com\/wp-content\/uploads\/2017\/11\/7_-Round-Covers-Assortment-1088x680-544x340.jpg 544w, https:\/\/nightriderleds.com\/wp-content\/uploads\/2017\/11\/7_-Round-Covers-Assortment-1088x680.jpg 1088w, https:\/\/nightriderleds.com\/wp-content\/uploads\/2017\/11\/7_-Round-Covers-Assortment-1088x680-195x122.jpg 195w, https:\/\/nightriderleds.com\/wp-content\/uploads\/2017\/11\/7_-Round-Covers-Assortment-1088x680-768x480.jpg 768w, https:\/\/nightriderleds.com\/wp-content\/uploads\/2017\/11\/7_-Round-Covers-Assortment-1088x680-680x425.jpg 680w, https:\/\/nightriderleds.com\/wp-content\/uploads\/2017\/11\/7_-Round-Covers-Assortment-1088x680-272x170.jpg 272w\" sizes=\"(max-width: 544px) 100vw, 544px\" \/><\/p>\n<\/div>\n<\/div>\n<\/div>\n<div class=\"csColumnGap\" style=\"margin: 0; padding: 0; float: left; width: 0.3318584070796362%;\"><img decoding=\"async\" src=\"https:\/\/nightriderleds.com\/wp-content\/plugins\/wp-smart-editor\/plugins\/columns\/img\/1x1-pixel.png\" \/><\/div>\n<div style=\"clear: both; float: none; display: block; visibility: hidden; width: 0; font-size: 0; line-height: 0;\">\u00a0<\/div>\n<\/div>\n<h3>\u00a0<\/h3>\n<div id=\"style-wpsecol-7bfb37af-4d27-a8d4-c915-fcdcef66639f\">\n<style><!--\n@media (max-width: 768px) {\n    #wpsecol-7bfb37af-4d27-a8d4-c915-fcdcef66639f .csColumn {\n        display: block;\n        width: 100% !important;\n    }\n    #wpsecol-7bfb37af-4d27-a8d4-c915-fcdcef66639f .csColumnGap {\n        display: none;\n    }\n}\n--><\/style>\n<\/div>","protected":false},"excerpt":{"rendered":"<p>Prot\u00e8ge votre lampe LED ronde de 7\u2033.<\/p>\n<p>Utilisez des caches noirs sur vos feux tout-terrain (N2480) lorsque vous roulez sur l'autoroute afin d'\u00e9viter les amendes. Prot\u00e9gez vos feux de route l\u00e9gaux avec un couvercle transparent.<\/p>\n<p>&nbsp;<\/p>\n<p>&nbsp;<\/p>","protected":false},"featured_media":1562,"template":"","meta":[],"product_brand":[],"product_cat":[129,132],"product_tag":[628,554,161,629,627],"class_list":{"0":"post-1556","1":"product","2":"type-product","3":"status-publish","4":"has-post-thumbnail","6":"product_cat-accessories","7":"product_cat-lens-covers","8":"product_tag-7-round-cover","9":"product_tag-covers","10":"product_tag-leds","11":"product_tag-n2448em","12":"product_tag-n2480","14":"first","15":"instock","16":"shipping-taxable","17":"product-type-variable"},"_links":{"self":[{"href":"https:\/\/nightriderleds.com\/fr\/wp-json\/wp\/v2\/product\/1556","targetHints":{"allow":["GET"]}}],"collection":[{"href":"https:\/\/nightriderleds.com\/fr\/wp-json\/wp\/v2\/product"}],"about":[{"href":"https:\/\/nightriderleds.com\/fr\/wp-json\/wp\/v2\/types\/product"}],"wp:featuredmedia":[{"embeddable":true,"href":"https:\/\/nightriderleds.com\/fr\/wp-json\/wp\/v2\/media\/1562"}],"wp:attachment":[{"href":"https:\/\/nightriderleds.com\/fr\/wp-json\/wp\/v2\/media?parent=1556"}],"wp:term":[{"taxonomy":"product_brand","embeddable":true,"href":"https:\/\/nightriderleds.com\/fr\/wp-json\/wp\/v2\/product_brand?post=1556"},{"taxonomy":"product_cat","embeddable":true,"href":"https:\/\/nightriderleds.com\/fr\/wp-json\/wp\/v2\/product_cat?post=1556"},{"taxonomy":"product_tag","embeddable":true,"href":"https:\/\/nightriderleds.com\/fr\/wp-json\/wp\/v2\/product_tag?post=1556"}],"curies":[{"name":"wp","href":"https:\/\/api.w.org\/{rel}","templated":true}]}}