{"id":1535,"date":"2020-11-20T20:55:49","date_gmt":"2020-11-21T04:55:49","guid":{"rendered":"https:\/\/nightriderleds.com\/?post_type=product&#038;p=1535"},"modified":"2026-04-15T08:13:24","modified_gmt":"2026-04-15T15:13:24","slug":"nightfire-900xc","status":"publish","type":"product","link":"https:\/\/nightriderleds.com\/fr\/products\/portable-lighting\/flashlights-headlamps\/nightfire-900xc\/","title":{"rendered":"NightFire 900XC"},"content":{"rendered":"<div id=\"wpsecol-7bfb37af-4d27-a8d4-c915-fcdcef66639f\" class=\"csRow\">\n<div class=\"csColumnGap\" style=\"margin: 0; padding: 0; float: left; width: 0%;\"><img decoding=\"async\" src=\"https:\/\/nightriderleds.com\/wp-content\/plugins\/wp-smart-editor\/plugins\/columns\/img\/1x1-pixel.png\" \/><\/div>\n<div class=\"csColumn\" style=\"margin: 0; padding: 0; float: left; width: 46.349557522123895%;\" data-posx0=\"0\" data-posx1=\"46.46017699115044\" data-padding=\"5\" data-responsive=\"1\">\n<div style=\"padding: 5px;\">\n<div class=\"preview_text csColumn_text\">\n<h3>Lampe torche NightFire\u2122 900XC<\/h3>\n<h4>Ext\u00e9rieur robuste avec un rendement lumineux \u00e9lev\u00e9<\/h4>\n<p>La lampe torche NightFire\u2122 900XC est fabriqu\u00e9e en aluminium de qualit\u00e9 a\u00e9ronautique, \u00e9clairant la t\u00e2che de votre choix, quel que soit l'environnement hostile. Le faisceau porte jusqu'\u00e0 500m.<\/p>\n<p>Fourni avec un faisceau doux \u00e0 5 modes : Max, Med, Bas, Stroboscope et SOS.<\/p>\n<p>La lampe torche est livr\u00e9e avec une batterie rechargeable, un chargeur et un adaptateur chargeur 12V.<\/p>\n<\/div>\n<p>Remarque : cette lampe de poche utilise une batterie Li-ion 18650 haute puissance. NightRider\u2122 LEDS n'est pas responsable de l'utilisation de ces batteries et ne sera pas responsable des dommages ou blessures r\u00e9sultant de l'utilisation de ce produit. <em>Utilisation \u00e0 vos risques et p\u00e9rils.<\/em><\/p>\n<div class=\"preview_text csColumn_text\">\n<p>&nbsp;<\/p>\n<\/div>\n<\/div>\n<\/div>\n<div class=\"csColumnGap\" style=\"margin: 0; padding: 0; float: left; width: 0.33185840707964603%;\"><img decoding=\"async\" src=\"https:\/\/nightriderleds.com\/wp-content\/plugins\/wp-smart-editor\/plugins\/columns\/img\/1x1-pixel.png\" \/><\/div>\n<div class=\"csColumn\" style=\"margin: 0; padding: 0; float: left; width: 52.98672566371682%;\" data-posx0=\"46.792035398230084\" data-posx1=\"99.88938053097345\" data-padding=\"5\" data-responsive=\"1\">\n<div style=\"padding: 5px;\">\n<div class=\"preview_text csColumn_text\">\n<p><img fetchpriority=\"high\" decoding=\"async\" class=\"alignnone size-medium wp-image-1143\" src=\"https:\/\/nightriderleds.com\/wp-content\/uploads\/2017\/11\/Large-Flashlight-IMG-1088x680-544x340.jpg\" alt=\"\" width=\"544\" height=\"340\" srcset=\"https:\/\/nightriderleds.com\/wp-content\/uploads\/2017\/11\/Large-Flashlight-IMG-1088x680-544x340.jpg 544w, https:\/\/nightriderleds.com\/wp-content\/uploads\/2017\/11\/Large-Flashlight-IMG-1088x680.jpg 1088w, https:\/\/nightriderleds.com\/wp-content\/uploads\/2017\/11\/Large-Flashlight-IMG-1088x680-195x122.jpg 195w, https:\/\/nightriderleds.com\/wp-content\/uploads\/2017\/11\/Large-Flashlight-IMG-1088x680-768x480.jpg 768w, https:\/\/nightriderleds.com\/wp-content\/uploads\/2017\/11\/Large-Flashlight-IMG-1088x680-680x425.jpg 680w, https:\/\/nightriderleds.com\/wp-content\/uploads\/2017\/11\/Large-Flashlight-IMG-1088x680-272x170.jpg 272w\" sizes=\"(max-width: 544px) 100vw, 544px\" \/><\/p>\n<\/div>\n<\/div>\n<\/div>\n<div class=\"csColumnGap\" style=\"margin: 0; padding: 0; float: left; width: 0.3318584070796362%;\"><img decoding=\"async\" src=\"https:\/\/nightriderleds.com\/wp-content\/plugins\/wp-smart-editor\/plugins\/columns\/img\/1x1-pixel.png\" \/><\/div>\n<div style=\"clear: both; float: none; display: block; visibility: hidden; width: 0; font-size: 0; line-height: 0;\"><\/div>\n<\/div>\n<h3><\/h3>\n<div id=\"style-wpsecol-7bfb37af-4d27-a8d4-c915-fcdcef66639f\">\n<style><!-- @media (max-width: 768px) { #wpsecol-7bfb37af-4d27-a8d4-c915-fcdcef66639f .csColumn { display: block; width: 100% !important; } #wpsecol-7bfb37af-4d27-a8d4-c915-fcdcef66639f .csColumnGap { display: none; } } --><\/style>\n<\/div>","protected":false},"excerpt":{"rendered":"<p>Une lampe de poche robuste et compacte avec chargeur et batterie rechargeable \u2013 pr\u00eate pour toutes les t\u00e2ches dont vous aurez besoin.<\/p>\n<p>100% \u00c9tanche jusqu'\u00e0 1m de submersion.<\/p>\n<p><a href=\"https:\/\/nightriderleds.com\/wp-content\/uploads\/2024\/11\/Website-User-Guide-for-NF900-NF900XC-NFPZ1000.pdf\" target=\"_blank\" rel=\"noopener\">T\u00e9l\u00e9charger le guide de l'utilisateur<\/a><\/p>\n<p class=\"p1\"><a href=\"https:\/\/nightriderleds.com\/wp-content\/uploads\/2026\/03\/Website-User-Guide-for-NF900-NF900XC-NFPZ1000-FRENCH.pdf\" target=\"_blank\" rel=\"noopener\">T\u00e9l\u00e9charger le guide d\u2019installation (fran\u00e7ais)<\/a><\/p>\n<p>&nbsp;<\/p>","protected":false},"featured_media":1159,"template":"","meta":[],"product_brand":[],"product_cat":[1232,1231],"product_tag":[543,741,161,544],"class_list":{"0":"post-1535","1":"product","2":"type-product","3":"status-publish","4":"has-post-thumbnail","6":"product_cat-flashlights-headlamps","7":"product_cat-portable-lighting","8":"product_tag-flashlight","9":"product_tag-flashlights","10":"product_tag-leds","11":"product_tag-nightfire","13":"first","14":"instock","15":"shipping-taxable","16":"product-type-simple"},"_links":{"self":[{"href":"https:\/\/nightriderleds.com\/fr\/wp-json\/wp\/v2\/product\/1535","targetHints":{"allow":["GET"]}}],"collection":[{"href":"https:\/\/nightriderleds.com\/fr\/wp-json\/wp\/v2\/product"}],"about":[{"href":"https:\/\/nightriderleds.com\/fr\/wp-json\/wp\/v2\/types\/product"}],"wp:featuredmedia":[{"embeddable":true,"href":"https:\/\/nightriderleds.com\/fr\/wp-json\/wp\/v2\/media\/1159"}],"wp:attachment":[{"href":"https:\/\/nightriderleds.com\/fr\/wp-json\/wp\/v2\/media?parent=1535"}],"wp:term":[{"taxonomy":"product_brand","embeddable":true,"href":"https:\/\/nightriderleds.com\/fr\/wp-json\/wp\/v2\/product_brand?post=1535"},{"taxonomy":"product_cat","embeddable":true,"href":"https:\/\/nightriderleds.com\/fr\/wp-json\/wp\/v2\/product_cat?post=1535"},{"taxonomy":"product_tag","embeddable":true,"href":"https:\/\/nightriderleds.com\/fr\/wp-json\/wp\/v2\/product_tag?post=1535"}],"curies":[{"name":"wp","href":"https:\/\/api.w.org\/{rel}","templated":true}]}}