{"id":1096,"date":"2017-11-15T19:14:11","date_gmt":"2017-11-15T19:14:11","guid":{"rendered":"https:\/\/nightriderleds.com\/?post_type=product&#038;p=1096"},"modified":"2023-11-29T17:47:00","modified_gmt":"2023-11-30T01:47:00","slug":"80w-wall-pack-flood","status":"publish","type":"product","link":"https:\/\/nightriderleds.com\/fr\/products\/commercial\/wall-pack\/wall-pack-flood\/80w-wall-pack-flood\/","title":{"rendered":"Bo\u00eetier mural 80W - Flood"},"content":{"rendered":"<div id=\"wpsecol-7bfb37af-4d27-a8d4-c915-fcdcef66639f\" class=\"csRow\">\n<div class=\"csColumnGap\" style=\"margin: 0; padding: 0; float: left; width: 0%;\"><img decoding=\"async\" src=\"https:\/\/nightriderleds.com\/wp-content\/plugins\/wp-smart-editor\/plugins\/columns\/img\/1x1-pixel.png\" \/><\/div>\n<div class=\"csColumn\" style=\"margin: 0; padding: 0; float: left; width: 46.349557522123895%;\" data-posx0=\"0\" data-posx1=\"46.46017699115044\" data-padding=\"5\" data-responsive=\"1\">\n<div style=\"padding: 5px;\">\n<div class=\"preview_text csColumn_text\">\n<h3>LED Wall Pack<\/h3>\n<h4>Parfait pour les murs ext\u00e9rieurs des b\u00e2timents commerciaux, des parkings, des garages, des h\u00f4tels et autres lieux publics.<\/h4>\n<p>Ces lampes n\u00e9cessitent tr\u00e8s peu d'entretien, ont une longue dur\u00e9e de vie et consomment peu d'\u00e9nergie.<\/p>\n<p>D\u00e9sormais \u00e9quip\u00e9 d'une cellule photo\u00e9lectrique pour un \u00e9clairage cr\u00e9pusculaire pratique.<\/p>\n<p>Les lampes sont certifi\u00e9es UL, cUL, DLC, CE, PSE et RoHS et b\u00e9n\u00e9ficient d'une garantie de 5 ans.<\/p>\n<p>&nbsp;<\/p>\n<\/div>\n<\/div>\n<\/div>\n<div class=\"csColumnGap\" style=\"margin: 0; padding: 0; float: left; width: 0.33185840707964603%;\"><img decoding=\"async\" src=\"https:\/\/nightriderleds.com\/wp-content\/plugins\/wp-smart-editor\/plugins\/columns\/img\/1x1-pixel.png\" \/><\/div>\n<div class=\"csColumn\" style=\"margin: 0; padding: 0; float: left; width: 52.98672566371682%;\" data-posx0=\"46.792035398230084\" data-posx1=\"99.88938053097345\" data-padding=\"5\" data-responsive=\"1\">\n<div style=\"padding: 5px;\">\n<div class=\"preview_text csColumn_text\">\n<p><img fetchpriority=\"high\" decoding=\"async\" class=\"alignnone size-medium wp-image-1097\" src=\"https:\/\/nightriderleds.com\/wp-content\/uploads\/2017\/11\/Wall-Pack-IMG-1088x680-544x340.jpg\" alt=\"\" width=\"544\" height=\"340\" srcset=\"https:\/\/nightriderleds.com\/wp-content\/uploads\/2017\/11\/Wall-Pack-IMG-1088x680-544x340.jpg 544w, https:\/\/nightriderleds.com\/wp-content\/uploads\/2017\/11\/Wall-Pack-IMG-1088x680.jpg 1088w, https:\/\/nightriderleds.com\/wp-content\/uploads\/2017\/11\/Wall-Pack-IMG-1088x680-195x122.jpg 195w, https:\/\/nightriderleds.com\/wp-content\/uploads\/2017\/11\/Wall-Pack-IMG-1088x680-768x480.jpg 768w, https:\/\/nightriderleds.com\/wp-content\/uploads\/2017\/11\/Wall-Pack-IMG-1088x680-680x425.jpg 680w, https:\/\/nightriderleds.com\/wp-content\/uploads\/2017\/11\/Wall-Pack-IMG-1088x680-272x170.jpg 272w\" sizes=\"(max-width: 544px) 100vw, 544px\" \/><\/p>\n<\/div>\n<\/div>\n<\/div>\n<div class=\"csColumnGap\" style=\"margin: 0; padding: 0; float: left; width: 0.3318584070796362%;\"><img decoding=\"async\" src=\"https:\/\/nightriderleds.com\/wp-content\/plugins\/wp-smart-editor\/plugins\/columns\/img\/1x1-pixel.png\" \/><\/div>\n<div style=\"clear: both; float: none; display: block; visibility: hidden; width: 0; font-size: 0; line-height: 0;\"><\/div>\n<\/div>\n<h3><\/h3>\n<div id=\"style-wpsecol-7bfb37af-4d27-a8d4-c915-fcdcef66639f\">\n<style><!-- @media (max-width: 768px) { #wpsecol-7bfb37af-4d27-a8d4-c915-fcdcef66639f .csColumn { display: block; width: 100% !important; } #wpsecol-7bfb37af-4d27-a8d4-c915-fcdcef66639f .csColumnGap { display: none; } } --><\/style>\n<\/div>","protected":false},"excerpt":{"rendered":"<p>Peu d'entretien, faible consommation d'\u00e9nergie, longue dur\u00e9e de vie, rendement lumineux \u00e9lev\u00e9.<\/p>\n<p>D\u00e9sormais \u00e9quip\u00e9 d'une cellule photo\u00e9lectrique pour un \u00e9clairage cr\u00e9pusculaire pratique.<\/p>\n<p>80W \/ 11 500 Lumens<\/p>\n<p>&nbsp;<\/p>\n<p>&nbsp;<\/p>","protected":false},"featured_media":3240,"template":"","meta":[],"product_brand":[],"product_cat":[134,929,138],"product_tag":[931,348,161,172,932,510,511,930],"class_list":{"0":"post-1096","1":"product","2":"type-product","3":"status-publish","4":"has-post-thumbnail","6":"product_cat-commercial","7":"product_cat-wall-pack-flood","8":"product_cat-wall-pack","9":"product_tag-area-light","10":"product_tag-flood","11":"product_tag-leds","12":"product_tag-commercial","13":"product_tag-perimeter-light","14":"product_tag-wall-pack","15":"product_tag-wallpack","16":"product_tag-yard-light","18":"first","19":"instock","20":"shipping-taxable","21":"product-type-simple"},"_links":{"self":[{"href":"https:\/\/nightriderleds.com\/fr\/wp-json\/wp\/v2\/product\/1096","targetHints":{"allow":["GET"]}}],"collection":[{"href":"https:\/\/nightriderleds.com\/fr\/wp-json\/wp\/v2\/product"}],"about":[{"href":"https:\/\/nightriderleds.com\/fr\/wp-json\/wp\/v2\/types\/product"}],"wp:featuredmedia":[{"embeddable":true,"href":"https:\/\/nightriderleds.com\/fr\/wp-json\/wp\/v2\/media\/3240"}],"wp:attachment":[{"href":"https:\/\/nightriderleds.com\/fr\/wp-json\/wp\/v2\/media?parent=1096"}],"wp:term":[{"taxonomy":"product_brand","embeddable":true,"href":"https:\/\/nightriderleds.com\/fr\/wp-json\/wp\/v2\/product_brand?post=1096"},{"taxonomy":"product_cat","embeddable":true,"href":"https:\/\/nightriderleds.com\/fr\/wp-json\/wp\/v2\/product_cat?post=1096"},{"taxonomy":"product_tag","embeddable":true,"href":"https:\/\/nightriderleds.com\/fr\/wp-json\/wp\/v2\/product_tag?post=1096"}],"curies":[{"name":"wp","href":"https:\/\/api.w.org\/{rel}","templated":true}]}}