{"id":1023,"date":"2017-11-14T18:45:30","date_gmt":"2017-11-14T18:45:30","guid":{"rendered":"https:\/\/nightriderleds.com\/?post_type=product&#038;p=1023"},"modified":"2026-04-07T11:49:57","modified_gmt":"2026-04-07T18:49:57","slug":"universal-4x6-headlamp","status":"publish","type":"product","link":"https:\/\/nightriderleds.com\/fr\/products\/automotive-equipment\/economy\/universal-4x6-headlamp\/","title":{"rendered":"Lampe frontale 4\u2033x6\u2033 universelle"},"content":{"rendered":"<div id=\"wpsecol-7bfb37af-4d27-a8d4-c915-fcdcef66639f\" class=\"csRow\">\n<div class=\"csColumnGap\" style=\"margin: 0; padding: 0; float: left; width: 0%;\"><img decoding=\"async\" src=\"https:\/\/nightriderleds.com\/wp-content\/plugins\/wp-smart-editor\/plugins\/columns\/img\/1x1-pixel.png\" \/><\/div>\n<div class=\"csColumn\" style=\"margin: 0; padding: 0; float: left; width: 46.349557522123895%;\" data-posx0=\"0\" data-posx1=\"46.46017699115044\" data-padding=\"5\" data-responsive=\"1\">\n<div style=\"padding: 5px;\">\n<h3>Lampes \u00e9conomiques<\/h3>\n<h6 class=\"preview_text csColumn_text\"><span style=\"font-size: 18px;\"><em>Une utilit\u00e9 maximale, une efficacit\u00e9 incroyable<\/em><\/span><\/h6>\n<p>Id\u00e9ales pour l'\u00e9quipement, ces lampes sont d'un prix modeste mais d'une grande puissance lumineuse. R\u00e9pond \u00e0 la norme IP67.<\/p>\n<p>Sans le support de montage, cette lampe s'adapte universellement aux applications de phares scell\u00e9s suivantes : H4651 \/ H4652 \/ H4666 (non homologu\u00e9 DOT)<\/p>\n<p>&nbsp;<\/p>\n<p>&nbsp;<\/p>\n<p>Cette lumi\u00e8re est livr\u00e9e avec un support de montage en surface robuste pour des options de montage illimit\u00e9es et un connecteur universel \u00e0 3 broches H4 \u00e0 faisceau feux de route\/feux de croisement pour une installation facile.<\/p>\n<\/div>\n<\/div>\n<div class=\"csColumnGap\" style=\"margin: 0; padding: 0; float: left; width: 0.33185840707964603%;\"><img decoding=\"async\" src=\"https:\/\/nightriderleds.com\/wp-content\/plugins\/wp-smart-editor\/plugins\/columns\/img\/1x1-pixel.png\" \/><\/div>\n<div class=\"csColumn\" style=\"margin: 0; padding: 0; float: left; width: 52.98672566371682%;\" data-posx0=\"46.792035398230084\" data-posx1=\"99.88938053097345\" data-padding=\"5\" data-responsive=\"1\">\n<div style=\"padding: 5px;\">\n<div class=\"preview_text csColumn_text\">\n<p><img fetchpriority=\"high\" decoding=\"async\" class=\"alignnone size-medium wp-image-798\" src=\"https:\/\/nightriderleds.com\/wp-content\/uploads\/2017\/11\/Grader-Econo-Image-1088x680-544x340.jpg\" alt=\"\" width=\"544\" height=\"340\" srcset=\"https:\/\/nightriderleds.com\/wp-content\/uploads\/2017\/11\/Grader-Econo-Image-1088x680-544x340.jpg 544w, https:\/\/nightriderleds.com\/wp-content\/uploads\/2017\/11\/Grader-Econo-Image-1088x680.jpg 1088w, https:\/\/nightriderleds.com\/wp-content\/uploads\/2017\/11\/Grader-Econo-Image-1088x680-195x122.jpg 195w, https:\/\/nightriderleds.com\/wp-content\/uploads\/2017\/11\/Grader-Econo-Image-1088x680-768x480.jpg 768w, https:\/\/nightriderleds.com\/wp-content\/uploads\/2017\/11\/Grader-Econo-Image-1088x680-680x425.jpg 680w, https:\/\/nightriderleds.com\/wp-content\/uploads\/2017\/11\/Grader-Econo-Image-1088x680-272x170.jpg 272w\" sizes=\"(max-width: 544px) 100vw, 544px\" \/><\/p>\n<\/div>\n<\/div>\n<\/div>\n<div class=\"csColumnGap\" style=\"margin: 0; padding: 0; float: left; width: 0.3318584070796362%;\"><img decoding=\"async\" src=\"https:\/\/nightriderleds.com\/wp-content\/plugins\/wp-smart-editor\/plugins\/columns\/img\/1x1-pixel.png\" \/><\/div>\n<div style=\"clear: both; float: none; display: block; visibility: hidden; width: 0; font-size: 0; line-height: 0;\"><\/div>\n<\/div>\n<h3><\/h3>\n<div id=\"style-wpsecol-7bfb37af-4d27-a8d4-c915-fcdcef66639f\">\n<style><!-- @media (max-width: 768px) { #wpsecol-7bfb37af-4d27-a8d4-c915-fcdcef66639f .csColumn { display: block; width: 100% !important; } #wpsecol-7bfb37af-4d27-a8d4-c915-fcdcef66639f .csColumnGap { display: none; } } --><\/style>\n<\/div>","protected":false},"excerpt":{"rendered":"<p>Tr\u00e8s polyvalent avec une fantastique puissance lumineuse sur feux de route et feux de croisement \u00e0 un prix tr\u00e8s abordable !<\/p>\n<p>26W \/ 2\u00a0850 lumens<\/p>\n<p><a href=\"https:\/\/nightriderleds.com\/wp-content\/uploads\/2024\/11\/N1545-Wiring-Instruction-Sheet-V2.pdf\" target=\"_blank\" rel=\"noopener\">Instructions de c\u00e2blage<\/a><\/p>\n<p><a href=\"https:\/\/nightriderleds.com\/wp-content\/uploads\/2026\/04\/N1545-Wiring-Instruction-Sheet-V2-FRENCH.pdf\" target=\"_blank\" rel=\"noopener\">Instructions de c\u00e2blage<\/a><\/p>\n<p>&nbsp;<\/p>\n<p>&nbsp;<\/p>\n<p>&nbsp;<\/p>","protected":false},"featured_media":531,"template":"","meta":[],"product_brand":[],"product_cat":[15,125],"product_tag":[160,414,445,161,418],"class_list":{"0":"post-1023","1":"product","2":"type-product","3":"status-publish","4":"has-post-thumbnail","6":"product_cat-automotive-equipment","7":"product_cat-economy","8":"product_tag-automotive","9":"product_tag-economy","10":"product_tag-headlamp","11":"product_tag-leds","12":"product_tag-square","14":"first","15":"instock","16":"shipping-taxable","17":"product-type-simple"},"_links":{"self":[{"href":"https:\/\/nightriderleds.com\/fr\/wp-json\/wp\/v2\/product\/1023","targetHints":{"allow":["GET"]}}],"collection":[{"href":"https:\/\/nightriderleds.com\/fr\/wp-json\/wp\/v2\/product"}],"about":[{"href":"https:\/\/nightriderleds.com\/fr\/wp-json\/wp\/v2\/types\/product"}],"wp:featuredmedia":[{"embeddable":true,"href":"https:\/\/nightriderleds.com\/fr\/wp-json\/wp\/v2\/media\/531"}],"wp:attachment":[{"href":"https:\/\/nightriderleds.com\/fr\/wp-json\/wp\/v2\/media?parent=1023"}],"wp:term":[{"taxonomy":"product_brand","embeddable":true,"href":"https:\/\/nightriderleds.com\/fr\/wp-json\/wp\/v2\/product_brand?post=1023"},{"taxonomy":"product_cat","embeddable":true,"href":"https:\/\/nightriderleds.com\/fr\/wp-json\/wp\/v2\/product_cat?post=1023"},{"taxonomy":"product_tag","embeddable":true,"href":"https:\/\/nightriderleds.com\/fr\/wp-json\/wp\/v2\/product_tag?post=1023"}],"curies":[{"name":"wp","href":"https:\/\/api.w.org\/{rel}","templated":true}]}}