{"id":1002,"date":"2017-11-14T17:39:03","date_gmt":"2017-11-14T17:39:03","guid":{"rendered":"https:\/\/nightriderleds.com\/?post_type=product&#038;p=1002"},"modified":"2026-03-26T15:46:05","modified_gmt":"2026-03-26T22:46:05","slug":"extreme-28-double-row-light-bar-copy","status":"publish","type":"product","link":"https:\/\/nightriderleds.com\/fr\/products\/automotive-equipment\/lightbars\/x-series\/2-row-extreme\/2-row-x-straight\/extreme-28-double-row-light-bar-copy\/","title":{"rendered":"Barre lumineuse double rang\u00e9e extr\u00eame 28\u2033"},"content":{"rendered":"<div id=\"wpsecol-24da1613-a7cb-d102-6425-df380fc39518\" class=\"csRow\">\n<div class=\"csColumnGap\" style=\"margin: 0; padding: 0; float: left; width: 0%;\"><img decoding=\"async\" src=\"https:\/\/nightriderleds.com\/wp-content\/plugins\/wp-smart-editor\/plugins\/columns\/img\/1x1-pixel.png\" \/><\/div>\n<div class=\"csColumn\" style=\"margin: 0; padding: 0; float: left; width: 46.46017699115044%;\" data-posx0=\"0\" data-posx1=\"46.570796460176986\" data-padding=\"5\" data-responsive=\"1\">\n<div style=\"padding: 5px;\">\n<div class=\"preview_text csColumn_text\">\n<h3>Intensit\u00e9 lumineuse extr\u00eame<\/h3>\n<h4>OSRAM LEDs NXS-R\u00e9flecteurs hyperboliques = Des r\u00e9sultats lumineux<\/h4>\n<p>Performance et fiabilit\u00e9 NightRider\u2122, construites avec des puces LED OSRAM allemandes sp\u00e9cialement con\u00e7ues \u00e0 haut lux.<\/p>\n<p>Ne restez pas dans l'obscurit\u00e9, allumez votre lampe !<\/p>\n<\/div>\n<\/div>\n<p class=\"p1\">Les barres lumineuses Extreme Series sont livr\u00e9es avec un kit de c\u00e2blage complet (fiche \u00e0 vis robuste, interrupteur de d\u00e9rivation, relais 40 A, fusible 30 A, porte-fusible et 20 pieds de fil), des supports de montage et de la quincaillerie en acier inoxydable.<\/p>\n<div style=\"padding: 5px;\"><\/div>\n<\/div>\n<div class=\"csColumnGap\" style=\"margin: 0; padding: 0; float: left; width: 0.33185840707964603%;\"><img decoding=\"async\" src=\"https:\/\/nightriderleds.com\/wp-content\/plugins\/wp-smart-editor\/plugins\/columns\/img\/1x1-pixel.png\" \/><\/div>\n<div class=\"csColumn\" style=\"margin: 0; padding: 0; float: left; width: 52.76548672566371%;\" data-posx0=\"46.902654867256636\" data-posx1=\"99.77876106194691\" data-padding=\"5\" data-responsive=\"1\">\n<div style=\"padding: 5px;\">\n<div class=\"preview_text csColumn_text\">\n<p>\u00a0<a href=\"https:\/\/nightriderleds.com\/wp-content\/uploads\/2017\/11\/NightRider-Jeep-Klo-Creek-Bridge.jpg\" target=\"_blank\" rel=\"noopener noreferrer\"><img fetchpriority=\"high\" decoding=\"async\" class=\"aligncenter wp-image-460\" src=\"https:\/\/nightriderleds.com\/wp-content\/uploads\/2017\/11\/NightRider-Jeep-Klo-Creek-Bridge-510x340.jpg\" width=\"380\" height=\"253\" srcset=\"https:\/\/nightriderleds.com\/wp-content\/uploads\/2017\/11\/NightRider-Jeep-Klo-Creek-Bridge-510x340.jpg 510w, https:\/\/nightriderleds.com\/wp-content\/uploads\/2017\/11\/NightRider-Jeep-Klo-Creek-Bridge-544x363.jpg 544w, https:\/\/nightriderleds.com\/wp-content\/uploads\/2017\/11\/NightRider-Jeep-Klo-Creek-Bridge-1088x725.jpg 1088w, https:\/\/nightriderleds.com\/wp-content\/uploads\/2017\/11\/NightRider-Jeep-Klo-Creek-Bridge-192x128.jpg 192w, https:\/\/nightriderleds.com\/wp-content\/uploads\/2017\/11\/NightRider-Jeep-Klo-Creek-Bridge-768x512.jpg 768w, https:\/\/nightriderleds.com\/wp-content\/uploads\/2017\/11\/NightRider-Jeep-Klo-Creek-Bridge-1020x680.jpg 1020w, https:\/\/nightriderleds.com\/wp-content\/uploads\/2017\/11\/NightRider-Jeep-Klo-Creek-Bridge-680x453.jpg 680w, https:\/\/nightriderleds.com\/wp-content\/uploads\/2017\/11\/NightRider-Jeep-Klo-Creek-Bridge-255x170.jpg 255w, https:\/\/nightriderleds.com\/wp-content\/uploads\/2017\/11\/NightRider-Jeep-Klo-Creek-Bridge.jpg 1616w\" sizes=\"(max-width: 380px) 100vw, 380px\" \/><\/a><\/p>\n<\/div>\n<\/div>\n<\/div>\n<div class=\"csColumnGap\" style=\"margin: 0; padding: 0; float: left; width: 0.44247787610621003%;\"><img decoding=\"async\" src=\"https:\/\/nightriderleds.com\/wp-content\/plugins\/wp-smart-editor\/plugins\/columns\/img\/1x1-pixel.png\" \/><\/div>\n<div style=\"clear: both; float: none; display: block; visibility: hidden; width: 0; font-size: 0; line-height: 0;\"><\/div>\n<\/div>\n<div id=\"style-wpsecol-24da1613-a7cb-d102-6425-df380fc39518\">\n<style><!-- @media (max-width: 768px) { #wpsecol-24da1613-a7cb-d102-6425-df380fc39518 .csColumn { display: block; width: 100% !important; } #wpsecol-24da1613-a7cb-d102-6425-df380fc39518 .csColumnGap { display: none; } } --><\/style>\n<\/div>","protected":false},"excerpt":{"rendered":"<h4>Intensit\u00e9 lumineuse extr\u00eame<\/h4>\n<p>L'association des LED OSRAM avec le r\u00e9flecteur hyperbolique avanc\u00e9 NXS augmente sensiblement la distance d'\u00e9clairage effective.<\/p>\n<p>156W \/ 14 040 lumens<\/p>","protected":false},"featured_media":510,"template":"","meta":[],"product_brand":[],"product_cat":[15,119,117,115,260],"product_tag":[399,160,388,169,161,22,171,168],"class_list":{"0":"post-1002","1":"product","2":"type-product","3":"status-publish","4":"has-post-thumbnail","6":"product_cat-automotive-equipment","7":"product_cat-2-row-x-straight","8":"product_cat-2-row-extreme","9":"product_cat-x-series","10":"product_cat-lightbars","11":"product_tag-28-inch","12":"product_tag-automotive","13":"product_tag-double-row","14":"product_tag-extreme","15":"product_tag-leds","16":"product_tag-light-bar","17":"product_tag-nightrider","18":"product_tag-osram","19":"pa_x-custom-809","21":"first","22":"instock","23":"shipping-taxable","24":"product-type-simple"},"_links":{"self":[{"href":"https:\/\/nightriderleds.com\/fr\/wp-json\/wp\/v2\/product\/1002","targetHints":{"allow":["GET"]}}],"collection":[{"href":"https:\/\/nightriderleds.com\/fr\/wp-json\/wp\/v2\/product"}],"about":[{"href":"https:\/\/nightriderleds.com\/fr\/wp-json\/wp\/v2\/types\/product"}],"wp:featuredmedia":[{"embeddable":true,"href":"https:\/\/nightriderleds.com\/fr\/wp-json\/wp\/v2\/media\/510"}],"wp:attachment":[{"href":"https:\/\/nightriderleds.com\/fr\/wp-json\/wp\/v2\/media?parent=1002"}],"wp:term":[{"taxonomy":"product_brand","embeddable":true,"href":"https:\/\/nightriderleds.com\/fr\/wp-json\/wp\/v2\/product_brand?post=1002"},{"taxonomy":"product_cat","embeddable":true,"href":"https:\/\/nightriderleds.com\/fr\/wp-json\/wp\/v2\/product_cat?post=1002"},{"taxonomy":"product_tag","embeddable":true,"href":"https:\/\/nightriderleds.com\/fr\/wp-json\/wp\/v2\/product_tag?post=1002"}],"curies":[{"name":"wp","href":"https:\/\/api.w.org\/{rel}","templated":true}]}}