{"id":10,"date":"2017-10-28T00:14:40","date_gmt":"2017-10-28T00:14:40","guid":{"rendered":"https:\/\/nightriderleds.com\/?product=import-placeholder-for-93"},"modified":"2026-03-26T16:18:18","modified_gmt":"2026-03-26T23:18:18","slug":"nightdriver-d20","status":"publish","type":"product","link":"https:\/\/nightriderleds.com\/fr\/products\/automotive-equipment\/street-legal\/ece-emark\/bars\/nightdriver-d20\/","title":{"rendered":"NightDriver D20 - 20\u2033 Barre lumineuse"},"content":{"rendered":"<div id=\"wpsecol-bc77f860-40ee-7d1d-a3b6-930381d4f3fc\" class=\"csRow\">\n<div class=\"csColumnGap\" style=\"margin: 0; padding: 0; float: left; width: 0%;\"><img decoding=\"async\" src=\"https:\/\/nightriderleds.com\/wp-content\/plugins\/wp-smart-editor\/plugins\/columns\/img\/1x1-pixel.png\" \/><\/div>\n<div class=\"csColumn\" style=\"margin: 0; padding: 0; float: left; width: 49.22566371681416%;\" data-posx0=\"0\" data-posx1=\"49.336283185840706\" data-padding=\"5\" data-responsive=\"1\">\n<div style=\"padding: 5px;\">\n<div class=\"preview_text csColumn_text\">\n<h3>Certifi\u00e9 ECE\/EMARK<\/h3>\n<h4>Pour des performances maximales dans la l\u00e9galit\u00e9<\/h4>\n<p>The NightDriver D20 (part id: N2120EM) is a street legal* ECE\/EMARK auxiliary 20&#8243; driving light bar.<\/p>\n<p>Your NightDriver D20 Auxiliary High Beam Driving Light Bar is of the highest standards and lighting performance allowed on the street*.<\/p>\n<p>Chaque feu est clairement marqu\u00e9 pour permettre aux forces de l'ordre et aux inspecteurs de v\u00e9hicules de l'identifier facilement pour assurer la conformit\u00e9.<\/p>\n<p>This light comes &#8216;Plug &amp; Play&#8217; ready with complete wiring harness, stainless steel mounting brackets, and hardware.<\/p>\n<p>&nbsp;<\/p>\n<\/div>\n<p><em>*V\u00e9rifiez toujours les r\u00e8gles et r\u00e9glementations r\u00e9gionales concernant l'utilisation de l'eau.<span class=\"Apple-converted-space\">\u00a0<\/span>l'utilisation de feux de route auxiliaires. NightRider\u2122 LEDS s'efforce de fournir<span class=\"Apple-converted-space\">\u00a0<\/span>les feux les plus s\u00fbrs et les plus l\u00e9gaux, mais ne peut \u00eatre tenu responsable des restrictions r\u00e9gionales, d'un montage, d'une vis\u00e9e ou d'un c\u00e2blage inad\u00e9quats.<\/em><\/p>\n<\/div>\n<\/div>\n<div class=\"csColumnGap\" style=\"margin: 0; padding: 0; float: left; width: 1.3274336283185841%;\"><img decoding=\"async\" src=\"https:\/\/nightriderleds.com\/wp-content\/plugins\/wp-smart-editor\/plugins\/columns\/img\/1x1-pixel.png\" \/><\/div>\n<div class=\"csColumn\" style=\"margin: 0; padding: 0; float: left; width: 49.22566371681416%;\" data-posx0=\"50.66371681415929\" data-posx1=\"100\" data-padding=\"5\" data-responsive=\"1\">\n<div style=\"padding: 5px;\">\n<div class=\"preview_text csColumn_text\">\n<p><img fetchpriority=\"high\" decoding=\"async\" class=\"size-medium wp-image-357\" src=\"https:\/\/nightriderleds.com\/wp-content\/uploads\/2017\/10\/Street-Legal-519x340.jpg\" alt=\"Street Legal\" width=\"519\" height=\"340\" srcset=\"https:\/\/nightriderleds.com\/wp-content\/uploads\/2017\/10\/Street-Legal-519x340.jpg 519w, https:\/\/nightriderleds.com\/wp-content\/uploads\/2017\/10\/Street-Legal-544x356.jpg 544w, https:\/\/nightriderleds.com\/wp-content\/uploads\/2017\/10\/Street-Legal-195x128.jpg 195w, https:\/\/nightriderleds.com\/wp-content\/uploads\/2017\/10\/Street-Legal-680x445.jpg 680w, https:\/\/nightriderleds.com\/wp-content\/uploads\/2017\/10\/Street-Legal-260x170.jpg 260w, https:\/\/nightriderleds.com\/wp-content\/uploads\/2017\/10\/Street-Legal-684x448.jpg 684w, https:\/\/nightriderleds.com\/wp-content\/uploads\/2017\/10\/Street-Legal-300x196.jpg 300w, https:\/\/nightriderleds.com\/wp-content\/uploads\/2017\/10\/Street-Legal-130x85.jpg 130w, https:\/\/nightriderleds.com\/wp-content\/uploads\/2017\/10\/Street-Legal.jpg 730w\" sizes=\"(max-width: 519px) 100vw, 519px\" \/><\/p>\n<\/div>\n<\/div>\n<\/div>\n<div class=\"csColumnGap\" style=\"margin: 0; padding: 0; float: left; width: 0.2212389380530908%;\"><img decoding=\"async\" src=\"https:\/\/nightriderleds.com\/wp-content\/plugins\/wp-smart-editor\/plugins\/columns\/img\/1x1-pixel.png\" \/><\/div>\n<\/div>\n<div id=\"style-wpsecol-bc77f860-40ee-7d1d-a3b6-930381d4f3fc\"><\/div>","protected":false},"excerpt":{"rendered":"<p>Better lighting makes driving at night safer and less stressful. Experience the difference a street legal* light bar will make!<\/p>\n<p>The NightDriver D20 (part id: N2120EM) is a street legal* ECE\/EMARK auxiliary 20&#8243; driving light bar.<\/p>\n<p>120W \/ 10 800 Lumens<\/p>\n<p><a href=\"https:\/\/nightriderleds.com\/wp-content\/uploads\/2024\/11\/General-Auxiliary-Lamp-install-Information-Rev-2024.pdf\" target=\"_blank\" rel=\"noopener\"><strong> T\u00e9l\u00e9charger le guide d'installation <\/strong><\/a><\/p>\n<div id=\"style-btn-66769921-3166-9ed3-51a1-34f756e1b6a4\">\n<style class=\"style-btn\"><!-- #btn-66769921-3166-9ed3-51a1-34f756e1b6a4 {font-size: 14px;color: #ffffff;background: #0e83cd;padding-left: 12px;padding-top: 6px;padding-right: 12px;padding-bottom: 6px;border-radius: 0px;-moz-border-radius: 0px;-webkit-border-radius: 0px;border-color: #357ebd;border-width: 1px;} #btn-66769921-3166-9ed3-51a1-34f756e1b6a4:hover {background: #1990f9;color: #ffffff;box-shadow: 3px 3px 3px 0px #bababa;-moz-box-shadow: 3px 3px 3px 0px #bababa;-webkit-box-shadow: 3px 3px 3px 0px #bababa;} --><\/style>\n<\/div>","protected":false},"featured_media":427,"template":"","meta":[],"product_brand":[],"product_cat":[15,1464,19,260,1498,18,677],"product_tag":[20,21,161,22,23,686],"class_list":{"0":"post-10","1":"product","2":"type-product","3":"status-publish","4":"has-post-thumbnail","6":"product_cat-automotive-equipment","7":"product_cat-bars","8":"product_cat-ece-emark","9":"product_cat-lightbars","10":"product_cat-single-row","11":"product_cat-street-legal","12":"product_cat-street-legal-bars","13":"product_tag-ece","14":"product_tag-emark","15":"product_tag-leds","16":"product_tag-light-bar","17":"product_tag-street-legal","18":"product_tag-street-legal-bar","20":"first","21":"instock","22":"shipping-taxable","23":"product-type-simple"},"_links":{"self":[{"href":"https:\/\/nightriderleds.com\/fr\/wp-json\/wp\/v2\/product\/10","targetHints":{"allow":["GET"]}}],"collection":[{"href":"https:\/\/nightriderleds.com\/fr\/wp-json\/wp\/v2\/product"}],"about":[{"href":"https:\/\/nightriderleds.com\/fr\/wp-json\/wp\/v2\/types\/product"}],"wp:featuredmedia":[{"embeddable":true,"href":"https:\/\/nightriderleds.com\/fr\/wp-json\/wp\/v2\/media\/427"}],"wp:attachment":[{"href":"https:\/\/nightriderleds.com\/fr\/wp-json\/wp\/v2\/media?parent=10"}],"wp:term":[{"taxonomy":"product_brand","embeddable":true,"href":"https:\/\/nightriderleds.com\/fr\/wp-json\/wp\/v2\/product_brand?post=10"},{"taxonomy":"product_cat","embeddable":true,"href":"https:\/\/nightriderleds.com\/fr\/wp-json\/wp\/v2\/product_cat?post=10"},{"taxonomy":"product_tag","embeddable":true,"href":"https:\/\/nightriderleds.com\/fr\/wp-json\/wp\/v2\/product_tag?post=10"}],"curies":[{"name":"wp","href":"https:\/\/api.w.org\/{rel}","templated":true}]}}